{"id":3257,"date":"2026-03-02T14:24:30","date_gmt":"2026-03-02T14:24:30","guid":{"rendered":"https:\/\/2025.umtt.fi\/?page_id=3257"},"modified":"2026-03-02T14:26:25","modified_gmt":"2026-03-02T14:26:25","slug":"laaja","status":"publish","type":"page","link":"https:\/\/2025.umtt.fi\/sv\/laaja\/","title":{"rendered":"Laaja"},"content":{"rendered":"<div data-elementor-type=\"wp-page\" data-elementor-id=\"3257\" class=\"elementor elementor-3257\">\n\t\t\t\t<div class=\"elementor-element elementor-element-7b7d18c1 e-flex e-con-boxed e-con e-parent\" data-id=\"7b7d18c1\" data-element_type=\"container\">\n\t\t\t\t\t<div class=\"e-con-inner\">\n\t\t\t\t<div class=\"elementor-element elementor-element-7ac50016 elementor-widget elementor-widget-text-editor\" data-id=\"7ac50016\" data-element_type=\"widget\" data-widget_type=\"text-editor.default\">\n\t\t\t\t<div class=\"elementor-widget-container\">\n\t\t\t\t\t\t\t\t\t\n<div class=\"wp-block-cover\"><img fetchpriority=\"high\" decoding=\"async\" width=\"1024\" height=\"683\" class=\"wp-block-cover__image-background wp-image-2748\" src=\"https:\/\/2025.umtt.fi\/wp-content\/uploads\/2026\/01\/sopimus-1-1024x683.jpeg\" alt=\"crop person signing contract\" data-object-fit=\"cover\" title=\"Laaja\" srcset=\"https:\/\/2025.umtt.fi\/wp-content\/uploads\/2026\/01\/sopimus-1-1024x683.jpeg 1024w, https:\/\/2025.umtt.fi\/wp-content\/uploads\/2026\/01\/sopimus-1-300x200.jpeg 300w, https:\/\/2025.umtt.fi\/wp-content\/uploads\/2026\/01\/sopimus-1-768x513.jpeg 768w, https:\/\/2025.umtt.fi\/wp-content\/uploads\/2026\/01\/sopimus-1-1536x1025.jpeg 1536w\" sizes=\"(max-width: 1024px) 100vw, 1024px\" \/>\n<div class=\"wp-block-cover__inner-container is-layout-flow wp-block-cover-is-layout-flow\">\n<h1 class=\"has-text-align-center has-large-font-size\">Laaja \u2013 lakis\u00e4\u00e4teinen ty\u00f6terveyshuolto ja laaja yleisl\u00e4\u00e4k\u00e4ritasoinen sairaanhoito<\/h1>\n<\/div>\n<\/div>\n\t\t\t\t\t\t\t\t<\/div>\n\t\t\t\t<\/div>\n\t\t\t\t\t<\/div>\n\t\t\t\t<\/div>\n\t\t<div class=\"elementor-element elementor-element-ddde108 e-flex e-con-boxed e-con e-parent\" data-id=\"ddde108\" data-element_type=\"container\">\n\t\t\t\t\t<div class=\"e-con-inner\">\n\t\t\t\t<div class=\"elementor-element elementor-element-ae1aab1 elementor-widget-divider--view-line elementor-widget elementor-widget-divider\" data-id=\"ae1aab1\" data-element_type=\"widget\" data-widget_type=\"divider.default\">\n\t\t\t\t<div class=\"elementor-widget-container\">\n\t\t\t\t\t\t\t<div class=\"elementor-divider\">\n\t\t\t<span class=\"elementor-divider-separator\">\n\t\t\t\t\t\t<\/span>\n\t\t<\/div>\n\t\t\t\t\t\t<\/div>\n\t\t\t\t<\/div>\n\t\t\t\t\t<\/div>\n\t\t\t\t<\/div>\n\t\t<div class=\"elementor-element elementor-element-4b6401d e-flex e-con-boxed e-con e-parent\" data-id=\"4b6401d\" data-element_type=\"container\">\n\t\t\t\t\t<div class=\"e-con-inner\">\n\t\t\t\t<div class=\"elementor-element elementor-element-9828bc9 elementor-widget elementor-widget-text-editor\" data-id=\"9828bc9\" data-element_type=\"widget\" data-widget_type=\"text-editor.default\">\n\t\t\t\t<div class=\"elementor-widget-container\">\n\t\t\t\t\t\t\t\t\t<p>Laaja sopimus kattaa lakis\u00e4\u00e4teisten palveluiden lis\u00e4ksi ty\u00f6terveyspainotteisen yleisl\u00e4\u00e4k\u00e4ritasoisen sairaanhoidon \u00e4killisiss\u00e4 ja pitk\u00e4aikaissairauksissa tutkimuksineen. Laaja sopimus mahdollistaa panostuksen ty\u00f6ntekij\u00f6iden hyvinvointiin ja kattaviin sairaanhoitopalveluihin tiiviiss\u00e4 yhteisty\u00f6ss\u00e4 ty\u00f6terveystiimin kanssa.<\/p>\n<p>Ty\u00f6ntekij\u00f6ill\u00e4 on k\u00e4ytett\u00e4viss\u00e4\u00e4n s\u00e4hk\u00f6inen asiakas- ja viestint\u00e4palvelu POLKU sek\u00e4 kiireellisiss\u00e4 ett\u00e4 kiireett\u00f6miss\u00e4 asioissa sek\u00e4 l\u00e4\u00e4k\u00e4rin konsultointipalvelut hoitajan arvioiman tarpeen pohjalta. POLKU sis\u00e4lt\u00e4\u00e4 mahdollisuuden matalankynnyksen mielenhyvinvoinnin tukeen. L\u00e4hivastaanottojen lis\u00e4ksi on mahdollisuus video- ja puhelinvastaanottoihin. Ty\u00f6nantajilla on k\u00e4yt\u00f6ss\u00e4\u00e4n SUUNTA extranet mm. tietoturvalliseen yhteydenpitoon, henkil\u00f6tietojen yll\u00e4pitoon, et\u00e4neuvotteluihin ja ty\u00f6terveysyhteisty\u00f6t\u00e4 varten ty\u00f6terveystiimin kanssa.<\/p>\n<p>Laajaan sopimukseen kuuluu s\u00e4\u00e4nn\u00f6llinen ja tiivis ty\u00f6terveysyhteisty\u00f6 ty\u00f6paikan kanssa ty\u00f6hyvinvoinnin edist\u00e4miseksi, ty\u00f6kyvyn tukemiseksi ja sairauspoissaolojen v\u00e4hent\u00e4miseksi. Toiminnan suunnittelemiseksi ja seuraamiseksi sovimme tapaamiset ty\u00f6paikan toiveiden mukaan 1-6 kk v\u00e4lein. Ty\u00f6paikan oma moniammatillinen ty\u00f6terveystiimi on l\u00e4sn\u00e4 ja tavoitettavissa tarpeen mukaan. \u00a0<\/p>\t\t\t\t\t\t\t\t<\/div>\n\t\t\t\t<\/div>\n\t\t\t\t\t<\/div>\n\t\t\t\t<\/div>\n\t\t<div class=\"elementor-element elementor-element-fe11ded e-flex e-con-boxed e-con e-parent\" data-id=\"fe11ded\" data-element_type=\"container\">\n\t\t\t\t\t<div class=\"e-con-inner\">\n\t\t\t\t<div class=\"elementor-element elementor-element-0db65a3 elementor-widget-divider--view-line elementor-widget elementor-widget-divider\" data-id=\"0db65a3\" data-element_type=\"widget\" data-widget_type=\"divider.default\">\n\t\t\t\t<div class=\"elementor-widget-container\">\n\t\t\t\t\t\t\t<div class=\"elementor-divider\">\n\t\t\t<span class=\"elementor-divider-separator\">\n\t\t\t\t\t\t<\/span>\n\t\t<\/div>\n\t\t\t\t\t\t<\/div>\n\t\t\t\t<\/div>\n\t\t\t\t\t<\/div>\n\t\t\t\t<\/div>\n\t\t\t\t<\/div>","protected":false},"excerpt":{"rendered":"<p>Laaja sopimus kattaa lakis\u00e4\u00e4teisten palveluiden lis\u00e4ksi ty\u00f6terveyspainotteisen yleisl\u00e4\u00e4k\u00e4ritasoisen sairaanhoidon \u00e4killisiss\u00e4 ja pitk\u00e4aikaissairauksissa tutkimuksineen. Laaja sopimus mahdollistaa panostuksen ty\u00f6ntekij\u00f6iden hyvinvointiin ja kattaviin sairaanhoitopalveluihin tiiviiss\u00e4 yhteisty\u00f6ss\u00e4 ty\u00f6terveystiimin kanssa. Ty\u00f6ntekij\u00f6ill\u00e4 on k\u00e4ytett\u00e4viss\u00e4\u00e4n s\u00e4hk\u00f6inen asiakas- ja viestint\u00e4palvelu POLKU sek\u00e4 kiireellisiss\u00e4 ett\u00e4 kiireett\u00f6miss\u00e4 asioissa sek\u00e4 l\u00e4\u00e4k\u00e4rin konsultointipalvelut hoitajan arvioiman tarpeen pohjalta. POLKU sis\u00e4lt\u00e4\u00e4 mahdollisuuden matalankynnyksen mielenhyvinvoinnin tukeen. L\u00e4hivastaanottojen lis\u00e4ksi on [&hellip;]<\/p>\n","protected":false},"author":3,"featured_media":0,"parent":0,"menu_order":0,"comment_status":"closed","ping_status":"closed","template":"","meta":{"_uag_custom_page_level_css":"","site-sidebar-layout":"default","site-content-layout":"","ast-site-content-layout":"default","site-content-style":"default","site-sidebar-style":"default","ast-global-header-display":"","ast-banner-title-visibility":"","ast-main-header-display":"","ast-hfb-above-header-display":"","ast-hfb-below-header-display":"","ast-hfb-mobile-header-display":"","site-post-title":"","ast-breadcrumbs-content":"","ast-featured-img":"","footer-sml-layout":"","ast-disable-related-posts":"","theme-transparent-header-meta":"","adv-header-id-meta":"","stick-header-meta":"","header-above-stick-meta":"","header-main-stick-meta":"","header-below-stick-meta":"","astra-migrate-meta-layouts":"set","ast-page-background-enabled":"default","ast-page-background-meta":{"desktop":{"background-color":"","background-image":"","background-repeat":"repeat","background-position":"center center","background-size":"auto","background-attachment":"scroll","background-type":"","background-media":"","overlay-type":"","overlay-color":"","overlay-opacity":"","overlay-gradient":""},"tablet":{"background-color":"","background-image":"","background-repeat":"repeat","background-position":"center center","background-size":"auto","background-attachment":"scroll","background-type":"","background-media":"","overlay-type":"","overlay-color":"","overlay-opacity":"","overlay-gradient":""},"mobile":{"background-color":"","background-image":"","background-repeat":"repeat","background-position":"center center","background-size":"auto","background-attachment":"scroll","background-type":"","background-media":"","overlay-type":"","overlay-color":"","overlay-opacity":"","overlay-gradient":""}},"ast-content-background-meta":{"desktop":{"background-color":"var(--ast-global-color-5)","background-image":"","background-repeat":"repeat","background-position":"center center","background-size":"auto","background-attachment":"scroll","background-type":"","background-media":"","overlay-type":"","overlay-color":"","overlay-opacity":"","overlay-gradient":""},"tablet":{"background-color":"var(--ast-global-color-5)","background-image":"","background-repeat":"repeat","background-position":"center center","background-size":"auto","background-attachment":"scroll","background-type":"","background-media":"","overlay-type":"","overlay-color":"","overlay-opacity":"","overlay-gradient":""},"mobile":{"background-color":"var(--ast-global-color-5)","background-image":"","background-repeat":"repeat","background-position":"center center","background-size":"auto","background-attachment":"scroll","background-type":"","background-media":"","overlay-type":"","overlay-color":"","overlay-opacity":"","overlay-gradient":""}},"footnotes":""},"class_list":["post-3257","page","type-page","status-publish","hentry"],"uagb_featured_image_src":{"full":false,"thumbnail":false,"medium":false,"medium_large":false,"large":false,"1536x1536":false,"2048x2048":false,"trp-custom-language-flag":false},"uagb_author_info":{"display_name":"Veera Lahtinen","author_link":"https:\/\/2025.umtt.fi\/sv\/author\/veera\/"},"uagb_comment_info":0,"uagb_excerpt":"Laaja sopimus kattaa lakis\u00e4\u00e4teisten palveluiden lis\u00e4ksi ty\u00f6terveyspainotteisen yleisl\u00e4\u00e4k\u00e4ritasoisen sairaanhoidon \u00e4killisiss\u00e4 ja pitk\u00e4aikaissairauksissa tutkimuksineen. Laaja sopimus mahdollistaa panostuksen ty\u00f6ntekij\u00f6iden hyvinvointiin ja kattaviin sairaanhoitopalveluihin tiiviiss\u00e4 yhteisty\u00f6ss\u00e4 ty\u00f6terveystiimin kanssa. Ty\u00f6ntekij\u00f6ill\u00e4 on k\u00e4ytett\u00e4viss\u00e4\u00e4n s\u00e4hk\u00f6inen asiakas- ja viestint\u00e4palvelu POLKU sek\u00e4 kiireellisiss\u00e4 ett\u00e4 kiireett\u00f6miss\u00e4 asioissa sek\u00e4 l\u00e4\u00e4k\u00e4rin konsultointipalvelut hoitajan arvioiman tarpeen pohjalta. POLKU sis\u00e4lt\u00e4\u00e4 mahdollisuuden matalankynnyksen mielenhyvinvoinnin tukeen. L\u00e4hivastaanottojen lis\u00e4ksi on&hellip;","_links":{"self":[{"href":"https:\/\/2025.umtt.fi\/sv\/wp-json\/wp\/v2\/pages\/3257","targetHints":{"allow":["GET"]}}],"collection":[{"href":"https:\/\/2025.umtt.fi\/sv\/wp-json\/wp\/v2\/pages"}],"about":[{"href":"https:\/\/2025.umtt.fi\/sv\/wp-json\/wp\/v2\/types\/page"}],"author":[{"embeddable":true,"href":"https:\/\/2025.umtt.fi\/sv\/wp-json\/wp\/v2\/users\/3"}],"replies":[{"embeddable":true,"href":"https:\/\/2025.umtt.fi\/sv\/wp-json\/wp\/v2\/comments?post=3257"}],"version-history":[{"count":4,"href":"https:\/\/2025.umtt.fi\/sv\/wp-json\/wp\/v2\/pages\/3257\/revisions"}],"predecessor-version":[{"id":3261,"href":"https:\/\/2025.umtt.fi\/sv\/wp-json\/wp\/v2\/pages\/3257\/revisions\/3261"}],"wp:attachment":[{"href":"https:\/\/2025.umtt.fi\/sv\/wp-json\/wp\/v2\/media?parent=3257"}],"curies":[{"name":"wp","href":"https:\/\/api.w.org\/{rel}","templated":true}]}}