{"id":3249,"date":"2026-03-02T14:20:38","date_gmt":"2026-03-02T14:20:38","guid":{"rendered":"https:\/\/2025.umtt.fi\/?page_id=3249"},"modified":"2026-03-02T14:22:24","modified_gmt":"2026-03-02T14:22:24","slug":"perusplus","status":"publish","type":"page","link":"https:\/\/2025.umtt.fi\/sv\/perusplus\/","title":{"rendered":"Perusplus"},"content":{"rendered":"<div data-elementor-type=\"wp-page\" data-elementor-id=\"3249\" class=\"elementor elementor-3249\">\n\t\t\t\t<div class=\"elementor-element elementor-element-c2e5a08 e-flex e-con-boxed e-con e-parent\" data-id=\"c2e5a08\" data-element_type=\"container\">\n\t\t\t\t\t<div class=\"e-con-inner\">\n\t\t\t\t<div class=\"elementor-element elementor-element-338fab63 elementor-widget elementor-widget-text-editor\" data-id=\"338fab63\" data-element_type=\"widget\" data-widget_type=\"text-editor.default\">\n\t\t\t\t<div class=\"elementor-widget-container\">\n\t\t\t\t\t\t\t\t\t\n<div class=\"wp-block-cover\"><img fetchpriority=\"high\" decoding=\"async\" width=\"1024\" height=\"683\" class=\"wp-block-cover__image-background wp-image-2748\" src=\"https:\/\/2025.umtt.fi\/wp-content\/uploads\/2026\/01\/sopimus-1-1024x683.jpeg\" alt=\"crop person signing contract\" data-object-fit=\"cover\" title=\"Perusplus\" srcset=\"https:\/\/2025.umtt.fi\/wp-content\/uploads\/2026\/01\/sopimus-1-1024x683.jpeg 1024w, https:\/\/2025.umtt.fi\/wp-content\/uploads\/2026\/01\/sopimus-1-300x200.jpeg 300w, https:\/\/2025.umtt.fi\/wp-content\/uploads\/2026\/01\/sopimus-1-768x513.jpeg 768w, https:\/\/2025.umtt.fi\/wp-content\/uploads\/2026\/01\/sopimus-1-1536x1025.jpeg 1536w\" sizes=\"(max-width: 1024px) 100vw, 1024px\" \/>\n<div class=\"wp-block-cover__inner-container is-layout-flow wp-block-cover-is-layout-flow\">\n<h1 class=\"has-text-align-center has-large-font-size\">Perusplus &#8211; Lakis\u00e4\u00e4teinen ty\u00f6terveyshuolto ja rajattu sairaanhoito<\/h1>\n<\/div>\n<\/div>\n\t\t\t\t\t\t\t\t<\/div>\n\t\t\t\t<\/div>\n\t\t\t\t\t<\/div>\n\t\t\t\t<\/div>\n\t\t<div class=\"elementor-element elementor-element-b71a186 e-flex e-con-boxed e-con e-parent\" data-id=\"b71a186\" data-element_type=\"container\">\n\t\t\t\t\t<div class=\"e-con-inner\">\n\t\t\t\t<div class=\"elementor-element elementor-element-be12953 elementor-widget-divider--view-line elementor-widget elementor-widget-divider\" data-id=\"be12953\" data-element_type=\"widget\" data-widget_type=\"divider.default\">\n\t\t\t\t<div class=\"elementor-widget-container\">\n\t\t\t\t\t\t\t<div class=\"elementor-divider\">\n\t\t\t<span class=\"elementor-divider-separator\">\n\t\t\t\t\t\t<\/span>\n\t\t<\/div>\n\t\t\t\t\t\t<\/div>\n\t\t\t\t<\/div>\n\t\t\t\t\t<\/div>\n\t\t\t\t<\/div>\n\t\t<div class=\"elementor-element elementor-element-cdea31a e-flex e-con-boxed e-con e-parent\" data-id=\"cdea31a\" data-element_type=\"container\">\n\t\t\t\t\t<div class=\"e-con-inner\">\n\t\t\t\t<div class=\"elementor-element elementor-element-2e74dba elementor-widget elementor-widget-text-editor\" data-id=\"2e74dba\" data-element_type=\"widget\" data-widget_type=\"text-editor.default\">\n\t\t\t\t<div class=\"elementor-widget-container\">\n\t\t\t\t\t\t\t\t\t<p>Perusplus kattaa lakis\u00e4\u00e4teisen j\u00e4rjest\u00e4misvelvoitteen lis\u00e4ksi \u00e4killisten sairauksien hoidon. Sopimukseen kattaa hoitajan -ja l\u00e4\u00e4k\u00e4rin sairaanhoitopalvelut sek\u00e4 rajatut tutkimukset. Lis\u00e4ksi sopimukseen kuuluu pitk\u00e4aikaissairauksien diagnosointi ja alkuvaiheen hoito, mutta ei jatkohoitoa. Pitk\u00e4aikaissairauksissa ohjaamme ty\u00f6ntekij\u00e4t hoitoon esim. perusterveydenhuoltoon.<\/p>\n<p>Perusplus sopimuksessa ty\u00f6ntekij\u00f6ill\u00e4 on k\u00e4ytett\u00e4viss\u00e4\u00e4n Uudenmaan Ty\u00f6terveyden kaikki toimipaikat.<\/p>\n<p>Ty\u00f6ntekij\u00f6ill\u00e4 on k\u00e4ytett\u00e4viss\u00e4\u00e4n s\u00e4hk\u00f6inen asiakas- ja viestint\u00e4palvelu POLKU sek\u00e4 kiireellisiss\u00e4 ett\u00e4 kiireett\u00f6miss\u00e4 asioissa sek\u00e4 l\u00e4\u00e4k\u00e4rin konsultointipalvelut hoitajan arvioiman tarpeen pohjalta. POLKU sis\u00e4lt\u00e4\u00e4 mahdollisuuden matalankynnyksen mielenhyvinvoinnin tukeen. L\u00e4hivastaanottojen lis\u00e4ksi on mahdollisuus video- ja puhelinvastaanottoihin. Ty\u00f6nantajilla on k\u00e4yt\u00f6ss\u00e4\u00e4n SUUNTA extranet mm. tietoturvalliseen yhteydenpitoon, henkil\u00f6tietojen yll\u00e4pitoon, et\u00e4neuvotteluihin ja ty\u00f6terveysyhteisty\u00f6t\u00e4 varten ty\u00f6terveystiimin kanssa.<\/p>\n<p>Perusplus sopimus mahdollistaa tiiviin yhteisty\u00f6n ty\u00f6terveystiimin ja ty\u00f6paikan v\u00e4lill\u00e4 ty\u00f6hyvinvoinnin edist\u00e4miseksi, ty\u00f6kyvyn tukemiseksi ja sairauspoissaolojen v\u00e4hent\u00e4miseksi.<\/p>\t\t\t\t\t\t\t\t<\/div>\n\t\t\t\t<\/div>\n\t\t\t\t\t<\/div>\n\t\t\t\t<\/div>\n\t\t<div class=\"elementor-element elementor-element-a5b9475 e-flex e-con-boxed e-con e-parent\" data-id=\"a5b9475\" data-element_type=\"container\">\n\t\t\t\t\t<div class=\"e-con-inner\">\n\t\t\t\t<div class=\"elementor-element elementor-element-d39052c elementor-widget-divider--view-line elementor-widget elementor-widget-divider\" data-id=\"d39052c\" data-element_type=\"widget\" data-widget_type=\"divider.default\">\n\t\t\t\t<div class=\"elementor-widget-container\">\n\t\t\t\t\t\t\t<div class=\"elementor-divider\">\n\t\t\t<span class=\"elementor-divider-separator\">\n\t\t\t\t\t\t<\/span>\n\t\t<\/div>\n\t\t\t\t\t\t<\/div>\n\t\t\t\t<\/div>\n\t\t\t\t\t<\/div>\n\t\t\t\t<\/div>\n\t\t\t\t<\/div>","protected":false},"excerpt":{"rendered":"<p>Perusplus kattaa lakis\u00e4\u00e4teisen j\u00e4rjest\u00e4misvelvoitteen lis\u00e4ksi \u00e4killisten sairauksien hoidon. Sopimukseen kattaa hoitajan -ja l\u00e4\u00e4k\u00e4rin sairaanhoitopalvelut sek\u00e4 rajatut tutkimukset. Lis\u00e4ksi sopimukseen kuuluu pitk\u00e4aikaissairauksien diagnosointi ja alkuvaiheen hoito, mutta ei jatkohoitoa. Pitk\u00e4aikaissairauksissa ohjaamme ty\u00f6ntekij\u00e4t hoitoon esim. perusterveydenhuoltoon. Perusplus sopimuksessa ty\u00f6ntekij\u00f6ill\u00e4 on k\u00e4ytett\u00e4viss\u00e4\u00e4n Uudenmaan Ty\u00f6terveyden kaikki toimipaikat. Ty\u00f6ntekij\u00f6ill\u00e4 on k\u00e4ytett\u00e4viss\u00e4\u00e4n s\u00e4hk\u00f6inen asiakas- ja viestint\u00e4palvelu POLKU sek\u00e4 kiireellisiss\u00e4 ett\u00e4 kiireett\u00f6miss\u00e4 [&hellip;]<\/p>\n","protected":false},"author":3,"featured_media":0,"parent":0,"menu_order":0,"comment_status":"closed","ping_status":"closed","template":"","meta":{"_uag_custom_page_level_css":"","site-sidebar-layout":"default","site-content-layout":"","ast-site-content-layout":"default","site-content-style":"default","site-sidebar-style":"default","ast-global-header-display":"","ast-banner-title-visibility":"","ast-main-header-display":"","ast-hfb-above-header-display":"","ast-hfb-below-header-display":"","ast-hfb-mobile-header-display":"","site-post-title":"","ast-breadcrumbs-content":"","ast-featured-img":"","footer-sml-layout":"","ast-disable-related-posts":"","theme-transparent-header-meta":"","adv-header-id-meta":"","stick-header-meta":"","header-above-stick-meta":"","header-main-stick-meta":"","header-below-stick-meta":"","astra-migrate-meta-layouts":"set","ast-page-background-enabled":"default","ast-page-background-meta":{"desktop":{"background-color":"","background-image":"","background-repeat":"repeat","background-position":"center center","background-size":"auto","background-attachment":"scroll","background-type":"","background-media":"","overlay-type":"","overlay-color":"","overlay-opacity":"","overlay-gradient":""},"tablet":{"background-color":"","background-image":"","background-repeat":"repeat","background-position":"center center","background-size":"auto","background-attachment":"scroll","background-type":"","background-media":"","overlay-type":"","overlay-color":"","overlay-opacity":"","overlay-gradient":""},"mobile":{"background-color":"","background-image":"","background-repeat":"repeat","background-position":"center center","background-size":"auto","background-attachment":"scroll","background-type":"","background-media":"","overlay-type":"","overlay-color":"","overlay-opacity":"","overlay-gradient":""}},"ast-content-background-meta":{"desktop":{"background-color":"var(--ast-global-color-5)","background-image":"","background-repeat":"repeat","background-position":"center center","background-size":"auto","background-attachment":"scroll","background-type":"","background-media":"","overlay-type":"","overlay-color":"","overlay-opacity":"","overlay-gradient":""},"tablet":{"background-color":"var(--ast-global-color-5)","background-image":"","background-repeat":"repeat","background-position":"center center","background-size":"auto","background-attachment":"scroll","background-type":"","background-media":"","overlay-type":"","overlay-color":"","overlay-opacity":"","overlay-gradient":""},"mobile":{"background-color":"var(--ast-global-color-5)","background-image":"","background-repeat":"repeat","background-position":"center center","background-size":"auto","background-attachment":"scroll","background-type":"","background-media":"","overlay-type":"","overlay-color":"","overlay-opacity":"","overlay-gradient":""}},"footnotes":""},"class_list":["post-3249","page","type-page","status-publish","hentry"],"uagb_featured_image_src":{"full":false,"thumbnail":false,"medium":false,"medium_large":false,"large":false,"1536x1536":false,"2048x2048":false,"trp-custom-language-flag":false},"uagb_author_info":{"display_name":"Veera Lahtinen","author_link":"https:\/\/2025.umtt.fi\/sv\/author\/veera\/"},"uagb_comment_info":0,"uagb_excerpt":"Perusplus kattaa lakis\u00e4\u00e4teisen j\u00e4rjest\u00e4misvelvoitteen lis\u00e4ksi \u00e4killisten sairauksien hoidon. Sopimukseen kattaa hoitajan -ja l\u00e4\u00e4k\u00e4rin sairaanhoitopalvelut sek\u00e4 rajatut tutkimukset. Lis\u00e4ksi sopimukseen kuuluu pitk\u00e4aikaissairauksien diagnosointi ja alkuvaiheen hoito, mutta ei jatkohoitoa. Pitk\u00e4aikaissairauksissa ohjaamme ty\u00f6ntekij\u00e4t hoitoon esim. perusterveydenhuoltoon. Perusplus sopimuksessa ty\u00f6ntekij\u00f6ill\u00e4 on k\u00e4ytett\u00e4viss\u00e4\u00e4n Uudenmaan Ty\u00f6terveyden kaikki toimipaikat. Ty\u00f6ntekij\u00f6ill\u00e4 on k\u00e4ytett\u00e4viss\u00e4\u00e4n s\u00e4hk\u00f6inen asiakas- ja viestint\u00e4palvelu POLKU sek\u00e4 kiireellisiss\u00e4 ett\u00e4 kiireett\u00f6miss\u00e4&hellip;","_links":{"self":[{"href":"https:\/\/2025.umtt.fi\/sv\/wp-json\/wp\/v2\/pages\/3249","targetHints":{"allow":["GET"]}}],"collection":[{"href":"https:\/\/2025.umtt.fi\/sv\/wp-json\/wp\/v2\/pages"}],"about":[{"href":"https:\/\/2025.umtt.fi\/sv\/wp-json\/wp\/v2\/types\/page"}],"author":[{"embeddable":true,"href":"https:\/\/2025.umtt.fi\/sv\/wp-json\/wp\/v2\/users\/3"}],"replies":[{"embeddable":true,"href":"https:\/\/2025.umtt.fi\/sv\/wp-json\/wp\/v2\/comments?post=3249"}],"version-history":[{"count":4,"href":"https:\/\/2025.umtt.fi\/sv\/wp-json\/wp\/v2\/pages\/3249\/revisions"}],"predecessor-version":[{"id":3253,"href":"https:\/\/2025.umtt.fi\/sv\/wp-json\/wp\/v2\/pages\/3249\/revisions\/3253"}],"wp:attachment":[{"href":"https:\/\/2025.umtt.fi\/sv\/wp-json\/wp\/v2\/media?parent=3249"}],"curies":[{"name":"wp","href":"https:\/\/api.w.org\/{rel}","templated":true}]}}