{"id":3234,"date":"2026-03-02T14:09:49","date_gmt":"2026-03-02T14:09:49","guid":{"rendered":"https:\/\/2025.umtt.fi\/?page_id=3234"},"modified":"2026-03-02T14:11:43","modified_gmt":"2026-03-02T14:11:43","slug":"perussopimus","status":"publish","type":"page","link":"https:\/\/2025.umtt.fi\/sv\/perussopimus\/","title":{"rendered":"Perussopimus"},"content":{"rendered":"<div data-elementor-type=\"wp-page\" data-elementor-id=\"3234\" class=\"elementor elementor-3234\">\n\t\t\t\t<div class=\"elementor-element elementor-element-1ebdf83d e-flex e-con-boxed e-con e-parent\" data-id=\"1ebdf83d\" data-element_type=\"container\">\n\t\t\t\t\t<div class=\"e-con-inner\">\n\t\t\t\t<div class=\"elementor-element elementor-element-27965195 elementor-widget elementor-widget-text-editor\" data-id=\"27965195\" data-element_type=\"widget\" data-widget_type=\"text-editor.default\">\n\t\t\t\t<div class=\"elementor-widget-container\">\n\t\t\t\t\t\t\t\t\t\n<div class=\"wp-block-cover\"><img fetchpriority=\"high\" decoding=\"async\" width=\"1024\" height=\"683\" class=\"wp-block-cover__image-background wp-image-2748\" src=\"https:\/\/2025.umtt.fi\/wp-content\/uploads\/2026\/01\/sopimus-1-1024x683.jpeg\" alt=\"crop person signing contract\" data-object-fit=\"cover\" title=\"Perussopimus\" srcset=\"https:\/\/2025.umtt.fi\/wp-content\/uploads\/2026\/01\/sopimus-1-1024x683.jpeg 1024w, https:\/\/2025.umtt.fi\/wp-content\/uploads\/2026\/01\/sopimus-1-300x200.jpeg 300w, https:\/\/2025.umtt.fi\/wp-content\/uploads\/2026\/01\/sopimus-1-768x513.jpeg 768w, https:\/\/2025.umtt.fi\/wp-content\/uploads\/2026\/01\/sopimus-1-1536x1025.jpeg 1536w\" sizes=\"(max-width: 1024px) 100vw, 1024px\" \/>\n<div class=\"wp-block-cover__inner-container is-layout-flow wp-block-cover-is-layout-flow\">\n<h1 class=\"has-text-align-center has-large-font-size\">Perussopimus \u2013 Lakis\u00e4\u00e4teinen ty\u00f6terveyshuolto<\/h1>\n<\/div>\n<\/div>\n\t\t\t\t\t\t\t\t<\/div>\n\t\t\t\t<\/div>\n\t\t\t\t\t<\/div>\n\t\t\t\t<\/div>\n\t\t<div class=\"elementor-element elementor-element-9a27395 e-flex e-con-boxed e-con e-parent\" data-id=\"9a27395\" data-element_type=\"container\">\n\t\t\t\t\t<div class=\"e-con-inner\">\n\t\t\t\t<div class=\"elementor-element elementor-element-f4dc27b elementor-widget-divider--view-line elementor-widget elementor-widget-divider\" data-id=\"f4dc27b\" data-element_type=\"widget\" data-widget_type=\"divider.default\">\n\t\t\t\t<div class=\"elementor-widget-container\">\n\t\t\t\t\t\t\t<div class=\"elementor-divider\">\n\t\t\t<span class=\"elementor-divider-separator\">\n\t\t\t\t\t\t<\/span>\n\t\t<\/div>\n\t\t\t\t\t\t<\/div>\n\t\t\t\t<\/div>\n\t\t\t\t\t<\/div>\n\t\t\t\t<\/div>\n\t\t<div class=\"elementor-element elementor-element-a90a880 e-flex e-con-boxed e-con e-parent\" data-id=\"a90a880\" data-element_type=\"container\">\n\t\t\t\t\t<div class=\"e-con-inner\">\n\t\t\t\t<div class=\"elementor-element elementor-element-3859bf1 elementor-widget elementor-widget-text-editor\" data-id=\"3859bf1\" data-element_type=\"widget\" data-widget_type=\"text-editor.default\">\n\t\t\t\t<div class=\"elementor-widget-container\">\n\t\t\t\t\t\t\t\t\t<p>Perussopimus kattaa lakis\u00e4\u00e4teisen ty\u00f6terveyshuollon j\u00e4rjest\u00e4misvelvoitteen, mutta sopimukseen ei kuulu lainkaan sairaanhoitopalveluita. Perussopimukseen kuuluu hyv\u00e4n ty\u00f6terveyshuoltok\u00e4yt\u00e4nn\u00f6n mukaisesti ty\u00f6paikkaselvitys, toimintasuunnitelman laatiminen, terveystarkastukset, terveyden ja ty\u00f6kyvyn tukeminen moniammatillisen ty\u00f6terveystiimin toimesta.<\/p>\n<p>Ty\u00f6ntekij\u00f6ill\u00e4 on k\u00e4ytett\u00e4viss\u00e4\u00e4n s\u00e4hk\u00f6inen viestint\u00e4palvelu POLKU ty\u00f6terveystiimin kanssa ja mahdollisuus videovastaanottoon (esim. et\u00e4n\u00e4 teht\u00e4v\u00e4t terveystarkastukset). Ty\u00f6nantajilla on k\u00e4yt\u00f6ss\u00e4\u00e4n SUUNTA extranet mm. tietoturvalliseen yhteydenpitoon ty\u00f6terveystiimin kanssa, et\u00e4neuvotteluihin sek\u00e4 henkil\u00f6tietojen yll\u00e4pitoon.<\/p>\n<p>Ty\u00f6terveyshoitaja koordinoi tiimin kanssa palveluita ja pit\u00e4\u00e4 yritykseen yhteytt\u00e4 sovitusti, v\u00e4hint\u00e4\u00e4n kerran vuodessa.<\/p>\t\t\t\t\t\t\t\t<\/div>\n\t\t\t\t<\/div>\n\t\t\t\t\t<\/div>\n\t\t\t\t<\/div>\n\t\t<div class=\"elementor-element elementor-element-86d0105 e-flex e-con-boxed e-con e-parent\" data-id=\"86d0105\" data-element_type=\"container\">\n\t\t\t\t\t<div class=\"e-con-inner\">\n\t\t\t\t<div class=\"elementor-element elementor-element-a4c7d6e elementor-widget-divider--view-line elementor-widget elementor-widget-divider\" data-id=\"a4c7d6e\" data-element_type=\"widget\" data-widget_type=\"divider.default\">\n\t\t\t\t<div class=\"elementor-widget-container\">\n\t\t\t\t\t\t\t<div class=\"elementor-divider\">\n\t\t\t<span class=\"elementor-divider-separator\">\n\t\t\t\t\t\t<\/span>\n\t\t<\/div>\n\t\t\t\t\t\t<\/div>\n\t\t\t\t<\/div>\n\t\t\t\t\t<\/div>\n\t\t\t\t<\/div>\n\t\t\t\t<\/div>","protected":false},"excerpt":{"rendered":"<p>Perussopimus kattaa lakis\u00e4\u00e4teisen ty\u00f6terveyshuollon j\u00e4rjest\u00e4misvelvoitteen, mutta sopimukseen ei kuulu lainkaan sairaanhoitopalveluita. Perussopimukseen kuuluu hyv\u00e4n ty\u00f6terveyshuoltok\u00e4yt\u00e4nn\u00f6n mukaisesti ty\u00f6paikkaselvitys, toimintasuunnitelman laatiminen, terveystarkastukset, terveyden ja ty\u00f6kyvyn tukeminen moniammatillisen ty\u00f6terveystiimin toimesta. Ty\u00f6ntekij\u00f6ill\u00e4 on k\u00e4ytett\u00e4viss\u00e4\u00e4n s\u00e4hk\u00f6inen viestint\u00e4palvelu POLKU ty\u00f6terveystiimin kanssa ja mahdollisuus videovastaanottoon (esim. et\u00e4n\u00e4 teht\u00e4v\u00e4t terveystarkastukset). Ty\u00f6nantajilla on k\u00e4yt\u00f6ss\u00e4\u00e4n SUUNTA extranet mm. tietoturvalliseen yhteydenpitoon ty\u00f6terveystiimin kanssa, et\u00e4neuvotteluihin sek\u00e4 henkil\u00f6tietojen [&hellip;]<\/p>\n","protected":false},"author":3,"featured_media":0,"parent":0,"menu_order":0,"comment_status":"closed","ping_status":"closed","template":"","meta":{"_uag_custom_page_level_css":"","site-sidebar-layout":"default","site-content-layout":"","ast-site-content-layout":"default","site-content-style":"default","site-sidebar-style":"default","ast-global-header-display":"","ast-banner-title-visibility":"","ast-main-header-display":"","ast-hfb-above-header-display":"","ast-hfb-below-header-display":"","ast-hfb-mobile-header-display":"","site-post-title":"","ast-breadcrumbs-content":"","ast-featured-img":"","footer-sml-layout":"","ast-disable-related-posts":"","theme-transparent-header-meta":"","adv-header-id-meta":"","stick-header-meta":"","header-above-stick-meta":"","header-main-stick-meta":"","header-below-stick-meta":"","astra-migrate-meta-layouts":"set","ast-page-background-enabled":"default","ast-page-background-meta":{"desktop":{"background-color":"","background-image":"","background-repeat":"repeat","background-position":"center center","background-size":"auto","background-attachment":"scroll","background-type":"","background-media":"","overlay-type":"","overlay-color":"","overlay-opacity":"","overlay-gradient":""},"tablet":{"background-color":"","background-image":"","background-repeat":"repeat","background-position":"center center","background-size":"auto","background-attachment":"scroll","background-type":"","background-media":"","overlay-type":"","overlay-color":"","overlay-opacity":"","overlay-gradient":""},"mobile":{"background-color":"","background-image":"","background-repeat":"repeat","background-position":"center center","background-size":"auto","background-attachment":"scroll","background-type":"","background-media":"","overlay-type":"","overlay-color":"","overlay-opacity":"","overlay-gradient":""}},"ast-content-background-meta":{"desktop":{"background-color":"var(--ast-global-color-5)","background-image":"","background-repeat":"repeat","background-position":"center center","background-size":"auto","background-attachment":"scroll","background-type":"","background-media":"","overlay-type":"","overlay-color":"","overlay-opacity":"","overlay-gradient":""},"tablet":{"background-color":"var(--ast-global-color-5)","background-image":"","background-repeat":"repeat","background-position":"center center","background-size":"auto","background-attachment":"scroll","background-type":"","background-media":"","overlay-type":"","overlay-color":"","overlay-opacity":"","overlay-gradient":""},"mobile":{"background-color":"var(--ast-global-color-5)","background-image":"","background-repeat":"repeat","background-position":"center center","background-size":"auto","background-attachment":"scroll","background-type":"","background-media":"","overlay-type":"","overlay-color":"","overlay-opacity":"","overlay-gradient":""}},"footnotes":""},"class_list":["post-3234","page","type-page","status-publish","hentry"],"uagb_featured_image_src":{"full":false,"thumbnail":false,"medium":false,"medium_large":false,"large":false,"1536x1536":false,"2048x2048":false,"trp-custom-language-flag":false},"uagb_author_info":{"display_name":"Veera Lahtinen","author_link":"https:\/\/2025.umtt.fi\/sv\/author\/veera\/"},"uagb_comment_info":0,"uagb_excerpt":"Perussopimus kattaa lakis\u00e4\u00e4teisen ty\u00f6terveyshuollon j\u00e4rjest\u00e4misvelvoitteen, mutta sopimukseen ei kuulu lainkaan sairaanhoitopalveluita. Perussopimukseen kuuluu hyv\u00e4n ty\u00f6terveyshuoltok\u00e4yt\u00e4nn\u00f6n mukaisesti ty\u00f6paikkaselvitys, toimintasuunnitelman laatiminen, terveystarkastukset, terveyden ja ty\u00f6kyvyn tukeminen moniammatillisen ty\u00f6terveystiimin toimesta. Ty\u00f6ntekij\u00f6ill\u00e4 on k\u00e4ytett\u00e4viss\u00e4\u00e4n s\u00e4hk\u00f6inen viestint\u00e4palvelu POLKU ty\u00f6terveystiimin kanssa ja mahdollisuus videovastaanottoon (esim. et\u00e4n\u00e4 teht\u00e4v\u00e4t terveystarkastukset). Ty\u00f6nantajilla on k\u00e4yt\u00f6ss\u00e4\u00e4n SUUNTA extranet mm. tietoturvalliseen yhteydenpitoon ty\u00f6terveystiimin kanssa, et\u00e4neuvotteluihin sek\u00e4 henkil\u00f6tietojen&hellip;","_links":{"self":[{"href":"https:\/\/2025.umtt.fi\/sv\/wp-json\/wp\/v2\/pages\/3234","targetHints":{"allow":["GET"]}}],"collection":[{"href":"https:\/\/2025.umtt.fi\/sv\/wp-json\/wp\/v2\/pages"}],"about":[{"href":"https:\/\/2025.umtt.fi\/sv\/wp-json\/wp\/v2\/types\/page"}],"author":[{"embeddable":true,"href":"https:\/\/2025.umtt.fi\/sv\/wp-json\/wp\/v2\/users\/3"}],"replies":[{"embeddable":true,"href":"https:\/\/2025.umtt.fi\/sv\/wp-json\/wp\/v2\/comments?post=3234"}],"version-history":[{"count":4,"href":"https:\/\/2025.umtt.fi\/sv\/wp-json\/wp\/v2\/pages\/3234\/revisions"}],"predecessor-version":[{"id":3238,"href":"https:\/\/2025.umtt.fi\/sv\/wp-json\/wp\/v2\/pages\/3234\/revisions\/3238"}],"wp:attachment":[{"href":"https:\/\/2025.umtt.fi\/sv\/wp-json\/wp\/v2\/media?parent=3234"}],"curies":[{"name":"wp","href":"https:\/\/api.w.org\/{rel}","templated":true}]}}