{"id":3210,"date":"2026-03-02T11:50:43","date_gmt":"2026-03-02T11:50:43","guid":{"rendered":"https:\/\/2025.umtt.fi\/?page_id=3210"},"modified":"2026-03-02T11:52:28","modified_gmt":"2026-03-02T11:52:28","slug":"sipoo","status":"publish","type":"page","link":"https:\/\/2025.umtt.fi\/sv\/sipoo\/","title":{"rendered":"Sipoo"},"content":{"rendered":"<div data-elementor-type=\"wp-page\" data-elementor-id=\"3210\" class=\"elementor elementor-3210\">\n\t\t\t\t<div class=\"elementor-element elementor-element-51bbf0e6 e-flex e-con-boxed e-con e-parent\" data-id=\"51bbf0e6\" data-element_type=\"container\">\n\t\t\t\t\t<div class=\"e-con-inner\">\n\t\t\t\t<div class=\"elementor-element elementor-element-568bc64e elementor-widget elementor-widget-text-editor\" data-id=\"568bc64e\" data-element_type=\"widget\" data-widget_type=\"text-editor.default\">\n\t\t\t\t<div class=\"elementor-widget-container\">\n\t\t\t\t\t\t\t\t\t\n<div class=\"wp-block-cover\"><img fetchpriority=\"high\" decoding=\"async\" width=\"1024\" height=\"678\" class=\"wp-block-cover__image-background wp-image-3101\" src=\"https:\/\/2025.umtt.fi\/wp-content\/uploads\/2026\/03\/sijainti-1024x678.jpeg\" alt=\"woman hand using smart phone with navigator location point at street background. technology interenet and travel adventure concept.\" data-object-fit=\"cover\" title=\"Sipoo\" srcset=\"https:\/\/2025.umtt.fi\/wp-content\/uploads\/2026\/03\/sijainti-1024x678.jpeg 1024w, https:\/\/2025.umtt.fi\/wp-content\/uploads\/2026\/03\/sijainti-300x199.jpeg 300w, https:\/\/2025.umtt.fi\/wp-content\/uploads\/2026\/03\/sijainti-768x509.jpeg 768w, https:\/\/2025.umtt.fi\/wp-content\/uploads\/2026\/03\/sijainti-1536x1018.jpeg 1536w, https:\/\/2025.umtt.fi\/wp-content\/uploads\/2026\/03\/sijainti-2048x1357.jpeg 2048w\" sizes=\"(max-width: 1024px) 100vw, 1024px\" \/>\n<div class=\"wp-block-cover__inner-container is-layout-flow wp-block-cover-is-layout-flow\">\n<h1 class=\"has-text-align-center has-large-font-size\">Sipoo<\/h1>\n<\/div>\n<\/div>\n\t\t\t\t\t\t\t\t<\/div>\n\t\t\t\t<\/div>\n\t\t\t\t\t<\/div>\n\t\t\t\t<\/div>\n\t\t<div class=\"elementor-element elementor-element-a556bbe e-flex e-con-boxed e-con e-parent\" data-id=\"a556bbe\" data-element_type=\"container\">\n\t\t\t\t\t<div class=\"e-con-inner\">\n\t\t\t\t<div class=\"elementor-element elementor-element-a2e1d9a elementor-widget elementor-widget-heading\" data-id=\"a2e1d9a\" data-element_type=\"widget\" data-widget_type=\"heading.default\">\n\t\t\t\t<div class=\"elementor-widget-container\">\n\t\t\t\t\t<h2 class=\"elementor-heading-title elementor-size-default\"><h2 style=\"margin-bottom: 16px;font-family: Muli, Helvetica, Arial, sans-serif;font-size: 24px;line-height: 3rem;font-style: normal;text-align: center\">SIPOO: S\u00f6derkullan tori 3, 01150 S\u00f6derkulla<span style=\"font-size: 2.625rem;font-style: inherit;font-family: Poppins, sans-serif;text-align: start\"><\/span><\/h2><\/h2>\t\t\t\t<\/div>\n\t\t\t\t<\/div>\n\t\t\t\t\t<\/div>\n\t\t\t\t<\/div>\n\t\t<div class=\"elementor-element elementor-element-13d93d6 e-grid e-con-boxed e-con e-parent\" data-id=\"13d93d6\" data-element_type=\"container\">\n\t\t\t\t\t<div class=\"e-con-inner\">\n\t\t\t\t<div class=\"elementor-element elementor-element-9da6d97 elementor-widget elementor-widget-text-editor\" data-id=\"9da6d97\" data-element_type=\"widget\" data-widget_type=\"text-editor.default\">\n\t\t\t\t<div class=\"elementor-widget-container\">\n\t\t\t\t\t\t\t\t\t<p>Ty\u00f6terveyshoitaja\u00a0<span style=\"text-decoration: underline;\"><a href=\"https:\/\/umtt.movendosplatform.com\/\" target=\"_self\" rel=\"noopener\" data-cp-link=\"1\">Heidi Haapala<\/a><\/span><\/p>\t\t\t\t\t\t\t\t<\/div>\n\t\t\t\t<\/div>\n\t\t\t\t\t<\/div>\n\t\t\t\t<\/div>\n\t\t\t\t<\/div>","protected":false},"excerpt":{"rendered":"<p>SIPOO: S\u00f6derkullan tori 3, 01150 S\u00f6derkulla Ty\u00f6terveyshoitaja\u00a0Heidi Haapala<\/p>","protected":false},"author":3,"featured_media":0,"parent":0,"menu_order":0,"comment_status":"closed","ping_status":"closed","template":"","meta":{"_uag_custom_page_level_css":"","site-sidebar-layout":"default","site-content-layout":"","ast-site-content-layout":"default","site-content-style":"default","site-sidebar-style":"default","ast-global-header-display":"","ast-banner-title-visibility":"","ast-main-header-display":"","ast-hfb-above-header-display":"","ast-hfb-below-header-display":"","ast-hfb-mobile-header-display":"","site-post-title":"","ast-breadcrumbs-content":"","ast-featured-img":"","footer-sml-layout":"","ast-disable-related-posts":"","theme-transparent-header-meta":"","adv-header-id-meta":"","stick-header-meta":"","header-above-stick-meta":"","header-main-stick-meta":"","header-below-stick-meta":"","astra-migrate-meta-layouts":"set","ast-page-background-enabled":"default","ast-page-background-meta":{"desktop":{"background-color":"","background-image":"","background-repeat":"repeat","background-position":"center center","background-size":"auto","background-attachment":"scroll","background-type":"","background-media":"","overlay-type":"","overlay-color":"","overlay-opacity":"","overlay-gradient":""},"tablet":{"background-color":"","background-image":"","background-repeat":"repeat","background-position":"center center","background-size":"auto","background-attachment":"scroll","background-type":"","background-media":"","overlay-type":"","overlay-color":"","overlay-opacity":"","overlay-gradient":""},"mobile":{"background-color":"","background-image":"","background-repeat":"repeat","background-position":"center center","background-size":"auto","background-attachment":"scroll","background-type":"","background-media":"","overlay-type":"","overlay-color":"","overlay-opacity":"","overlay-gradient":""}},"ast-content-background-meta":{"desktop":{"background-color":"var(--ast-global-color-5)","background-image":"","background-repeat":"repeat","background-position":"center center","background-size":"auto","background-attachment":"scroll","background-type":"","background-media":"","overlay-type":"","overlay-color":"","overlay-opacity":"","overlay-gradient":""},"tablet":{"background-color":"var(--ast-global-color-5)","background-image":"","background-repeat":"repeat","background-position":"center center","background-size":"auto","background-attachment":"scroll","background-type":"","background-media":"","overlay-type":"","overlay-color":"","overlay-opacity":"","overlay-gradient":""},"mobile":{"background-color":"var(--ast-global-color-5)","background-image":"","background-repeat":"repeat","background-position":"center center","background-size":"auto","background-attachment":"scroll","background-type":"","background-media":"","overlay-type":"","overlay-color":"","overlay-opacity":"","overlay-gradient":""}},"footnotes":""},"class_list":["post-3210","page","type-page","status-publish","hentry"],"uagb_featured_image_src":{"full":false,"thumbnail":false,"medium":false,"medium_large":false,"large":false,"1536x1536":false,"2048x2048":false,"trp-custom-language-flag":false},"uagb_author_info":{"display_name":"Veera Lahtinen","author_link":"https:\/\/2025.umtt.fi\/sv\/author\/veera\/"},"uagb_comment_info":0,"uagb_excerpt":"SIPOO: S\u00f6derkullan tori 3, 01150 S\u00f6derkulla Ty\u00f6terveyshoitaja\u00a0Heidi Haapala","_links":{"self":[{"href":"https:\/\/2025.umtt.fi\/sv\/wp-json\/wp\/v2\/pages\/3210","targetHints":{"allow":["GET"]}}],"collection":[{"href":"https:\/\/2025.umtt.fi\/sv\/wp-json\/wp\/v2\/pages"}],"about":[{"href":"https:\/\/2025.umtt.fi\/sv\/wp-json\/wp\/v2\/types\/page"}],"author":[{"embeddable":true,"href":"https:\/\/2025.umtt.fi\/sv\/wp-json\/wp\/v2\/users\/3"}],"replies":[{"embeddable":true,"href":"https:\/\/2025.umtt.fi\/sv\/wp-json\/wp\/v2\/comments?post=3210"}],"version-history":[{"count":4,"href":"https:\/\/2025.umtt.fi\/sv\/wp-json\/wp\/v2\/pages\/3210\/revisions"}],"predecessor-version":[{"id":3214,"href":"https:\/\/2025.umtt.fi\/sv\/wp-json\/wp\/v2\/pages\/3210\/revisions\/3214"}],"wp:attachment":[{"href":"https:\/\/2025.umtt.fi\/sv\/wp-json\/wp\/v2\/media?parent=3210"}],"curies":[{"name":"wp","href":"https:\/\/api.w.org\/{rel}","templated":true}]}}