{"id":3193,"date":"2026-03-02T11:42:14","date_gmt":"2026-03-02T11:42:14","guid":{"rendered":"https:\/\/2025.umtt.fi\/?page_id=3193"},"modified":"2026-03-02T11:44:43","modified_gmt":"2026-03-02T11:44:43","slug":"helsinki","status":"publish","type":"page","link":"https:\/\/2025.umtt.fi\/sv\/helsinki\/","title":{"rendered":"Helsinki"},"content":{"rendered":"<div data-elementor-type=\"wp-page\" data-elementor-id=\"3193\" class=\"elementor elementor-3193\">\n\t\t\t\t<div class=\"elementor-element elementor-element-1f3376cc e-flex e-con-boxed e-con e-parent\" data-id=\"1f3376cc\" data-element_type=\"container\">\n\t\t\t\t\t<div class=\"e-con-inner\">\n\t\t\t\t<div class=\"elementor-element elementor-element-381f46b9 elementor-widget elementor-widget-text-editor\" data-id=\"381f46b9\" data-element_type=\"widget\" data-widget_type=\"text-editor.default\">\n\t\t\t\t<div class=\"elementor-widget-container\">\n\t\t\t\t\t\t\t\t\t\n<div class=\"wp-block-cover\"><img fetchpriority=\"high\" decoding=\"async\" width=\"1024\" height=\"678\" class=\"wp-block-cover__image-background wp-image-3101\" src=\"https:\/\/2025.umtt.fi\/wp-content\/uploads\/2026\/03\/sijainti-1024x678.jpeg\" alt=\"woman hand using smart phone with navigator location point at street background. technology interenet and travel adventure concept.\" data-object-fit=\"cover\" title=\"Helsinki\" srcset=\"https:\/\/2025.umtt.fi\/wp-content\/uploads\/2026\/03\/sijainti-1024x678.jpeg 1024w, https:\/\/2025.umtt.fi\/wp-content\/uploads\/2026\/03\/sijainti-300x199.jpeg 300w, https:\/\/2025.umtt.fi\/wp-content\/uploads\/2026\/03\/sijainti-768x509.jpeg 768w, https:\/\/2025.umtt.fi\/wp-content\/uploads\/2026\/03\/sijainti-1536x1018.jpeg 1536w, https:\/\/2025.umtt.fi\/wp-content\/uploads\/2026\/03\/sijainti-2048x1357.jpeg 2048w\" sizes=\"(max-width: 1024px) 100vw, 1024px\" \/>\n<div class=\"wp-block-cover__inner-container is-layout-flow wp-block-cover-is-layout-flow\">\n<h1 class=\"has-text-align-center has-large-font-size\">Helsinki<\/h1>\n<\/div>\n<\/div>\n\t\t\t\t\t\t\t\t<\/div>\n\t\t\t\t<\/div>\n\t\t\t\t\t<\/div>\n\t\t\t\t<\/div>\n\t\t<div class=\"elementor-element elementor-element-ff00068 e-flex e-con-boxed e-con e-parent\" data-id=\"ff00068\" data-element_type=\"container\">\n\t\t\t\t\t<div class=\"e-con-inner\">\n\t\t\t\t<div class=\"elementor-element elementor-element-d0334a2 elementor-widget elementor-widget-heading\" data-id=\"d0334a2\" data-element_type=\"widget\" data-widget_type=\"heading.default\">\n\t\t\t\t<div class=\"elementor-widget-container\">\n\t\t\t\t\t<h2 class=\"elementor-heading-title elementor-size-default\"><h2 style=\"margin-bottom: 16px;font-family: Muli, Helvetica, Arial, sans-serif;font-size: 24px;line-height: 3rem;font-style: normal;text-align: center\">HELSINKI: Tenholantie 10 B, 00280 Helsinki<span style=\"font-size: 2.625rem;font-style: inherit;font-family: Poppins, sans-serif;text-align: start\"><\/span><\/h2><\/h2>\t\t\t\t<\/div>\n\t\t\t\t<\/div>\n\t\t\t\t\t<\/div>\n\t\t\t\t<\/div>\n\t\t<div class=\"elementor-element elementor-element-58166a2 e-grid e-con-boxed e-con e-parent\" data-id=\"58166a2\" data-element_type=\"container\">\n\t\t\t\t\t<div class=\"e-con-inner\">\n\t\t\t\t<div class=\"elementor-element elementor-element-81fa006 elementor-widget elementor-widget-text-editor\" data-id=\"81fa006\" data-element_type=\"widget\" data-widget_type=\"text-editor.default\">\n\t\t\t\t<div class=\"elementor-widget-container\">\n\t\t\t\t\t\t\t\t\t<p>Kulku toimipaikkaan:<br \/><br \/>Toimipisteemme l\u00f6ytyy B-sis\u00e4\u00e4nk\u00e4ynnist\u00e4, 2. kerros<br \/><br \/>Julkisen liikenteen yhteydet<br \/>Bussi Rautatieasemalta \/ Elielinaukio:<br \/>linjat 332, 321, 200 ja 345 Ruskeasuon pys\u00e4kille, mist\u00e4 n. 500 m k\u00e4vely\u00admatka Ortoniin<br \/>linjat 40 ja 200 Tilkan pys\u00e4kille -&gt; vaihto tien toiselle puolelle -&gt; linja 506 Ortonille Tenho\u00adlan\u00adtielle.<br \/>Bussi Pasilasta (Myllypuro):<br \/>Linja 506 -&gt; Ortonille Tenho\u00adlan\u00adtielle.<br \/>Raitiovaunu nro 10 Helsingin keskus\u00adtasta Ruskeasuon pys\u00e4kille Manner\u00adhei\u00admin\u00adtiell\u00e4, josta n. 500 metrin k\u00e4vely\u00admatka meille.<br \/>Katso muut julkiset kulku\u00adyh\u00adteydet\u00a0<span style=\"text-decoration: underline;\"><a class=\"\" href=\"http:\/\/www.hsl.fi\/\" target=\"_self\" rel=\"noopener\" data-cp-link=\"1\">HSL:n Reittioppaasta.<\/a><\/span><br \/><br \/>Pys\u00e4k\u00f6inti Tenholantiell\u00e4<br \/>Talon edess\u00e4 ja ymp\u00e4rill\u00e4 on maksul\u00adlisia parkki\u00adpaikkoja. Pys\u00e4k\u00f6inti makse\u00adtaan\u00adTas\u00adku\u00adparkki \u2013sovel\u00adluk\u00adsella, jossa on maksu\u00adkortti sy\u00f6tettyn\u00e4 tai ilman Tasku\u00adparkki \u2013sovel\u00adlusta k\u00e4ym\u00e4ll\u00e4 maksuau\u00adto\u00admaa\u00adtilla. Talon v\u00e4lit\u00adt\u00f6\u00adm\u00e4ss\u00e4 l\u00e4hei\u00adsyy\u00addess\u00e4 (Kiskontie) on my\u00f6s 4 tunnin maksut\u00adtomia paikkoja.<br \/><br \/>Henkil\u00f6st\u00f6:<br \/>Ty\u00f6terveyshoitajien s\u00e4hk\u00f6postiosoitteet ovat muotoa etunimi.sukunimi@umtt.fi<br \/>L\u00e4het\u00e4 viesti omalle ty\u00f6terveyshoitajalle Polku-palvelun kautta klikkaamalla h\u00e4nen nime\u00e4\u00e4n.<br \/><br \/>Ty\u00f6terveysl\u00e4\u00e4k\u00e4ri Sami Suomalainen<br \/>Ty\u00f6terveysl\u00e4\u00e4k\u00e4ri Anton Niukkanen<br \/>Ty\u00f6terveysl\u00e4\u00e4k\u00e4ri Jukka Terttunen<br \/><a class=\"\" href=\"https:\/\/umtt.movendosplatform.com\/\" target=\"_self\" rel=\"noopener\" data-cp-link=\"1\"><span style=\"text-decoration: underline;\">Ty\u00f6terveyshoitaja Auli<\/span> Corell<\/a><\/p>\t\t\t\t\t\t\t\t<\/div>\n\t\t\t\t<\/div>\n\t\t\t\t<div class=\"elementor-element elementor-element-13379ff elementor-widget elementor-widget-image\" data-id=\"13379ff\" data-element_type=\"widget\" data-widget_type=\"image.default\">\n\t\t\t\t<div class=\"elementor-widget-container\">\n\t\t\t\t\t\t\t\t\t\t\t\t\t\t\t<img decoding=\"async\" width=\"716\" height=\"1024\" src=\"https:\/\/2025.umtt.fi\/wp-content\/uploads\/2026\/03\/Helsinki-kopio-scaled-1-716x1024.jpg\" class=\"attachment-large size-large wp-image-3195\" alt=\"helsinki kopio scaled\" srcset=\"https:\/\/2025.umtt.fi\/wp-content\/uploads\/2026\/03\/Helsinki-kopio-scaled-1-716x1024.jpg 716w, https:\/\/2025.umtt.fi\/wp-content\/uploads\/2026\/03\/Helsinki-kopio-scaled-1-210x300.jpg 210w, https:\/\/2025.umtt.fi\/wp-content\/uploads\/2026\/03\/Helsinki-kopio-scaled-1-768x1098.jpg 768w, https:\/\/2025.umtt.fi\/wp-content\/uploads\/2026\/03\/Helsinki-kopio-scaled-1-1075x1536.jpg 1075w, https:\/\/2025.umtt.fi\/wp-content\/uploads\/2026\/03\/Helsinki-kopio-scaled-1-1433x2048.jpg 1433w, https:\/\/2025.umtt.fi\/wp-content\/uploads\/2026\/03\/Helsinki-kopio-scaled-1.jpg 1791w\" sizes=\"(max-width: 716px) 100vw, 716px\" title=\"Helsinki\">\t\t\t\t\t\t\t\t\t\t\t\t\t\t\t<\/div>\n\t\t\t\t<\/div>\n\t\t\t\t\t<\/div>\n\t\t\t\t<\/div>\n\t\t\t\t<\/div>","protected":false},"excerpt":{"rendered":"<p>HELSINKI: Tenholantie 10 B, 00280 Helsinki Kulku toimipaikkaan: Toimipisteemme l\u00f6ytyy B-sis\u00e4\u00e4nk\u00e4ynnist\u00e4, 2. kerros Julkisen liikenteen yhteydetBussi Rautatieasemalta \/ Elielinaukio:linjat 332, 321, 200 ja 345 Ruskeasuon pys\u00e4kille, mist\u00e4 n. 500 m k\u00e4vely\u00admatka Ortoniinlinjat 40 ja 200 Tilkan pys\u00e4kille -&gt; vaihto tien toiselle puolelle -&gt; linja 506 Ortonille Tenho\u00adlan\u00adtielle.Bussi Pasilasta (Myllypuro):Linja 506 -&gt; Ortonille Tenho\u00adlan\u00adtielle.Raitiovaunu nro 10 [&hellip;]<\/p>\n","protected":false},"author":3,"featured_media":0,"parent":0,"menu_order":0,"comment_status":"closed","ping_status":"closed","template":"","meta":{"_uag_custom_page_level_css":"","site-sidebar-layout":"default","site-content-layout":"","ast-site-content-layout":"default","site-content-style":"default","site-sidebar-style":"default","ast-global-header-display":"","ast-banner-title-visibility":"","ast-main-header-display":"","ast-hfb-above-header-display":"","ast-hfb-below-header-display":"","ast-hfb-mobile-header-display":"","site-post-title":"","ast-breadcrumbs-content":"","ast-featured-img":"","footer-sml-layout":"","ast-disable-related-posts":"","theme-transparent-header-meta":"","adv-header-id-meta":"","stick-header-meta":"","header-above-stick-meta":"","header-main-stick-meta":"","header-below-stick-meta":"","astra-migrate-meta-layouts":"set","ast-page-background-enabled":"default","ast-page-background-meta":{"desktop":{"background-color":"","background-image":"","background-repeat":"repeat","background-position":"center center","background-size":"auto","background-attachment":"scroll","background-type":"","background-media":"","overlay-type":"","overlay-color":"","overlay-opacity":"","overlay-gradient":""},"tablet":{"background-color":"","background-image":"","background-repeat":"repeat","background-position":"center center","background-size":"auto","background-attachment":"scroll","background-type":"","background-media":"","overlay-type":"","overlay-color":"","overlay-opacity":"","overlay-gradient":""},"mobile":{"background-color":"","background-image":"","background-repeat":"repeat","background-position":"center center","background-size":"auto","background-attachment":"scroll","background-type":"","background-media":"","overlay-type":"","overlay-color":"","overlay-opacity":"","overlay-gradient":""}},"ast-content-background-meta":{"desktop":{"background-color":"var(--ast-global-color-5)","background-image":"","background-repeat":"repeat","background-position":"center center","background-size":"auto","background-attachment":"scroll","background-type":"","background-media":"","overlay-type":"","overlay-color":"","overlay-opacity":"","overlay-gradient":""},"tablet":{"background-color":"var(--ast-global-color-5)","background-image":"","background-repeat":"repeat","background-position":"center center","background-size":"auto","background-attachment":"scroll","background-type":"","background-media":"","overlay-type":"","overlay-color":"","overlay-opacity":"","overlay-gradient":""},"mobile":{"background-color":"var(--ast-global-color-5)","background-image":"","background-repeat":"repeat","background-position":"center center","background-size":"auto","background-attachment":"scroll","background-type":"","background-media":"","overlay-type":"","overlay-color":"","overlay-opacity":"","overlay-gradient":""}},"footnotes":""},"class_list":["post-3193","page","type-page","status-publish","hentry"],"uagb_featured_image_src":{"full":false,"thumbnail":false,"medium":false,"medium_large":false,"large":false,"1536x1536":false,"2048x2048":false,"trp-custom-language-flag":false},"uagb_author_info":{"display_name":"Veera Lahtinen","author_link":"https:\/\/2025.umtt.fi\/sv\/author\/veera\/"},"uagb_comment_info":0,"uagb_excerpt":"HELSINKI: Tenholantie 10 B, 00280 Helsinki Kulku toimipaikkaan: Toimipisteemme l\u00f6ytyy B-sis\u00e4\u00e4nk\u00e4ynnist\u00e4, 2. kerros Julkisen liikenteen yhteydetBussi Rautatieasemalta \/ Elielinaukio:linjat 332, 321, 200 ja 345 Ruskeasuon pys\u00e4kille, mist\u00e4 n. 500 m k\u00e4vely\u00admatka Ortoniinlinjat 40 ja 200 Tilkan pys\u00e4kille -&gt; vaihto tien toiselle puolelle -&gt; linja 506 Ortonille Tenho\u00adlan\u00adtielle.Bussi Pasilasta (Myllypuro):Linja 506 -&gt; Ortonille Tenho\u00adlan\u00adtielle.Raitiovaunu nro 10&hellip;","_links":{"self":[{"href":"https:\/\/2025.umtt.fi\/sv\/wp-json\/wp\/v2\/pages\/3193","targetHints":{"allow":["GET"]}}],"collection":[{"href":"https:\/\/2025.umtt.fi\/sv\/wp-json\/wp\/v2\/pages"}],"about":[{"href":"https:\/\/2025.umtt.fi\/sv\/wp-json\/wp\/v2\/types\/page"}],"author":[{"embeddable":true,"href":"https:\/\/2025.umtt.fi\/sv\/wp-json\/wp\/v2\/users\/3"}],"replies":[{"embeddable":true,"href":"https:\/\/2025.umtt.fi\/sv\/wp-json\/wp\/v2\/comments?post=3193"}],"version-history":[{"count":4,"href":"https:\/\/2025.umtt.fi\/sv\/wp-json\/wp\/v2\/pages\/3193\/revisions"}],"predecessor-version":[{"id":3198,"href":"https:\/\/2025.umtt.fi\/sv\/wp-json\/wp\/v2\/pages\/3193\/revisions\/3198"}],"wp:attachment":[{"href":"https:\/\/2025.umtt.fi\/sv\/wp-json\/wp\/v2\/media?parent=3193"}],"curies":[{"name":"wp","href":"https:\/\/api.w.org\/{rel}","templated":true}]}}