{"id":3156,"date":"2026-03-02T11:24:28","date_gmt":"2026-03-02T11:24:28","guid":{"rendered":"https:\/\/2025.umtt.fi\/?page_id=3156"},"modified":"2026-03-02T11:27:19","modified_gmt":"2026-03-02T11:27:19","slug":"hyvinkaa","status":"publish","type":"page","link":"https:\/\/2025.umtt.fi\/sv\/hyvinkaa\/","title":{"rendered":"Hyvink\u00e4\u00e4"},"content":{"rendered":"<div data-elementor-type=\"wp-page\" data-elementor-id=\"3156\" class=\"elementor elementor-3156\">\n\t\t\t\t<div class=\"elementor-element elementor-element-729665c2 e-flex e-con-boxed e-con e-parent\" data-id=\"729665c2\" data-element_type=\"container\">\n\t\t\t\t\t<div class=\"e-con-inner\">\n\t\t\t\t<div class=\"elementor-element elementor-element-106d2252 elementor-widget elementor-widget-text-editor\" data-id=\"106d2252\" data-element_type=\"widget\" data-widget_type=\"text-editor.default\">\n\t\t\t\t<div class=\"elementor-widget-container\">\n\t\t\t\t\t\t\t\t\t\n<div class=\"wp-block-cover\"><img fetchpriority=\"high\" decoding=\"async\" width=\"1024\" height=\"678\" class=\"wp-block-cover__image-background wp-image-3101\" src=\"https:\/\/2025.umtt.fi\/wp-content\/uploads\/2026\/03\/sijainti-1024x678.jpeg\" alt=\"woman hand using smart phone with navigator location point at street background. technology interenet and travel adventure concept.\" data-object-fit=\"cover\" title=\"Hyvink\u00e4\u00e4\" srcset=\"https:\/\/2025.umtt.fi\/wp-content\/uploads\/2026\/03\/sijainti-1024x678.jpeg 1024w, https:\/\/2025.umtt.fi\/wp-content\/uploads\/2026\/03\/sijainti-300x199.jpeg 300w, https:\/\/2025.umtt.fi\/wp-content\/uploads\/2026\/03\/sijainti-768x509.jpeg 768w, https:\/\/2025.umtt.fi\/wp-content\/uploads\/2026\/03\/sijainti-1536x1018.jpeg 1536w, https:\/\/2025.umtt.fi\/wp-content\/uploads\/2026\/03\/sijainti-2048x1357.jpeg 2048w\" sizes=\"(max-width: 1024px) 100vw, 1024px\" \/>\n<div class=\"wp-block-cover__inner-container is-layout-flow wp-block-cover-is-layout-flow\">\n<h1 class=\"has-text-align-center has-large-font-size\">Hyvink\u00e4\u00e4<\/h1>\n<\/div>\n<\/div>\n\t\t\t\t\t\t\t\t<\/div>\n\t\t\t\t<\/div>\n\t\t\t\t\t<\/div>\n\t\t\t\t<\/div>\n\t\t<div class=\"elementor-element elementor-element-4ecc2cf e-flex e-con-boxed e-con e-parent\" data-id=\"4ecc2cf\" data-element_type=\"container\">\n\t\t\t\t\t<div class=\"e-con-inner\">\n\t\t\t\t<div class=\"elementor-element elementor-element-092ee0b elementor-widget elementor-widget-heading\" data-id=\"092ee0b\" data-element_type=\"widget\" data-widget_type=\"heading.default\">\n\t\t\t\t<div class=\"elementor-widget-container\">\n\t\t\t\t\t<h2 class=\"elementor-heading-title elementor-size-default\"><h2 style=\"margin-bottom: 16px;font-family: Muli, Helvetica, Arial, sans-serif;font-size: 24px;line-height: 3rem;font-style: normal;text-align: center\">HYVINK\u00c4\u00c4: S\u00e4hk\u00f6katu 28, 05800 Hyvink\u00e4\u00e4<span style=\"font-size: 2.625rem;font-style: inherit;font-family: Poppins, sans-serif;text-align: start\"><\/span><\/h2><\/h2>\t\t\t\t<\/div>\n\t\t\t\t<\/div>\n\t\t\t\t\t<\/div>\n\t\t\t\t<\/div>\n\t\t<div class=\"elementor-element elementor-element-ce0285c e-grid e-con-boxed e-con e-parent\" data-id=\"ce0285c\" data-element_type=\"container\">\n\t\t\t\t\t<div class=\"e-con-inner\">\n\t\t\t\t<div class=\"elementor-element elementor-element-e57769f elementor-widget elementor-widget-text-editor\" data-id=\"e57769f\" data-element_type=\"widget\" data-widget_type=\"text-editor.default\">\n\t\t\t\t<div class=\"elementor-widget-container\">\n\t\t\t\t\t\t\t\t\t<p>Kulku toimipaikkaan: Toimipaikka sijaitsee M\u00e4ntykodon yhteydess\u00e4, kulku p\u00e4\u00e4oven kautta. Ovi on lukossa. Paina oven vasemmalla puolella olevaa ovisummeria ja ovi tullaan aukaisemaan. Toimipaikassa asioidessa tulee k\u00e4ytt\u00e4\u00e4 kasvosuojainta, sill\u00e4 samassa rakennuksessa toimii my\u00f6s palvelukoti.<br \/><br \/>Parkkipaikat: Pys\u00e4k\u00f6inti mahdollista pys\u00e4k\u00f6intikiekkoa k\u00e4ytt\u00e4en S\u00e4hk\u00f6kadun ja Urheilukadun varressa.<br \/><br \/>Henkil\u00f6st\u00f6:<br \/>Ty\u00f6terveyshoitajien s\u00e4hk\u00f6postiosoitteet ovat muotoa etunimi.sukunimi@umtt.fi<br \/>L\u00e4het\u00e4 viesti omalle ty\u00f6terveyshoitajalle Polku-palvelun kautta klikkaamalla h\u00e4nen nime\u00e4\u00e4n.<br \/><br \/><span style=\"text-decoration: underline;\"><a class=\"\" href=\"https:\/\/umtt.movendosplatform.com\/\" target=\"_self\" rel=\"noopener\" data-cp-link=\"1\">Ty\u00f6terveyshoitaja Riitta Lohilahti<\/a><\/span><br \/>Ty\u00f6terveyspsykologi Niina Puha<\/p>\t\t\t\t\t\t\t\t<\/div>\n\t\t\t\t<\/div>\n\t\t\t\t<div class=\"elementor-element elementor-element-1674e81 elementor-widget elementor-widget-image\" data-id=\"1674e81\" data-element_type=\"widget\" data-widget_type=\"image.default\">\n\t\t\t\t<div class=\"elementor-widget-container\">\n\t\t\t\t\t\t\t\t\t\t\t\t\t\t\t<img decoding=\"async\" width=\"768\" height=\"1024\" src=\"https:\/\/2025.umtt.fi\/wp-content\/uploads\/2026\/03\/Hyvinkaa_toimipiste-scaled-1-768x1024.jpg\" class=\"attachment-large size-large wp-image-3158\" alt=\"hyvinkaa toimipiste scaled\" srcset=\"https:\/\/2025.umtt.fi\/wp-content\/uploads\/2026\/03\/Hyvinkaa_toimipiste-scaled-1-768x1024.jpg 768w, https:\/\/2025.umtt.fi\/wp-content\/uploads\/2026\/03\/Hyvinkaa_toimipiste-scaled-1-225x300.jpg 225w, https:\/\/2025.umtt.fi\/wp-content\/uploads\/2026\/03\/Hyvinkaa_toimipiste-scaled-1-1152x1536.jpg 1152w, https:\/\/2025.umtt.fi\/wp-content\/uploads\/2026\/03\/Hyvinkaa_toimipiste-scaled-1-1536x2048.jpg 1536w, https:\/\/2025.umtt.fi\/wp-content\/uploads\/2026\/03\/Hyvinkaa_toimipiste-scaled-1.jpg 1920w\" sizes=\"(max-width: 768px) 100vw, 768px\" title=\"Hyvink\u00e4\u00e4\">\t\t\t\t\t\t\t\t\t\t\t\t\t\t\t<\/div>\n\t\t\t\t<\/div>\n\t\t\t\t\t<\/div>\n\t\t\t\t<\/div>\n\t\t\t\t<\/div>","protected":false},"excerpt":{"rendered":"<p>HYVINK\u00c4\u00c4: S\u00e4hk\u00f6katu 28, 05800 Hyvink\u00e4\u00e4 Kulku toimipaikkaan: Toimipaikka sijaitsee M\u00e4ntykodon yhteydess\u00e4, kulku p\u00e4\u00e4oven kautta. Ovi on lukossa. Paina oven vasemmalla puolella olevaa ovisummeria ja ovi tullaan aukaisemaan. Toimipaikassa asioidessa tulee k\u00e4ytt\u00e4\u00e4 kasvosuojainta, sill\u00e4 samassa rakennuksessa toimii my\u00f6s palvelukoti. Parkkipaikat: Pys\u00e4k\u00f6inti mahdollista pys\u00e4k\u00f6intikiekkoa k\u00e4ytt\u00e4en S\u00e4hk\u00f6kadun ja Urheilukadun varressa. Henkil\u00f6st\u00f6:Ty\u00f6terveyshoitajien s\u00e4hk\u00f6postiosoitteet ovat muotoa etunimi.sukunimi@umtt.fiL\u00e4het\u00e4 viesti omalle ty\u00f6terveyshoitajalle [&hellip;]<\/p>\n","protected":false},"author":3,"featured_media":0,"parent":0,"menu_order":0,"comment_status":"closed","ping_status":"closed","template":"","meta":{"_uag_custom_page_level_css":"","site-sidebar-layout":"default","site-content-layout":"","ast-site-content-layout":"default","site-content-style":"default","site-sidebar-style":"default","ast-global-header-display":"","ast-banner-title-visibility":"","ast-main-header-display":"","ast-hfb-above-header-display":"","ast-hfb-below-header-display":"","ast-hfb-mobile-header-display":"","site-post-title":"","ast-breadcrumbs-content":"","ast-featured-img":"","footer-sml-layout":"","ast-disable-related-posts":"","theme-transparent-header-meta":"","adv-header-id-meta":"","stick-header-meta":"","header-above-stick-meta":"","header-main-stick-meta":"","header-below-stick-meta":"","astra-migrate-meta-layouts":"set","ast-page-background-enabled":"default","ast-page-background-meta":{"desktop":{"background-color":"","background-image":"","background-repeat":"repeat","background-position":"center center","background-size":"auto","background-attachment":"scroll","background-type":"","background-media":"","overlay-type":"","overlay-color":"","overlay-opacity":"","overlay-gradient":""},"tablet":{"background-color":"","background-image":"","background-repeat":"repeat","background-position":"center center","background-size":"auto","background-attachment":"scroll","background-type":"","background-media":"","overlay-type":"","overlay-color":"","overlay-opacity":"","overlay-gradient":""},"mobile":{"background-color":"","background-image":"","background-repeat":"repeat","background-position":"center center","background-size":"auto","background-attachment":"scroll","background-type":"","background-media":"","overlay-type":"","overlay-color":"","overlay-opacity":"","overlay-gradient":""}},"ast-content-background-meta":{"desktop":{"background-color":"var(--ast-global-color-5)","background-image":"","background-repeat":"repeat","background-position":"center center","background-size":"auto","background-attachment":"scroll","background-type":"","background-media":"","overlay-type":"","overlay-color":"","overlay-opacity":"","overlay-gradient":""},"tablet":{"background-color":"var(--ast-global-color-5)","background-image":"","background-repeat":"repeat","background-position":"center center","background-size":"auto","background-attachment":"scroll","background-type":"","background-media":"","overlay-type":"","overlay-color":"","overlay-opacity":"","overlay-gradient":""},"mobile":{"background-color":"var(--ast-global-color-5)","background-image":"","background-repeat":"repeat","background-position":"center center","background-size":"auto","background-attachment":"scroll","background-type":"","background-media":"","overlay-type":"","overlay-color":"","overlay-opacity":"","overlay-gradient":""}},"footnotes":""},"class_list":["post-3156","page","type-page","status-publish","hentry"],"uagb_featured_image_src":{"full":false,"thumbnail":false,"medium":false,"medium_large":false,"large":false,"1536x1536":false,"2048x2048":false,"trp-custom-language-flag":false},"uagb_author_info":{"display_name":"Veera Lahtinen","author_link":"https:\/\/2025.umtt.fi\/sv\/author\/veera\/"},"uagb_comment_info":0,"uagb_excerpt":"HYVINK\u00c4\u00c4: S\u00e4hk\u00f6katu 28, 05800 Hyvink\u00e4\u00e4 Kulku toimipaikkaan: Toimipaikka sijaitsee M\u00e4ntykodon yhteydess\u00e4, kulku p\u00e4\u00e4oven kautta. Ovi on lukossa. Paina oven vasemmalla puolella olevaa ovisummeria ja ovi tullaan aukaisemaan. Toimipaikassa asioidessa tulee k\u00e4ytt\u00e4\u00e4 kasvosuojainta, sill\u00e4 samassa rakennuksessa toimii my\u00f6s palvelukoti. Parkkipaikat: Pys\u00e4k\u00f6inti mahdollista pys\u00e4k\u00f6intikiekkoa k\u00e4ytt\u00e4en S\u00e4hk\u00f6kadun ja Urheilukadun varressa. Henkil\u00f6st\u00f6:Ty\u00f6terveyshoitajien s\u00e4hk\u00f6postiosoitteet ovat muotoa etunimi.sukunimi@umtt.fiL\u00e4het\u00e4 viesti omalle ty\u00f6terveyshoitajalle&hellip;","_links":{"self":[{"href":"https:\/\/2025.umtt.fi\/sv\/wp-json\/wp\/v2\/pages\/3156","targetHints":{"allow":["GET"]}}],"collection":[{"href":"https:\/\/2025.umtt.fi\/sv\/wp-json\/wp\/v2\/pages"}],"about":[{"href":"https:\/\/2025.umtt.fi\/sv\/wp-json\/wp\/v2\/types\/page"}],"author":[{"embeddable":true,"href":"https:\/\/2025.umtt.fi\/sv\/wp-json\/wp\/v2\/users\/3"}],"replies":[{"embeddable":true,"href":"https:\/\/2025.umtt.fi\/sv\/wp-json\/wp\/v2\/comments?post=3156"}],"version-history":[{"count":4,"href":"https:\/\/2025.umtt.fi\/sv\/wp-json\/wp\/v2\/pages\/3156\/revisions"}],"predecessor-version":[{"id":3161,"href":"https:\/\/2025.umtt.fi\/sv\/wp-json\/wp\/v2\/pages\/3156\/revisions\/3161"}],"wp:attachment":[{"href":"https:\/\/2025.umtt.fi\/sv\/wp-json\/wp\/v2\/media?parent=3156"}],"curies":[{"name":"wp","href":"https:\/\/api.w.org\/{rel}","templated":true}]}}