{"id":3132,"date":"2026-03-02T11:14:38","date_gmt":"2026-03-02T11:14:38","guid":{"rendered":"https:\/\/2025.umtt.fi\/?page_id=3132"},"modified":"2026-03-02T11:18:14","modified_gmt":"2026-03-02T11:18:14","slug":"jarvenpaa","status":"publish","type":"page","link":"https:\/\/2025.umtt.fi\/sv\/jarvenpaa\/","title":{"rendered":"J\u00e4rvenp\u00e4\u00e4"},"content":{"rendered":"<div data-elementor-type=\"wp-page\" data-elementor-id=\"3132\" class=\"elementor elementor-3132\">\n\t\t\t\t<div class=\"elementor-element elementor-element-6484de15 e-flex e-con-boxed e-con e-parent\" data-id=\"6484de15\" data-element_type=\"container\">\n\t\t\t\t\t<div class=\"e-con-inner\">\n\t\t\t\t<div class=\"elementor-element elementor-element-2c28985a elementor-widget elementor-widget-text-editor\" data-id=\"2c28985a\" data-element_type=\"widget\" data-widget_type=\"text-editor.default\">\n\t\t\t\t<div class=\"elementor-widget-container\">\n\t\t\t\t\t\t\t\t\t\n<div class=\"wp-block-cover\"><img fetchpriority=\"high\" decoding=\"async\" width=\"1024\" height=\"678\" class=\"wp-block-cover__image-background wp-image-3101\" src=\"https:\/\/2025.umtt.fi\/wp-content\/uploads\/2026\/03\/sijainti-1024x678.jpeg\" alt=\"woman hand using smart phone with navigator location point at street background. technology interenet and travel adventure concept.\" data-object-fit=\"cover\" title=\"J\u00e4rvenp\u00e4\u00e4\" srcset=\"https:\/\/2025.umtt.fi\/wp-content\/uploads\/2026\/03\/sijainti-1024x678.jpeg 1024w, https:\/\/2025.umtt.fi\/wp-content\/uploads\/2026\/03\/sijainti-300x199.jpeg 300w, https:\/\/2025.umtt.fi\/wp-content\/uploads\/2026\/03\/sijainti-768x509.jpeg 768w, https:\/\/2025.umtt.fi\/wp-content\/uploads\/2026\/03\/sijainti-1536x1018.jpeg 1536w, https:\/\/2025.umtt.fi\/wp-content\/uploads\/2026\/03\/sijainti-2048x1357.jpeg 2048w\" sizes=\"(max-width: 1024px) 100vw, 1024px\" \/>\n<h1 class=\"wp-block-cover__inner-container is-layout-flow wp-block-cover-is-layout-flow\">J\u00e4rvenp\u00e4\u00e4<\/h1>\n<\/div>\n\n<p>\u00a0<\/p>\n\t\t\t\t\t\t\t\t<\/div>\n\t\t\t\t<\/div>\n\t\t\t\t\t<\/div>\n\t\t\t\t<\/div>\n\t\t<div class=\"elementor-element elementor-element-9d8d798 e-flex e-con-boxed e-con e-parent\" data-id=\"9d8d798\" data-element_type=\"container\">\n\t\t\t\t\t<div class=\"e-con-inner\">\n\t\t\t\t<div class=\"elementor-element elementor-element-55ead48 elementor-widget elementor-widget-heading\" data-id=\"55ead48\" data-element_type=\"widget\" data-widget_type=\"heading.default\">\n\t\t\t\t<div class=\"elementor-widget-container\">\n\t\t\t\t\t<h2 class=\"elementor-heading-title elementor-size-default\"><h2 style=\"margin-bottom: 16px;font-family: Muli, Helvetica, Arial, sans-serif;font-size: 24px;line-height: 3rem;font-style: normal;text-align: center\">J\u00c4RVENP\u00c4\u00c4: Sibeliuksenkatu 14, 04400 J\u00e4rvenp\u00e4\u00e4<span style=\"font-family: Poppins, sans-serif;font-size: 2.625rem;font-style: inherit;text-align: start\"><\/span><\/h2><\/h2>\t\t\t\t<\/div>\n\t\t\t\t<\/div>\n\t\t\t\t\t<\/div>\n\t\t\t\t<\/div>\n\t\t<div class=\"elementor-element elementor-element-93341f8 e-grid e-con-boxed e-con e-parent\" data-id=\"93341f8\" data-element_type=\"container\">\n\t\t\t\t\t<div class=\"e-con-inner\">\n\t\t\t\t<div class=\"elementor-element elementor-element-af24dbe elementor-widget elementor-widget-text-editor\" data-id=\"af24dbe\" data-element_type=\"widget\" data-widget_type=\"text-editor.default\">\n\t\t\t\t<div class=\"elementor-widget-container\">\n\t\t\t\t\t\t\t\t\t<p>Kulku toimipaikkaan: kulku k\u00e4velykadulta talon oikealta puolelta, kahden talon v\u00e4list\u00e4. Sijaitsee toisessa kerroksessa, mahdollisuus k\u00e4ytt\u00e4\u00e4 hissi\u00e4.\u00a0<br \/><br \/>Pahoittelemme ikkunaremontin aiheuttamaa tilap\u00e4ist\u00e4 haittaa toimipisteell\u00e4!<br \/><br \/>Parkkipaikat: Pys\u00e4k\u00f6inti on mahdollista pys\u00e4k\u00f6intikiekkoa k\u00e4ytt\u00e4en esimerkiksi osoitteissa: Mannilantie 36 kohdalta sis\u00e4\u00e4najettava iso parkkipaikka, Tupalantie 3 tai Helsingintie 4\u20138.<br \/><br \/>Henkil\u00f6st\u00f6:<br \/>Ty\u00f6terveyshoitajien s\u00e4hk\u00f6postiosoitteet ovat muotoa etunimi.sukunimi@umtt.fi<br \/>L\u00e4het\u00e4 viesti omalle ty\u00f6terveyshoitajalle Polku-palvelun kautta klikkaamalla h\u00e4nen nime\u00e4\u00e4n.<br \/><br \/><span style=\"text-decoration: underline;\"><a class=\"\" href=\"https:\/\/umtt.movendosplatform.com\/\" target=\"_self\" rel=\"noopener\" data-cp-link=\"1\">Ty\u00f6terveyshoitaja Niina Lepp\u00e4nen<\/a><\/span><br \/><span style=\"text-decoration: underline;\"><a class=\"\" href=\"https:\/\/umtt.movendosplatform.com\/\" target=\"_self\" rel=\"noopener\" data-cp-link=\"1\">Ty\u00f6terveyshoitaja Eija-Miia Louhelainen<br \/>Ty\u00f6terveyshoitaja Anne Larkko<\/a><\/span><br \/>Ty\u00f6terveyspsykologi Kaisa Mannermaa<br \/>Ty\u00f6fysioterapeutti Vilhelmiina Virkki<br \/>Vastaanottohoitaja Osmi Lindstr\u00f6m<\/p>\t\t\t\t\t\t\t\t<\/div>\n\t\t\t\t<\/div>\n\t\t\t\t<div class=\"elementor-element elementor-element-112f98b elementor-widget elementor-widget-image\" data-id=\"112f98b\" data-element_type=\"widget\" data-widget_type=\"image.default\">\n\t\t\t\t<div class=\"elementor-widget-container\">\n\t\t\t\t\t\t\t\t\t\t\t\t\t\t\t<img decoding=\"async\" width=\"1024\" height=\"768\" src=\"https:\/\/2025.umtt.fi\/wp-content\/uploads\/2026\/03\/Jarvenpaa_toimisto_vara1-scaled-1-1024x768.jpg\" class=\"attachment-large size-large wp-image-3134\" alt=\"jarvenpaa toimisto vara1 scaled\" srcset=\"https:\/\/2025.umtt.fi\/wp-content\/uploads\/2026\/03\/Jarvenpaa_toimisto_vara1-scaled-1-1024x768.jpg 1024w, https:\/\/2025.umtt.fi\/wp-content\/uploads\/2026\/03\/Jarvenpaa_toimisto_vara1-scaled-1-300x225.jpg 300w, https:\/\/2025.umtt.fi\/wp-content\/uploads\/2026\/03\/Jarvenpaa_toimisto_vara1-scaled-1-768x576.jpg 768w, https:\/\/2025.umtt.fi\/wp-content\/uploads\/2026\/03\/Jarvenpaa_toimisto_vara1-scaled-1-1536x1152.jpg 1536w, https:\/\/2025.umtt.fi\/wp-content\/uploads\/2026\/03\/Jarvenpaa_toimisto_vara1-scaled-1-2048x1536.jpg 2048w\" sizes=\"(max-width: 1024px) 100vw, 1024px\" title=\"J\u00e4rvenp\u00e4\u00e4\">\t\t\t\t\t\t\t\t\t\t\t\t\t\t\t<\/div>\n\t\t\t\t<\/div>\n\t\t\t\t\t<\/div>\n\t\t\t\t<\/div>\n\t\t\t\t<\/div>","protected":false},"excerpt":{"rendered":"<p>\u00a0 J\u00c4RVENP\u00c4\u00c4: Sibeliuksenkatu 14, 04400 J\u00e4rvenp\u00e4\u00e4 Kulku toimipaikkaan: kulku k\u00e4velykadulta talon oikealta puolelta, kahden talon v\u00e4list\u00e4. Sijaitsee toisessa kerroksessa, mahdollisuus k\u00e4ytt\u00e4\u00e4 hissi\u00e4.\u00a0 Pahoittelemme ikkunaremontin aiheuttamaa tilap\u00e4ist\u00e4 haittaa toimipisteell\u00e4! Parkkipaikat: Pys\u00e4k\u00f6inti on mahdollista pys\u00e4k\u00f6intikiekkoa k\u00e4ytt\u00e4en esimerkiksi osoitteissa: Mannilantie 36 kohdalta sis\u00e4\u00e4najettava iso parkkipaikka, Tupalantie 3 tai Helsingintie 4\u20138. Henkil\u00f6st\u00f6:Ty\u00f6terveyshoitajien s\u00e4hk\u00f6postiosoitteet ovat muotoa etunimi.sukunimi@umtt.fiL\u00e4het\u00e4 viesti omalle ty\u00f6terveyshoitajalle [&hellip;]<\/p>\n","protected":false},"author":3,"featured_media":0,"parent":0,"menu_order":0,"comment_status":"closed","ping_status":"closed","template":"","meta":{"_uag_custom_page_level_css":"","site-sidebar-layout":"default","site-content-layout":"","ast-site-content-layout":"default","site-content-style":"default","site-sidebar-style":"default","ast-global-header-display":"","ast-banner-title-visibility":"","ast-main-header-display":"","ast-hfb-above-header-display":"","ast-hfb-below-header-display":"","ast-hfb-mobile-header-display":"","site-post-title":"","ast-breadcrumbs-content":"","ast-featured-img":"","footer-sml-layout":"","ast-disable-related-posts":"","theme-transparent-header-meta":"","adv-header-id-meta":"","stick-header-meta":"","header-above-stick-meta":"","header-main-stick-meta":"","header-below-stick-meta":"","astra-migrate-meta-layouts":"set","ast-page-background-enabled":"default","ast-page-background-meta":{"desktop":{"background-color":"","background-image":"","background-repeat":"repeat","background-position":"center center","background-size":"auto","background-attachment":"scroll","background-type":"","background-media":"","overlay-type":"","overlay-color":"","overlay-opacity":"","overlay-gradient":""},"tablet":{"background-color":"","background-image":"","background-repeat":"repeat","background-position":"center center","background-size":"auto","background-attachment":"scroll","background-type":"","background-media":"","overlay-type":"","overlay-color":"","overlay-opacity":"","overlay-gradient":""},"mobile":{"background-color":"","background-image":"","background-repeat":"repeat","background-position":"center center","background-size":"auto","background-attachment":"scroll","background-type":"","background-media":"","overlay-type":"","overlay-color":"","overlay-opacity":"","overlay-gradient":""}},"ast-content-background-meta":{"desktop":{"background-color":"var(--ast-global-color-5)","background-image":"","background-repeat":"repeat","background-position":"center center","background-size":"auto","background-attachment":"scroll","background-type":"","background-media":"","overlay-type":"","overlay-color":"","overlay-opacity":"","overlay-gradient":""},"tablet":{"background-color":"var(--ast-global-color-5)","background-image":"","background-repeat":"repeat","background-position":"center center","background-size":"auto","background-attachment":"scroll","background-type":"","background-media":"","overlay-type":"","overlay-color":"","overlay-opacity":"","overlay-gradient":""},"mobile":{"background-color":"var(--ast-global-color-5)","background-image":"","background-repeat":"repeat","background-position":"center center","background-size":"auto","background-attachment":"scroll","background-type":"","background-media":"","overlay-type":"","overlay-color":"","overlay-opacity":"","overlay-gradient":""}},"footnotes":""},"class_list":["post-3132","page","type-page","status-publish","hentry"],"uagb_featured_image_src":{"full":false,"thumbnail":false,"medium":false,"medium_large":false,"large":false,"1536x1536":false,"2048x2048":false,"trp-custom-language-flag":false},"uagb_author_info":{"display_name":"Veera Lahtinen","author_link":"https:\/\/2025.umtt.fi\/sv\/author\/veera\/"},"uagb_comment_info":0,"uagb_excerpt":"\u00a0 J\u00c4RVENP\u00c4\u00c4: Sibeliuksenkatu 14, 04400 J\u00e4rvenp\u00e4\u00e4 Kulku toimipaikkaan: kulku k\u00e4velykadulta talon oikealta puolelta, kahden talon v\u00e4list\u00e4. Sijaitsee toisessa kerroksessa, mahdollisuus k\u00e4ytt\u00e4\u00e4 hissi\u00e4.\u00a0 Pahoittelemme ikkunaremontin aiheuttamaa tilap\u00e4ist\u00e4 haittaa toimipisteell\u00e4! Parkkipaikat: Pys\u00e4k\u00f6inti on mahdollista pys\u00e4k\u00f6intikiekkoa k\u00e4ytt\u00e4en esimerkiksi osoitteissa: Mannilantie 36 kohdalta sis\u00e4\u00e4najettava iso parkkipaikka, Tupalantie 3 tai Helsingintie 4\u20138. Henkil\u00f6st\u00f6:Ty\u00f6terveyshoitajien s\u00e4hk\u00f6postiosoitteet ovat muotoa etunimi.sukunimi@umtt.fiL\u00e4het\u00e4 viesti omalle ty\u00f6terveyshoitajalle&hellip;","_links":{"self":[{"href":"https:\/\/2025.umtt.fi\/sv\/wp-json\/wp\/v2\/pages\/3132","targetHints":{"allow":["GET"]}}],"collection":[{"href":"https:\/\/2025.umtt.fi\/sv\/wp-json\/wp\/v2\/pages"}],"about":[{"href":"https:\/\/2025.umtt.fi\/sv\/wp-json\/wp\/v2\/types\/page"}],"author":[{"embeddable":true,"href":"https:\/\/2025.umtt.fi\/sv\/wp-json\/wp\/v2\/users\/3"}],"replies":[{"embeddable":true,"href":"https:\/\/2025.umtt.fi\/sv\/wp-json\/wp\/v2\/comments?post=3132"}],"version-history":[{"count":10,"href":"https:\/\/2025.umtt.fi\/sv\/wp-json\/wp\/v2\/pages\/3132\/revisions"}],"predecessor-version":[{"id":3143,"href":"https:\/\/2025.umtt.fi\/sv\/wp-json\/wp\/v2\/pages\/3132\/revisions\/3143"}],"wp:attachment":[{"href":"https:\/\/2025.umtt.fi\/sv\/wp-json\/wp\/v2\/media?parent=3132"}],"curies":[{"name":"wp","href":"https:\/\/api.w.org\/{rel}","templated":true}]}}