{"id":3123,"date":"2026-03-02T11:09:33","date_gmt":"2026-03-02T11:09:33","guid":{"rendered":"https:\/\/2025.umtt.fi\/?page_id=3123"},"modified":"2026-03-02T11:12:32","modified_gmt":"2026-03-02T11:12:32","slug":"klaukkala","status":"publish","type":"page","link":"https:\/\/2025.umtt.fi\/sv\/klaukkala\/","title":{"rendered":"Klaukkala"},"content":{"rendered":"<div data-elementor-type=\"wp-page\" data-elementor-id=\"3123\" class=\"elementor elementor-3123\">\n\t\t\t\t<div class=\"elementor-element elementor-element-7f72d8f8 e-flex e-con-boxed e-con e-parent\" data-id=\"7f72d8f8\" data-element_type=\"container\">\n\t\t\t\t\t<div class=\"e-con-inner\">\n\t\t\t\t<div class=\"elementor-element elementor-element-796bda2c elementor-widget elementor-widget-text-editor\" data-id=\"796bda2c\" data-element_type=\"widget\" data-widget_type=\"text-editor.default\">\n\t\t\t\t<div class=\"elementor-widget-container\">\n\t\t\t\t\t\t\t\t\t\n<div class=\"wp-block-cover\"><img fetchpriority=\"high\" decoding=\"async\" width=\"1024\" height=\"678\" class=\"wp-block-cover__image-background wp-image-3101\" src=\"https:\/\/2025.umtt.fi\/wp-content\/uploads\/2026\/03\/sijainti-1024x678.jpeg\" alt=\"woman hand using smart phone with navigator location point at street background. technology interenet and travel adventure concept.\" data-object-fit=\"cover\" title=\"Klaukkala\" srcset=\"https:\/\/2025.umtt.fi\/wp-content\/uploads\/2026\/03\/sijainti-1024x678.jpeg 1024w, https:\/\/2025.umtt.fi\/wp-content\/uploads\/2026\/03\/sijainti-300x199.jpeg 300w, https:\/\/2025.umtt.fi\/wp-content\/uploads\/2026\/03\/sijainti-768x509.jpeg 768w, https:\/\/2025.umtt.fi\/wp-content\/uploads\/2026\/03\/sijainti-1536x1018.jpeg 1536w, https:\/\/2025.umtt.fi\/wp-content\/uploads\/2026\/03\/sijainti-2048x1357.jpeg 2048w\" sizes=\"(max-width: 1024px) 100vw, 1024px\" \/>\n<div class=\"wp-block-cover__inner-container is-layout-flow wp-block-cover-is-layout-flow\">\n<h1 class=\"has-text-align-center has-large-font-size\">Klaukkala<\/h1>\n<\/div>\n<\/div>\n\t\t\t\t\t\t\t\t<\/div>\n\t\t\t\t<\/div>\n\t\t\t\t\t<\/div>\n\t\t\t\t<\/div>\n\t\t<div class=\"elementor-element elementor-element-61dfc2f e-flex e-con-boxed e-con e-parent\" data-id=\"61dfc2f\" data-element_type=\"container\">\n\t\t\t\t\t<div class=\"e-con-inner\">\n\t\t\t\t<div class=\"elementor-element elementor-element-3cdcef5 elementor-widget elementor-widget-heading\" data-id=\"3cdcef5\" data-element_type=\"widget\" data-widget_type=\"heading.default\">\n\t\t\t\t<div class=\"elementor-widget-container\">\n\t\t\t\t\t<h2 class=\"elementor-heading-title elementor-size-default\"><h2 style=\"margin-bottom: 16px;font-family: Muli, Helvetica, Arial, sans-serif;font-size: 24px;line-height: 3rem;font-style: normal;text-align: center\">KLAUKKALA: Vaskom\u00e4entie 2, 01800 Klaukkala<span style=\"font-size: 2.625rem;font-style: inherit;font-family: Poppins, sans-serif;text-align: start\"><\/span><\/h2><\/h2>\t\t\t\t<\/div>\n\t\t\t\t<\/div>\n\t\t\t\t\t<\/div>\n\t\t\t\t<\/div>\n\t\t<div class=\"elementor-element elementor-element-6ef62c5 e-grid e-con-boxed e-con e-parent\" data-id=\"6ef62c5\" data-element_type=\"container\">\n\t\t\t\t\t<div class=\"e-con-inner\">\n\t\t\t\t<div class=\"elementor-element elementor-element-0bdf806 elementor-widget elementor-widget-text-editor\" data-id=\"0bdf806\" data-element_type=\"widget\" data-widget_type=\"text-editor.default\">\n\t\t\t\t<div class=\"elementor-widget-container\">\n\t\t\t\t\t\t\t\t\t<p>Kulku toimipaikkaan: toimipaikka sijaitsee Klaukkalan terveysaseman alakerrassa. K\u00e4ynti terveysaseman p\u00e4\u00e4ovesta, josta hissill\u00e4 \/ portaita alas yksi kerrosv\u00e4li. Hissiaulasta vasemmalle.<br \/><br \/>Parkkipaikat: terveysaseman pihassa ilmaisia parkkipaikkoja.<br \/><br \/>Henkil\u00f6st\u00f6:<br \/>S\u00e4hk\u00f6postiosoitteet ovat muotoa etunimi.sukunimi@umtt.fi<br \/>L\u00e4het\u00e4 viesti omalle ty\u00f6terveyshoitajalle Polku-palvelun kautta klikkaamalla h\u00e4nen nime\u00e4\u00e4n.<br \/><br \/><span style=\"text-decoration: underline;\"><a class=\"\" href=\"https:\/\/umtt.movendosplatform.com\/\" target=\"_self\" rel=\"noopener\" data-cp-link=\"1\">Ty\u00f6terveyshoitaja Eeva V\u00e4\u00e4n\u00e4nen<\/a><\/span><br \/><span style=\"text-decoration: underline;\"><a class=\"\" href=\"https:\/\/umtt.movendosplatform.com\/\" target=\"_self\" rel=\"noopener\" data-cp-link=\"1\">Ty\u00f6terveyshoitaja Anne Okkonen<\/a><\/span><br \/>Ty\u00f6terveyspsykologi Katri Teinil\u00e4<br \/>Ty\u00f6terveyspsykologi Outi Ukonmaanaho-Leinonen<br \/>Ty\u00f6fysioterapeutti Kaisu Lautala<\/p>\t\t\t\t\t\t\t\t<\/div>\n\t\t\t\t<\/div>\n\t\t\t\t<div class=\"elementor-element elementor-element-ab962b3 elementor-widget elementor-widget-image\" data-id=\"ab962b3\" data-element_type=\"widget\" data-widget_type=\"image.default\">\n\t\t\t\t<div class=\"elementor-widget-container\">\n\t\t\t\t\t\t\t\t\t\t\t\t\t\t\t<img decoding=\"async\" width=\"1024\" height=\"768\" src=\"https:\/\/2025.umtt.fi\/wp-content\/uploads\/2026\/03\/Klaukkala_toimisto-1024x768.jpg\" class=\"attachment-large size-large wp-image-3125\" alt=\"klaukkala toimisto\" srcset=\"https:\/\/2025.umtt.fi\/wp-content\/uploads\/2026\/03\/Klaukkala_toimisto-1024x768.jpg 1024w, https:\/\/2025.umtt.fi\/wp-content\/uploads\/2026\/03\/Klaukkala_toimisto-300x225.jpg 300w, https:\/\/2025.umtt.fi\/wp-content\/uploads\/2026\/03\/Klaukkala_toimisto-768x576.jpg 768w, https:\/\/2025.umtt.fi\/wp-content\/uploads\/2026\/03\/Klaukkala_toimisto-1536x1152.jpg 1536w, https:\/\/2025.umtt.fi\/wp-content\/uploads\/2026\/03\/Klaukkala_toimisto.jpg 2000w\" sizes=\"(max-width: 1024px) 100vw, 1024px\" title=\"Klaukkala\">\t\t\t\t\t\t\t\t\t\t\t\t\t\t\t<\/div>\n\t\t\t\t<\/div>\n\t\t\t\t\t<\/div>\n\t\t\t\t<\/div>\n\t\t\t\t<\/div>","protected":false},"excerpt":{"rendered":"<p>KLAUKKALA: Vaskom\u00e4entie 2, 01800 Klaukkala Kulku toimipaikkaan: toimipaikka sijaitsee Klaukkalan terveysaseman alakerrassa. K\u00e4ynti terveysaseman p\u00e4\u00e4ovesta, josta hissill\u00e4 \/ portaita alas yksi kerrosv\u00e4li. Hissiaulasta vasemmalle. Parkkipaikat: terveysaseman pihassa ilmaisia parkkipaikkoja. Henkil\u00f6st\u00f6:S\u00e4hk\u00f6postiosoitteet ovat muotoa etunimi.sukunimi@umtt.fiL\u00e4het\u00e4 viesti omalle ty\u00f6terveyshoitajalle Polku-palvelun kautta klikkaamalla h\u00e4nen nime\u00e4\u00e4n. Ty\u00f6terveyshoitaja Eeva V\u00e4\u00e4n\u00e4nenTy\u00f6terveyshoitaja Anne OkkonenTy\u00f6terveyspsykologi Katri Teinil\u00e4Ty\u00f6terveyspsykologi Outi Ukonmaanaho-LeinonenTy\u00f6fysioterapeutti Kaisu Lautala<\/p>","protected":false},"author":3,"featured_media":0,"parent":0,"menu_order":0,"comment_status":"closed","ping_status":"closed","template":"","meta":{"_uag_custom_page_level_css":"","site-sidebar-layout":"default","site-content-layout":"","ast-site-content-layout":"default","site-content-style":"default","site-sidebar-style":"default","ast-global-header-display":"","ast-banner-title-visibility":"","ast-main-header-display":"","ast-hfb-above-header-display":"","ast-hfb-below-header-display":"","ast-hfb-mobile-header-display":"","site-post-title":"","ast-breadcrumbs-content":"","ast-featured-img":"","footer-sml-layout":"","ast-disable-related-posts":"","theme-transparent-header-meta":"","adv-header-id-meta":"","stick-header-meta":"","header-above-stick-meta":"","header-main-stick-meta":"","header-below-stick-meta":"","astra-migrate-meta-layouts":"set","ast-page-background-enabled":"default","ast-page-background-meta":{"desktop":{"background-color":"","background-image":"","background-repeat":"repeat","background-position":"center center","background-size":"auto","background-attachment":"scroll","background-type":"","background-media":"","overlay-type":"","overlay-color":"","overlay-opacity":"","overlay-gradient":""},"tablet":{"background-color":"","background-image":"","background-repeat":"repeat","background-position":"center center","background-size":"auto","background-attachment":"scroll","background-type":"","background-media":"","overlay-type":"","overlay-color":"","overlay-opacity":"","overlay-gradient":""},"mobile":{"background-color":"","background-image":"","background-repeat":"repeat","background-position":"center center","background-size":"auto","background-attachment":"scroll","background-type":"","background-media":"","overlay-type":"","overlay-color":"","overlay-opacity":"","overlay-gradient":""}},"ast-content-background-meta":{"desktop":{"background-color":"var(--ast-global-color-5)","background-image":"","background-repeat":"repeat","background-position":"center center","background-size":"auto","background-attachment":"scroll","background-type":"","background-media":"","overlay-type":"","overlay-color":"","overlay-opacity":"","overlay-gradient":""},"tablet":{"background-color":"var(--ast-global-color-5)","background-image":"","background-repeat":"repeat","background-position":"center center","background-size":"auto","background-attachment":"scroll","background-type":"","background-media":"","overlay-type":"","overlay-color":"","overlay-opacity":"","overlay-gradient":""},"mobile":{"background-color":"var(--ast-global-color-5)","background-image":"","background-repeat":"repeat","background-position":"center center","background-size":"auto","background-attachment":"scroll","background-type":"","background-media":"","overlay-type":"","overlay-color":"","overlay-opacity":"","overlay-gradient":""}},"footnotes":""},"class_list":["post-3123","page","type-page","status-publish","hentry"],"uagb_featured_image_src":{"full":false,"thumbnail":false,"medium":false,"medium_large":false,"large":false,"1536x1536":false,"2048x2048":false,"trp-custom-language-flag":false},"uagb_author_info":{"display_name":"Veera Lahtinen","author_link":"https:\/\/2025.umtt.fi\/sv\/author\/veera\/"},"uagb_comment_info":0,"uagb_excerpt":"KLAUKKALA: Vaskom\u00e4entie 2, 01800 Klaukkala Kulku toimipaikkaan: toimipaikka sijaitsee Klaukkalan terveysaseman alakerrassa. K\u00e4ynti terveysaseman p\u00e4\u00e4ovesta, josta hissill\u00e4 \/ portaita alas yksi kerrosv\u00e4li. Hissiaulasta vasemmalle. Parkkipaikat: terveysaseman pihassa ilmaisia parkkipaikkoja. Henkil\u00f6st\u00f6:S\u00e4hk\u00f6postiosoitteet ovat muotoa etunimi.sukunimi@umtt.fiL\u00e4het\u00e4 viesti omalle ty\u00f6terveyshoitajalle Polku-palvelun kautta klikkaamalla h\u00e4nen nime\u00e4\u00e4n. Ty\u00f6terveyshoitaja Eeva V\u00e4\u00e4n\u00e4nenTy\u00f6terveyshoitaja Anne OkkonenTy\u00f6terveyspsykologi Katri Teinil\u00e4Ty\u00f6terveyspsykologi Outi Ukonmaanaho-LeinonenTy\u00f6fysioterapeutti Kaisu Lautala","_links":{"self":[{"href":"https:\/\/2025.umtt.fi\/sv\/wp-json\/wp\/v2\/pages\/3123","targetHints":{"allow":["GET"]}}],"collection":[{"href":"https:\/\/2025.umtt.fi\/sv\/wp-json\/wp\/v2\/pages"}],"about":[{"href":"https:\/\/2025.umtt.fi\/sv\/wp-json\/wp\/v2\/types\/page"}],"author":[{"embeddable":true,"href":"https:\/\/2025.umtt.fi\/sv\/wp-json\/wp\/v2\/users\/3"}],"replies":[{"embeddable":true,"href":"https:\/\/2025.umtt.fi\/sv\/wp-json\/wp\/v2\/comments?post=3123"}],"version-history":[{"count":4,"href":"https:\/\/2025.umtt.fi\/sv\/wp-json\/wp\/v2\/pages\/3123\/revisions"}],"predecessor-version":[{"id":3128,"href":"https:\/\/2025.umtt.fi\/sv\/wp-json\/wp\/v2\/pages\/3123\/revisions\/3128"}],"wp:attachment":[{"href":"https:\/\/2025.umtt.fi\/sv\/wp-json\/wp\/v2\/media?parent=3123"}],"curies":[{"name":"wp","href":"https:\/\/api.w.org\/{rel}","templated":true}]}}