{"id":3100,"date":"2026-03-02T10:52:57","date_gmt":"2026-03-02T10:52:57","guid":{"rendered":"https:\/\/2025.umtt.fi\/?page_id=3100"},"modified":"2026-03-02T11:00:20","modified_gmt":"2026-03-02T11:00:20","slug":"nurmijarvi","status":"publish","type":"page","link":"https:\/\/2025.umtt.fi\/sv\/nurmijarvi\/","title":{"rendered":"Nurmij\u00e4rvi"},"content":{"rendered":"<div data-elementor-type=\"wp-page\" data-elementor-id=\"3100\" class=\"elementor elementor-3100\">\n\t\t\t\t<div class=\"elementor-element elementor-element-7f2074a8 e-flex e-con-boxed e-con e-parent\" data-id=\"7f2074a8\" data-element_type=\"container\">\n\t\t\t\t\t<div class=\"e-con-inner\">\n\t\t\t\t<div class=\"elementor-element elementor-element-48b4a272 elementor-widget elementor-widget-text-editor\" data-id=\"48b4a272\" data-element_type=\"widget\" data-widget_type=\"text-editor.default\">\n\t\t\t\t<div class=\"elementor-widget-container\">\n\t\t\t\t\t\t\t\t\t\n<div class=\"wp-block-cover\"><img fetchpriority=\"high\" decoding=\"async\" width=\"1024\" height=\"678\" class=\"wp-block-cover__image-background wp-image-3101\" src=\"https:\/\/2025.umtt.fi\/wp-content\/uploads\/2026\/03\/sijainti-1024x678.jpeg\" alt=\"woman hand using smart phone with navigator location point at street background. technology interenet and travel adventure concept.\" data-object-fit=\"cover\" title=\"Nurmij\u00e4rvi\" srcset=\"https:\/\/2025.umtt.fi\/wp-content\/uploads\/2026\/03\/sijainti-1024x678.jpeg 1024w, https:\/\/2025.umtt.fi\/wp-content\/uploads\/2026\/03\/sijainti-300x199.jpeg 300w, https:\/\/2025.umtt.fi\/wp-content\/uploads\/2026\/03\/sijainti-768x509.jpeg 768w, https:\/\/2025.umtt.fi\/wp-content\/uploads\/2026\/03\/sijainti-1536x1018.jpeg 1536w, https:\/\/2025.umtt.fi\/wp-content\/uploads\/2026\/03\/sijainti-2048x1357.jpeg 2048w\" sizes=\"(max-width: 1024px) 100vw, 1024px\" \/>\n<div class=\"wp-block-cover__inner-container is-layout-flow wp-block-cover-is-layout-flow\">\n<h1 class=\"has-text-align-center has-large-font-size\">Nurmij\u00e4rvi<\/h1>\n<\/div>\n<\/div>\n\n<p>\u00a0<\/p>\n\t\t\t\t\t\t\t\t<\/div>\n\t\t\t\t<\/div>\n\t\t\t\t\t<\/div>\n\t\t\t\t<\/div>\n\t\t<div class=\"elementor-element elementor-element-88d58c9 e-flex e-con-boxed e-con e-parent\" data-id=\"88d58c9\" data-element_type=\"container\">\n\t\t\t\t\t<div class=\"e-con-inner\">\n\t\t\t\t<div class=\"elementor-element elementor-element-017982d elementor-widget elementor-widget-heading\" data-id=\"017982d\" data-element_type=\"widget\" data-widget_type=\"heading.default\">\n\t\t\t\t<div class=\"elementor-widget-container\">\n\t\t\t\t\t<h2 class=\"elementor-heading-title elementor-size-default\"><h2 style=\"margin-bottom: 16px;font-family: Muli, Helvetica, Arial, sans-serif;font-size: 24px;line-height: 3rem;font-style: normal;text-align: center\">NURMIJ\u00c4RVI: Keskustie 5, 01900 Nurmij\u00e4rvi<span style=\"font-family: Poppins, sans-serif;font-size: 2.625rem;font-style: inherit;text-align: start\"><\/span><\/h2><\/h2>\t\t\t\t<\/div>\n\t\t\t\t<\/div>\n\t\t\t\t\t<\/div>\n\t\t\t\t<\/div>\n\t\t<div class=\"elementor-element elementor-element-15da37f e-grid e-con-boxed e-con e-parent\" data-id=\"15da37f\" data-element_type=\"container\">\n\t\t\t\t\t<div class=\"e-con-inner\">\n\t\t\t\t<div class=\"elementor-element elementor-element-54741a8 elementor-widget elementor-widget-text-editor\" data-id=\"54741a8\" data-element_type=\"widget\" data-widget_type=\"text-editor.default\">\n\t\t\t\t<div class=\"elementor-widget-container\">\n\t\t\t\t\t\t\t\t\t<p>Parkkipaikat: talon edess\u00e4 ja vasemmalla puolella on kahden tunnin ilmaisia kiekkopaikkoja.<br \/><br \/>Henkil\u00f6st\u00f6:<br \/>Ty\u00f6terveyshoitajien s\u00e4hk\u00f6postiosoitteet ovat muotoa etunimi.sukunimi@umtt.fi<br \/>L\u00e4het\u00e4 viesti omalle ty\u00f6terveyshoitajalle Polku-palvelun kautta klikkaamalla h\u00e4nen nime\u00e4\u00e4n.<br \/><br \/><span style=\"text-decoration: underline;\"><a class=\"\" href=\"https:\/\/umtt.movendosplatform.com\/\" target=\"_self\" rel=\"noopener\" data-cp-link=\"1\">Ty\u00f6terveyshoitaja Riitta Lohilahti<\/a><\/span><br \/><span style=\"text-decoration: underline;\"><a class=\"\" href=\"https:\/\/umtt.movendosplatform.com\/\" target=\"_self\" rel=\"noopener\" data-cp-link=\"1\">Tyoterveyshoitaja Heini Ikonen<br \/>Ty\u00f6terveyshoitaja Auli Corell<\/a><\/span><br \/>Ty\u00f6terveyspsykologi Heini P\u00e4ivinen<br \/>Ravitsemusterapeutti Kirsi M\u00e4nnist\u00f6<br \/>Sairaanhoitaja Anu K\u00f6psi<\/p>\t\t\t\t\t\t\t\t<\/div>\n\t\t\t\t<\/div>\n\t\t\t\t<div class=\"elementor-element elementor-element-70c27bb elementor-widget elementor-widget-image\" data-id=\"70c27bb\" data-element_type=\"widget\" data-widget_type=\"image.default\">\n\t\t\t\t<div class=\"elementor-widget-container\">\n\t\t\t\t\t\t\t\t\t\t\t\t\t\t\t<img decoding=\"async\" width=\"1024\" height=\"588\" src=\"https:\/\/2025.umtt.fi\/wp-content\/uploads\/2026\/03\/cropped-Nurmijarvi_ulkokuva-scaled-1-1024x588.jpg\" class=\"attachment-large size-large wp-image-3106\" alt=\"cropped nurmijarvi ulkokuva scaled 1\" srcset=\"https:\/\/2025.umtt.fi\/wp-content\/uploads\/2026\/03\/cropped-Nurmijarvi_ulkokuva-scaled-1-1024x588.jpg 1024w, https:\/\/2025.umtt.fi\/wp-content\/uploads\/2026\/03\/cropped-Nurmijarvi_ulkokuva-scaled-1-300x172.jpg 300w, https:\/\/2025.umtt.fi\/wp-content\/uploads\/2026\/03\/cropped-Nurmijarvi_ulkokuva-scaled-1-768x441.jpg 768w, https:\/\/2025.umtt.fi\/wp-content\/uploads\/2026\/03\/cropped-Nurmijarvi_ulkokuva-scaled-1-1536x882.jpg 1536w, https:\/\/2025.umtt.fi\/wp-content\/uploads\/2026\/03\/cropped-Nurmijarvi_ulkokuva-scaled-1-2048x1176.jpg 2048w\" sizes=\"(max-width: 1024px) 100vw, 1024px\" title=\"Nurmij\u00e4rvi\">\t\t\t\t\t\t\t\t\t\t\t\t\t\t\t<\/div>\n\t\t\t\t<\/div>\n\t\t\t\t\t<\/div>\n\t\t\t\t<\/div>\n\t\t\t\t<\/div>","protected":false},"excerpt":{"rendered":"<p>\u00a0 NURMIJ\u00c4RVI: Keskustie 5, 01900 Nurmij\u00e4rvi Parkkipaikat: talon edess\u00e4 ja vasemmalla puolella on kahden tunnin ilmaisia kiekkopaikkoja. Henkil\u00f6st\u00f6:Ty\u00f6terveyshoitajien s\u00e4hk\u00f6postiosoitteet ovat muotoa etunimi.sukunimi@umtt.fiL\u00e4het\u00e4 viesti omalle ty\u00f6terveyshoitajalle Polku-palvelun kautta klikkaamalla h\u00e4nen nime\u00e4\u00e4n. Ty\u00f6terveyshoitaja Riitta LohilahtiTyoterveyshoitaja Heini IkonenTy\u00f6terveyshoitaja Auli CorellTy\u00f6terveyspsykologi Heini P\u00e4ivinenRavitsemusterapeutti Kirsi M\u00e4nnist\u00f6Sairaanhoitaja Anu K\u00f6psi<\/p>","protected":false},"author":3,"featured_media":0,"parent":0,"menu_order":0,"comment_status":"closed","ping_status":"closed","template":"","meta":{"_uag_custom_page_level_css":"","site-sidebar-layout":"default","site-content-layout":"","ast-site-content-layout":"default","site-content-style":"default","site-sidebar-style":"default","ast-global-header-display":"","ast-banner-title-visibility":"","ast-main-header-display":"","ast-hfb-above-header-display":"","ast-hfb-below-header-display":"","ast-hfb-mobile-header-display":"","site-post-title":"","ast-breadcrumbs-content":"","ast-featured-img":"","footer-sml-layout":"","ast-disable-related-posts":"","theme-transparent-header-meta":"","adv-header-id-meta":"","stick-header-meta":"","header-above-stick-meta":"","header-main-stick-meta":"","header-below-stick-meta":"","astra-migrate-meta-layouts":"set","ast-page-background-enabled":"default","ast-page-background-meta":{"desktop":{"background-color":"","background-image":"","background-repeat":"repeat","background-position":"center center","background-size":"auto","background-attachment":"scroll","background-type":"","background-media":"","overlay-type":"","overlay-color":"","overlay-opacity":"","overlay-gradient":""},"tablet":{"background-color":"","background-image":"","background-repeat":"repeat","background-position":"center center","background-size":"auto","background-attachment":"scroll","background-type":"","background-media":"","overlay-type":"","overlay-color":"","overlay-opacity":"","overlay-gradient":""},"mobile":{"background-color":"","background-image":"","background-repeat":"repeat","background-position":"center center","background-size":"auto","background-attachment":"scroll","background-type":"","background-media":"","overlay-type":"","overlay-color":"","overlay-opacity":"","overlay-gradient":""}},"ast-content-background-meta":{"desktop":{"background-color":"var(--ast-global-color-5)","background-image":"","background-repeat":"repeat","background-position":"center center","background-size":"auto","background-attachment":"scroll","background-type":"","background-media":"","overlay-type":"","overlay-color":"","overlay-opacity":"","overlay-gradient":""},"tablet":{"background-color":"var(--ast-global-color-5)","background-image":"","background-repeat":"repeat","background-position":"center center","background-size":"auto","background-attachment":"scroll","background-type":"","background-media":"","overlay-type":"","overlay-color":"","overlay-opacity":"","overlay-gradient":""},"mobile":{"background-color":"var(--ast-global-color-5)","background-image":"","background-repeat":"repeat","background-position":"center center","background-size":"auto","background-attachment":"scroll","background-type":"","background-media":"","overlay-type":"","overlay-color":"","overlay-opacity":"","overlay-gradient":""}},"footnotes":""},"class_list":["post-3100","page","type-page","status-publish","hentry"],"uagb_featured_image_src":{"full":false,"thumbnail":false,"medium":false,"medium_large":false,"large":false,"1536x1536":false,"2048x2048":false,"trp-custom-language-flag":false},"uagb_author_info":{"display_name":"Veera Lahtinen","author_link":"https:\/\/2025.umtt.fi\/sv\/author\/veera\/"},"uagb_comment_info":0,"uagb_excerpt":"\u00a0 NURMIJ\u00c4RVI: Keskustie 5, 01900 Nurmij\u00e4rvi Parkkipaikat: talon edess\u00e4 ja vasemmalla puolella on kahden tunnin ilmaisia kiekkopaikkoja. Henkil\u00f6st\u00f6:Ty\u00f6terveyshoitajien s\u00e4hk\u00f6postiosoitteet ovat muotoa etunimi.sukunimi@umtt.fiL\u00e4het\u00e4 viesti omalle ty\u00f6terveyshoitajalle Polku-palvelun kautta klikkaamalla h\u00e4nen nime\u00e4\u00e4n. Ty\u00f6terveyshoitaja Riitta LohilahtiTyoterveyshoitaja Heini IkonenTy\u00f6terveyshoitaja Auli CorellTy\u00f6terveyspsykologi Heini P\u00e4ivinenRavitsemusterapeutti Kirsi M\u00e4nnist\u00f6Sairaanhoitaja Anu K\u00f6psi","_links":{"self":[{"href":"https:\/\/2025.umtt.fi\/sv\/wp-json\/wp\/v2\/pages\/3100","targetHints":{"allow":["GET"]}}],"collection":[{"href":"https:\/\/2025.umtt.fi\/sv\/wp-json\/wp\/v2\/pages"}],"about":[{"href":"https:\/\/2025.umtt.fi\/sv\/wp-json\/wp\/v2\/types\/page"}],"author":[{"embeddable":true,"href":"https:\/\/2025.umtt.fi\/sv\/wp-json\/wp\/v2\/users\/3"}],"replies":[{"embeddable":true,"href":"https:\/\/2025.umtt.fi\/sv\/wp-json\/wp\/v2\/comments?post=3100"}],"version-history":[{"count":4,"href":"https:\/\/2025.umtt.fi\/sv\/wp-json\/wp\/v2\/pages\/3100\/revisions"}],"predecessor-version":[{"id":3110,"href":"https:\/\/2025.umtt.fi\/sv\/wp-json\/wp\/v2\/pages\/3100\/revisions\/3110"}],"wp:attachment":[{"href":"https:\/\/2025.umtt.fi\/sv\/wp-json\/wp\/v2\/media?parent=3100"}],"curies":[{"name":"wp","href":"https:\/\/api.w.org\/{rel}","templated":true}]}}