{"id":2944,"date":"2026-02-12T11:45:39","date_gmt":"2026-02-12T11:45:39","guid":{"rendered":"https:\/\/2025.umtt.fi\/?page_id=2944"},"modified":"2026-03-05T11:32:01","modified_gmt":"2026-03-05T11:32:01","slug":"tyoterveyskyselyt","status":"publish","type":"page","link":"https:\/\/2025.umtt.fi\/sv\/tyoterveyskyselyt\/","title":{"rendered":"Ty\u00f6terveyskyselyt"},"content":{"rendered":"<div data-elementor-type=\"wp-page\" data-elementor-id=\"2944\" class=\"elementor elementor-2944\">\n\t\t\t\t<div class=\"elementor-element elementor-element-79477567 e-con-full e-flex e-con e-parent\" data-id=\"79477567\" data-element_type=\"container\">\n\t\t\t\t<div class=\"elementor-element elementor-element-8b685e4 elementor-widget elementor-widget-image\" data-id=\"8b685e4\" data-element_type=\"widget\" data-widget_type=\"image.default\">\n\t\t\t\t<div class=\"elementor-widget-container\">\n\t\t\t\t\t\t\t\t\t\t\t\t\t\t\t<img fetchpriority=\"high\" decoding=\"async\" width=\"1024\" height=\"683\" src=\"https:\/\/2025.umtt.fi\/wp-content\/uploads\/2026\/01\/sopimusyhteyshenkilo-1024x683.jpeg\" class=\"attachment-large size-large wp-image-2786\" alt=\"doctor holding test results and consulting patient at desk medic\" srcset=\"https:\/\/2025.umtt.fi\/wp-content\/uploads\/2026\/01\/sopimusyhteyshenkilo-1024x683.jpeg 1024w, https:\/\/2025.umtt.fi\/wp-content\/uploads\/2026\/01\/sopimusyhteyshenkilo-300x200.jpeg 300w, https:\/\/2025.umtt.fi\/wp-content\/uploads\/2026\/01\/sopimusyhteyshenkilo-768x512.jpeg 768w, https:\/\/2025.umtt.fi\/wp-content\/uploads\/2026\/01\/sopimusyhteyshenkilo-1536x1024.jpeg 1536w, https:\/\/2025.umtt.fi\/wp-content\/uploads\/2026\/01\/sopimusyhteyshenkilo-2048x1365.jpeg 2048w\" sizes=\"(max-width: 1024px) 100vw, 1024px\" title=\"Ty\u00f6terveyskyselyt\">\t\t\t\t\t\t\t\t\t\t\t\t\t\t\t<\/div>\n\t\t\t\t<\/div>\n\t\t\t\t<div class=\"elementor-element elementor-element-d2e5253 elementor-absolute elementor-widget elementor-widget-heading\" data-id=\"d2e5253\" data-element_type=\"widget\" data-settings=\"{&quot;_position&quot;:&quot;absolute&quot;}\" data-widget_type=\"heading.default\">\n\t\t\t\t<div class=\"elementor-widget-container\">\n\t\t\t\t\t<h2 class=\"elementor-heading-title elementor-size-default\">Ty\u00f6terveyskyselyt<\/h2>\t\t\t\t<\/div>\n\t\t\t\t<\/div>\n\t\t\t\t<\/div>\n\t\t<div class=\"elementor-element elementor-element-af430a3 e-grid e-con-boxed e-con e-parent\" data-id=\"af430a3\" data-element_type=\"container\">\n\t\t\t\t\t<div class=\"e-con-inner\">\n\t\t\t\t<div class=\"elementor-element elementor-element-75b4557 elementor-widget elementor-widget-text-editor\" data-id=\"75b4557\" data-element_type=\"widget\" data-widget_type=\"text-editor.default\">\n\t\t\t\t<div class=\"elementor-widget-container\">\n\t\t\t\t\t\t\t\t\t<h5>S\u00e4hk\u00f6iset ty\u00f6terveyskyselyt<\/h5>\n<p class=\"lead\">Kun olet varannut tai varaamassa aikaa terveystarkastukseen, t\u00e4yt\u00e4 alla oleva ty\u00f6terveyskysely viimeist\u00e4\u00e4n tarkastusta edelt\u00e4v\u00e4n\u00e4 p\u00e4iv\u00e4n\u00e4. Kyselyyn vastaamiseen on hyv\u00e4 varata aikaa noin 20 min.<br \/>Kysely k\u00e4yd\u00e4\u00e4n l\u00e4pi ty\u00f6terveystarkastuksessa ja se taltioidaan Uudenmaan ty\u00f6terveyden potilastietoj\u00e4rjestelm\u00e4\u00e4n Sinun tietoihisi. Kysely on luottamuksellinen.<br \/>Valitse kysely ty\u00f6si mukaan. Jos ty\u00f6h\u00f6si sis\u00e4ltyy y\u00f6ty\u00f6t\u00e4, t\u00e4yt\u00e4 lis\u00e4ksi y\u00f6ty\u00f6kysely.<\/p>\t\t\t\t\t\t\t\t<\/div>\n\t\t\t\t<\/div>\n\t\t\t\t<div class=\"elementor-element elementor-element-0265068 elementor-widget elementor-widget-text-editor\" data-id=\"0265068\" data-element_type=\"widget\" data-widget_type=\"text-editor.default\">\n\t\t\t\t<div class=\"elementor-widget-container\">\n\t\t\t\t\t\t\t\t\t<p><strong>Kyselyihin p\u00e4\u00e4set alla olevista linkeist\u00e4:<\/strong><br \/><span style=\"text-decoration: underline;\"><a class=\"\" href=\"https:\/\/utt.msurvey.fi\/#survey?id=496917\" target=\"_self\" data-cp-link=\"1\">Kuljetusalan ty\u00f6terveyskysely<\/a><\/span><br \/><span style=\"text-decoration: underline;\"><a class=\"\" href=\"https:\/\/utt.msurvey.fi\/#survey?id=395997\" target=\"_self\" data-cp-link=\"1\">Muiden alojen ty\u00f6terveyskysely<\/a><\/span><br \/><span style=\"text-decoration: underline;\"><a class=\"\" href=\"https:\/\/utt.msurvey.fi\/#survey?id=836276\" target=\"_self\" data-cp-link=\"1\">Toimihenkil\u00f6iden ty\u00f6terveyskysely<\/a><\/span><br \/><span style=\"text-decoration: underline;\"><a class=\"\" href=\"https:\/\/utt.msurvey.fi\/#survey?id=546762\" target=\"_self\" data-cp-link=\"1\">Vuoroty\u00f6 \/ y\u00f6ty\u00f6kysely<\/a><\/span><br \/><span style=\"text-decoration: underline;\"><a class=\"\" href=\"https:\/\/utt.msurvey.fi\/#survey?id=997349\" target=\"_self\" data-cp-link=\"1\">Hoito- ja avustajanty\u00f6n terveystarkastuskysely <\/a><\/span><br \/>Kiitos vastaamisesta!<\/p>\t\t\t\t\t\t\t\t<\/div>\n\t\t\t\t<\/div>\n\t\t\t\t\t<\/div>\n\t\t\t\t<\/div>\n\t\t\t\t<\/div>","protected":false},"excerpt":{"rendered":"<p>Ty\u00f6terveyskyselyt S\u00e4hk\u00f6iset ty\u00f6terveyskyselyt Kun olet varannut tai varaamassa aikaa terveystarkastukseen, t\u00e4yt\u00e4 alla oleva ty\u00f6terveyskysely viimeist\u00e4\u00e4n tarkastusta edelt\u00e4v\u00e4n\u00e4 p\u00e4iv\u00e4n\u00e4. Kyselyyn vastaamiseen on hyv\u00e4 varata aikaa noin 20 min.Kysely k\u00e4yd\u00e4\u00e4n l\u00e4pi ty\u00f6terveystarkastuksessa ja se taltioidaan Uudenmaan ty\u00f6terveyden potilastietoj\u00e4rjestelm\u00e4\u00e4n Sinun tietoihisi. Kysely on luottamuksellinen.Valitse kysely ty\u00f6si mukaan. Jos ty\u00f6h\u00f6si sis\u00e4ltyy y\u00f6ty\u00f6t\u00e4, t\u00e4yt\u00e4 lis\u00e4ksi y\u00f6ty\u00f6kysely. Kyselyihin p\u00e4\u00e4set alla olevista [&hellip;]<\/p>\n","protected":false},"author":3,"featured_media":0,"parent":0,"menu_order":0,"comment_status":"closed","ping_status":"closed","template":"","meta":{"_uag_custom_page_level_css":"","site-sidebar-layout":"default","site-content-layout":"","ast-site-content-layout":"default","site-content-style":"default","site-sidebar-style":"default","ast-global-header-display":"","ast-banner-title-visibility":"","ast-main-header-display":"","ast-hfb-above-header-display":"","ast-hfb-below-header-display":"","ast-hfb-mobile-header-display":"","site-post-title":"","ast-breadcrumbs-content":"","ast-featured-img":"","footer-sml-layout":"","ast-disable-related-posts":"","theme-transparent-header-meta":"","adv-header-id-meta":"","stick-header-meta":"","header-above-stick-meta":"","header-main-stick-meta":"","header-below-stick-meta":"","astra-migrate-meta-layouts":"set","ast-page-background-enabled":"default","ast-page-background-meta":{"desktop":{"background-color":"","background-image":"","background-repeat":"repeat","background-position":"center center","background-size":"auto","background-attachment":"scroll","background-type":"","background-media":"","overlay-type":"","overlay-color":"","overlay-opacity":"","overlay-gradient":""},"tablet":{"background-color":"","background-image":"","background-repeat":"repeat","background-position":"center center","background-size":"auto","background-attachment":"scroll","background-type":"","background-media":"","overlay-type":"","overlay-color":"","overlay-opacity":"","overlay-gradient":""},"mobile":{"background-color":"","background-image":"","background-repeat":"repeat","background-position":"center center","background-size":"auto","background-attachment":"scroll","background-type":"","background-media":"","overlay-type":"","overlay-color":"","overlay-opacity":"","overlay-gradient":""}},"ast-content-background-meta":{"desktop":{"background-color":"var(--ast-global-color-5)","background-image":"","background-repeat":"repeat","background-position":"center center","background-size":"auto","background-attachment":"scroll","background-type":"","background-media":"","overlay-type":"","overlay-color":"","overlay-opacity":"","overlay-gradient":""},"tablet":{"background-color":"var(--ast-global-color-5)","background-image":"","background-repeat":"repeat","background-position":"center center","background-size":"auto","background-attachment":"scroll","background-type":"","background-media":"","overlay-type":"","overlay-color":"","overlay-opacity":"","overlay-gradient":""},"mobile":{"background-color":"var(--ast-global-color-5)","background-image":"","background-repeat":"repeat","background-position":"center center","background-size":"auto","background-attachment":"scroll","background-type":"","background-media":"","overlay-type":"","overlay-color":"","overlay-opacity":"","overlay-gradient":""}},"footnotes":""},"class_list":["post-2944","page","type-page","status-publish","hentry"],"uagb_featured_image_src":{"full":false,"thumbnail":false,"medium":false,"medium_large":false,"large":false,"1536x1536":false,"2048x2048":false,"trp-custom-language-flag":false},"uagb_author_info":{"display_name":"Veera Lahtinen","author_link":"https:\/\/2025.umtt.fi\/sv\/author\/veera\/"},"uagb_comment_info":0,"uagb_excerpt":"Ty\u00f6terveyskyselyt S\u00e4hk\u00f6iset ty\u00f6terveyskyselyt Kun olet varannut tai varaamassa aikaa terveystarkastukseen, t\u00e4yt\u00e4 alla oleva ty\u00f6terveyskysely viimeist\u00e4\u00e4n tarkastusta edelt\u00e4v\u00e4n\u00e4 p\u00e4iv\u00e4n\u00e4. Kyselyyn vastaamiseen on hyv\u00e4 varata aikaa noin 20 min.Kysely k\u00e4yd\u00e4\u00e4n l\u00e4pi ty\u00f6terveystarkastuksessa ja se taltioidaan Uudenmaan ty\u00f6terveyden potilastietoj\u00e4rjestelm\u00e4\u00e4n Sinun tietoihisi. Kysely on luottamuksellinen.Valitse kysely ty\u00f6si mukaan. Jos ty\u00f6h\u00f6si sis\u00e4ltyy y\u00f6ty\u00f6t\u00e4, t\u00e4yt\u00e4 lis\u00e4ksi y\u00f6ty\u00f6kysely. Kyselyihin p\u00e4\u00e4set alla olevista&hellip;","_links":{"self":[{"href":"https:\/\/2025.umtt.fi\/sv\/wp-json\/wp\/v2\/pages\/2944","targetHints":{"allow":["GET"]}}],"collection":[{"href":"https:\/\/2025.umtt.fi\/sv\/wp-json\/wp\/v2\/pages"}],"about":[{"href":"https:\/\/2025.umtt.fi\/sv\/wp-json\/wp\/v2\/types\/page"}],"author":[{"embeddable":true,"href":"https:\/\/2025.umtt.fi\/sv\/wp-json\/wp\/v2\/users\/3"}],"replies":[{"embeddable":true,"href":"https:\/\/2025.umtt.fi\/sv\/wp-json\/wp\/v2\/comments?post=2944"}],"version-history":[{"count":70,"href":"https:\/\/2025.umtt.fi\/sv\/wp-json\/wp\/v2\/pages\/2944\/revisions"}],"predecessor-version":[{"id":3399,"href":"https:\/\/2025.umtt.fi\/sv\/wp-json\/wp\/v2\/pages\/2944\/revisions\/3399"}],"wp:attachment":[{"href":"https:\/\/2025.umtt.fi\/sv\/wp-json\/wp\/v2\/media?parent=2944"}],"curies":[{"name":"wp","href":"https:\/\/api.w.org\/{rel}","templated":true}]}}