{"id":2639,"date":"2026-01-12T13:12:21","date_gmt":"2026-01-12T13:12:21","guid":{"rendered":"https:\/\/2025.umtt.fi\/?page_id=2639"},"modified":"2026-02-11T14:42:01","modified_gmt":"2026-02-11T14:42:01","slug":"tarjouspyynnot","status":"publish","type":"page","link":"https:\/\/2025.umtt.fi\/sv\/tarjouspyynnot\/","title":{"rendered":"Tarjouspyynn\u00f6t"},"content":{"rendered":"\t\t<div data-elementor-type=\"wp-page\" data-elementor-id=\"2639\" class=\"elementor elementor-2639\">\n\t\t\t\t<div class=\"elementor-element elementor-element-1655e2a7 e-flex e-con-boxed e-con e-parent\" data-id=\"1655e2a7\" data-element_type=\"container\">\n\t\t\t\t\t<div class=\"e-con-inner\">\n\t\t\t\t<div class=\"elementor-element elementor-element-50dc11f6 elementor-widget elementor-widget-text-editor\" data-id=\"50dc11f6\" data-element_type=\"widget\" data-widget_type=\"text-editor.default\">\n\t\t\t\t<div class=\"elementor-widget-container\">\n\t\t\t\t\t\t\t\t\t\n<div class=\"wp-block-cover\"><img fetchpriority=\"high\" decoding=\"async\" width=\"1024\" height=\"683\" class=\"wp-block-cover__image-background wp-image-2748\" src=\"https:\/\/2025.umtt.fi\/wp-content\/uploads\/2026\/01\/sopimus-1-1024x683.jpeg\" alt=\"crop person signing contract\" data-object-fit=\"cover\" title=\"Tarjouspyynn\u00f6t\" srcset=\"https:\/\/2025.umtt.fi\/wp-content\/uploads\/2026\/01\/sopimus-1-1024x683.jpeg 1024w, https:\/\/2025.umtt.fi\/wp-content\/uploads\/2026\/01\/sopimus-1-300x200.jpeg 300w, https:\/\/2025.umtt.fi\/wp-content\/uploads\/2026\/01\/sopimus-1-768x513.jpeg 768w, https:\/\/2025.umtt.fi\/wp-content\/uploads\/2026\/01\/sopimus-1-1536x1025.jpeg 1536w\" sizes=\"(max-width: 1024px) 100vw, 1024px\" \/>\n<div class=\"wp-block-cover__inner-container is-layout-flow wp-block-cover-is-layout-flow\">\n<h1 class=\"has-text-align-center has-large-font-size\">Tarjouspyynn\u00f6t<\/h1>\n<\/div>\n<\/div>\n\t\t\t\t\t\t\t\t<\/div>\n\t\t\t\t<\/div>\n\t\t\t\t\t<\/div>\n\t\t\t\t<\/div>\n\t\t<div class=\"elementor-element elementor-element-415ab91 e-flex e-con-boxed e-con e-parent\" data-id=\"415ab91\" data-element_type=\"container\">\n\t\t\t\t\t<div class=\"e-con-inner\">\n\t\t<div class=\"elementor-element elementor-element-71801a6 e-con-full e-flex e-con e-child\" data-id=\"71801a6\" data-element_type=\"container\">\n\t\t\t\t<div class=\"elementor-element elementor-element-c784a60 elementor-widget elementor-widget-text-editor\" data-id=\"c784a60\" data-element_type=\"widget\" data-widget_type=\"text-editor.default\">\n\t\t\t\t<div class=\"elementor-widget-container\">\n\t\t\t\t\t\t\t\t\t<h4>Pyyd\u00e4 tarjous<\/h4>\n<p class=\"lead\">PYYD\u00c4 TARJOUS, OTAMME SINUUN YHTEYTT\u00c4 2-3 ARKIP\u00c4IV\u00c4N KULUESSA!<\/p>\t\t\t\t\t\t\t\t<\/div>\n\t\t\t\t<\/div>\n\t\t\t\t<\/div>\n\t\t\t\t<div class=\"elementor-element elementor-element-a8536c8 elementor-widget elementor-widget-wpforms\" data-id=\"a8536c8\" data-element_type=\"widget\" data-widget_type=\"wpforms.default\">\n\t\t\t\t<div class=\"elementor-widget-container\">\n\t\t\t\t\t<div class=\"wpforms-container wpforms-container-full\" id=\"wpforms-2879\"><form id=\"wpforms-form-2879\" class=\"wpforms-validate wpforms-form wpforms-ajax-form\" data-formid=\"2879\" method=\"post\" enctype=\"multipart\/form-data\" action=\"\/sv\/wp-json\/wp\/v2\/pages\/2639\" data-token=\"ae66b5679cc3f48f038c19777a4da74d\" data-token-time=\"1777302081\"><noscript class=\"wpforms-error-noscript\">Aktivera JavaScript i din webbl\u00e4sare f\u00f6r att fylla i formul\u00e4ret.<\/noscript><div class=\"wpforms-field-container\"><div id=\"wpforms-2879-field_1-container\" class=\"wpforms-field wpforms-field-name\" data-field-id=\"1\"><label class=\"wpforms-field-label\" for=\"wpforms-2879-field_1\">Yrityksen nimi <span class=\"wpforms-required-label\">*<\/span><\/label><input type=\"text\" id=\"wpforms-2879-field_1\" class=\"wpforms-field-medium wpforms-field-required\" name=\"wpforms[fields][1]\" required><\/div><div id=\"wpforms-2879-field_2-container\" class=\"wpforms-field wpforms-field-text\" data-field-id=\"2\"><label class=\"wpforms-field-label\" for=\"wpforms-2879-field_2\">Y-Tunnus<\/label><input type=\"text\" id=\"wpforms-2879-field_2\" class=\"wpforms-field-medium\" name=\"wpforms[fields][2]\" ><\/div><div id=\"wpforms-2879-field_3-container\" class=\"wpforms-field wpforms-field-name\" data-field-id=\"3\"><label class=\"wpforms-field-label\" for=\"wpforms-2879-field_3\">Yhteyshenkil\u00f6n nimi <span class=\"wpforms-required-label\">*<\/span><\/label><input type=\"text\" id=\"wpforms-2879-field_3\" class=\"wpforms-field-medium wpforms-field-required\" name=\"wpforms[fields][3]\" required><\/div><div id=\"wpforms-2879-field_4-container\" class=\"wpforms-field wpforms-field-name\" data-field-id=\"4\"><label class=\"wpforms-field-label\" for=\"wpforms-2879-field_4\">Yhteyshenkil\u00f6n puhelinnumero <span class=\"wpforms-required-label\">*<\/span><\/label><input type=\"text\" id=\"wpforms-2879-field_4\" class=\"wpforms-field-medium wpforms-field-required\" name=\"wpforms[fields][4]\" required><\/div><div id=\"wpforms-2879-field_5-container\" class=\"wpforms-field wpforms-field-name\" data-field-id=\"5\"><label class=\"wpforms-field-label\" for=\"wpforms-2879-field_5\">Yhteyshenkil\u00f6n s\u00e4hk\u00f6posti <span class=\"wpforms-required-label\">*<\/span><\/label><input type=\"text\" id=\"wpforms-2879-field_5\" class=\"wpforms-field-medium wpforms-field-required\" name=\"wpforms[fields][5]\" required><\/div><div id=\"wpforms-2879-field_6-container\" class=\"wpforms-field wpforms-field-name\" data-field-id=\"6\"><label class=\"wpforms-field-label\" for=\"wpforms-2879-field_6\">Henkil\u00f6st\u00f6m\u00e4\u00e4r\u00e4 <span class=\"wpforms-required-label\">*<\/span><\/label><input type=\"text\" id=\"wpforms-2879-field_6\" class=\"wpforms-field-medium wpforms-field-required\" name=\"wpforms[fields][6]\" required><\/div><div id=\"wpforms-2879-field_7-container\" class=\"wpforms-field wpforms-field-name\" data-field-id=\"7\"><label class=\"wpforms-field-label\" for=\"wpforms-2879-field_7\">Toimiala<\/label><input type=\"text\" id=\"wpforms-2879-field_7\" class=\"wpforms-field-medium\" name=\"wpforms[fields][7]\" ><\/div><div id=\"wpforms-2879-field_8-container\" class=\"wpforms-field wpforms-field-select wpforms-field-select-style-classic\" data-field-id=\"8\"><label class=\"wpforms-field-label\" for=\"wpforms-2879-field_8\">Ensisijainen ty\u00f6terveyden toimipiste<\/label><select id=\"wpforms-2879-field_8\" class=\"wpforms-field-medium\" name=\"wpforms[fields][8]\"><option value=\"\" class=\"placeholder\" disabled  selected='selected'>Valitse t\u00e4st\u00e4<\/option><option value=\"Nurmij\u00e4rvi\"  class=\"choice-1 depth-1\"  >Nurmij\u00e4rvi<\/option><option value=\"Klaukkala\"  class=\"choice-2 depth-1\"  >Klaukkala<\/option><option value=\"Tuusula\"  class=\"choice-3 depth-1\"  >Tuusula<\/option><option value=\"J\u00e4rvenp\u00e4\u00e4\"  class=\"choice-4 depth-1\"  >J\u00e4rvenp\u00e4\u00e4<\/option><option value=\"M\u00e4nts\u00e4l\u00e4\"  class=\"choice-5 depth-1\"  >M\u00e4nts\u00e4l\u00e4<\/option><option value=\"Hyvink\u00e4\u00e4\"  class=\"choice-6 depth-1\"  >Hyvink\u00e4\u00e4<\/option><option value=\"Karkkila\"  class=\"choice-7 depth-1\"  >Karkkila<\/option><option value=\"Lohja\"  class=\"choice-8 depth-1\"  >Lohja<\/option><option value=\"Vihti\"  class=\"choice-9 depth-1\"  >Vihti<\/option><option value=\"Helsinki\"  class=\"choice-10 depth-1\"  >Helsinki<\/option><option value=\"Porvoo\"  class=\"choice-11 depth-1\"  >Porvoo<\/option><option value=\"Sipoo\"  class=\"choice-12 depth-1\"  >Sipoo<\/option><\/select><\/div>\t\t<div id=\"wpforms-2879-field_10-container\"\n\t\t\tclass=\"wpforms-field wpforms-field-text\"\n\t\t\tdata-field-type=\"text\"\n\t\t\tdata-field-id=\"10\"\n\t\t\t>\n\t\t\t<label class=\"wpforms-field-label\" for=\"wpforms-2879-field_10\" >Lis\u00e4tietoja Yhteyshenkil\u00f6n Ensisijainen<\/label>\n\t\t\t<input type=\"text\" id=\"wpforms-2879-field_10\" class=\"wpforms-field-medium\" name=\"wpforms[fields][10]\" >\n\t\t<\/div>\n\t\t<div id=\"wpforms-2879-field_9-container\" class=\"wpforms-field wpforms-field-textarea\" data-field-id=\"9\"><label class=\"wpforms-field-label\" for=\"wpforms-2879-field_9\">Lis\u00e4tietoja<\/label><textarea id=\"wpforms-2879-field_9\" class=\"wpforms-field-medium\" name=\"wpforms[fields][9]\" ><\/textarea><\/div><script>\n\t\t\t\t( function() {\n\t\t\t\t\tconst style = document.createElement( 'style' );\n\t\t\t\t\tstyle.appendChild( document.createTextNode( '#wpforms-2879-field_10-container { position: absolute !important; overflow: hidden !important; display: inline !important; height: 1px !important; width: 1px !important; z-index: -1000 !important; padding: 0 !important; } #wpforms-2879-field_10-container input { visibility: hidden; } #wpforms-conversational-form-page #wpforms-2879-field_10-container label { counter-increment: none; }' ) );\n\t\t\t\t\tdocument.head.appendChild( style );\n\t\t\t\t\tdocument.currentScript?.remove();\n\t\t\t\t} )();\n\t\t\t<\/script><\/div><!-- .wpforms-field-container --><div class=\"wpforms-submit-container\" ><input type=\"hidden\" name=\"wpforms[id]\" value=\"2879\"><input type=\"hidden\" name=\"page_title\" value=\"\"><input type=\"hidden\" name=\"page_url\" value=\"https:\/\/2025.umtt.fi\/sv\/wp-json\/wp\/v2\/pages\/2639\"><input type=\"hidden\" name=\"url_referer\" value=\"\"><button type=\"submit\" name=\"wpforms[submit]\" id=\"wpforms-submit-2879\" class=\"wpforms-submit\" data-alt-text=\"L\u00e4hett\u00e4\u00e4...\" data-submit-text=\"L\u00e4het\u00e4\" aria-live=\"assertive\" value=\"wpforms-submit\">L\u00e4het\u00e4<\/button><img decoding=\"async\" src=\"https:\/\/2025.umtt.fi\/wp-content\/plugins\/wpforms-lite\/assets\/images\/submit-spin.svg\" class=\"wpforms-submit-spinner\" style=\"display: none;\" width=\"26\" height=\"26\" alt=\"Laddar\" title=\"Tarjouspyynn\u00f6t\"><\/div><\/form><\/div>  <!-- .wpforms-container -->\t\t\t\t<\/div>\n\t\t\t\t<\/div>\n\t\t\t\t\t<\/div>\n\t\t\t\t<\/div>\n\t\t\t\t<\/div>\n\t\t","protected":false},"excerpt":{"rendered":"<p>Pyyd\u00e4 tarjous PYYD\u00c4 TARJOUS, OTAMME SINUUN YHTEYTT\u00c4 2-3 ARKIP\u00c4IV\u00c4N KULUESSA! Please enable JavaScript in your browser to complete this form.Yrityksen nimi *Y-TunnusYhteyshenkil\u00f6n nimi *Yhteyshenkil\u00f6n puhelinnumero *Yhteyshenkil\u00f6n s\u00e4hk\u00f6posti *Henkil\u00f6st\u00f6m\u00e4\u00e4r\u00e4 *ToimialaEnsisijainen ty\u00f6terveyden toimipisteValitse t\u00e4st\u00e4Nurmij\u00e4rviKlaukkalaTuusulaJ\u00e4rvenp\u00e4\u00e4M\u00e4nts\u00e4l\u00e4Hyvink\u00e4\u00e4KarkkilaLohjaVihtiHelsinkiPorvooSipooLis\u00e4tietoja L\u00e4het\u00e4<\/p>","protected":false},"author":3,"featured_media":0,"parent":0,"menu_order":0,"comment_status":"closed","ping_status":"closed","template":"","meta":{"_uag_custom_page_level_css":"","site-sidebar-layout":"default","site-content-layout":"","ast-site-content-layout":"default","site-content-style":"default","site-sidebar-style":"default","ast-global-header-display":"","ast-banner-title-visibility":"","ast-main-header-display":"","ast-hfb-above-header-display":"","ast-hfb-below-header-display":"","ast-hfb-mobile-header-display":"","site-post-title":"","ast-breadcrumbs-content":"","ast-featured-img":"","footer-sml-layout":"","ast-disable-related-posts":"","theme-transparent-header-meta":"","adv-header-id-meta":"","stick-header-meta":"","header-above-stick-meta":"","header-main-stick-meta":"","header-below-stick-meta":"","astra-migrate-meta-layouts":"set","ast-page-background-enabled":"default","ast-page-background-meta":{"desktop":{"background-color":"","background-image":"","background-repeat":"repeat","background-position":"center center","background-size":"auto","background-attachment":"scroll","background-type":"","background-media":"","overlay-type":"","overlay-color":"","overlay-opacity":"","overlay-gradient":""},"tablet":{"background-color":"","background-image":"","background-repeat":"repeat","background-position":"center center","background-size":"auto","background-attachment":"scroll","background-type":"","background-media":"","overlay-type":"","overlay-color":"","overlay-opacity":"","overlay-gradient":""},"mobile":{"background-color":"","background-image":"","background-repeat":"repeat","background-position":"center center","background-size":"auto","background-attachment":"scroll","background-type":"","background-media":"","overlay-type":"","overlay-color":"","overlay-opacity":"","overlay-gradient":""}},"ast-content-background-meta":{"desktop":{"background-color":"var(--ast-global-color-5)","background-image":"","background-repeat":"repeat","background-position":"center center","background-size":"auto","background-attachment":"scroll","background-type":"","background-media":"","overlay-type":"","overlay-color":"","overlay-opacity":"","overlay-gradient":""},"tablet":{"background-color":"var(--ast-global-color-5)","background-image":"","background-repeat":"repeat","background-position":"center center","background-size":"auto","background-attachment":"scroll","background-type":"","background-media":"","overlay-type":"","overlay-color":"","overlay-opacity":"","overlay-gradient":""},"mobile":{"background-color":"var(--ast-global-color-5)","background-image":"","background-repeat":"repeat","background-position":"center center","background-size":"auto","background-attachment":"scroll","background-type":"","background-media":"","overlay-type":"","overlay-color":"","overlay-opacity":"","overlay-gradient":""}},"footnotes":""},"class_list":["post-2639","page","type-page","status-publish","hentry"],"uagb_featured_image_src":{"full":false,"thumbnail":false,"medium":false,"medium_large":false,"large":false,"1536x1536":false,"2048x2048":false,"trp-custom-language-flag":false},"uagb_author_info":{"display_name":"Veera Lahtinen","author_link":"https:\/\/2025.umtt.fi\/sv\/author\/veera\/"},"uagb_comment_info":0,"uagb_excerpt":"Pyyd\u00e4 tarjous PYYD\u00c4 TARJOUS, OTAMME SINUUN YHTEYTT\u00c4 2-3 ARKIP\u00c4IV\u00c4N KULUESSA! Please enable JavaScript in your browser to complete this form.Yrityksen nimi *Y-TunnusYhteyshenkil\u00f6n nimi *Yhteyshenkil\u00f6n puhelinnumero *Yhteyshenkil\u00f6n s\u00e4hk\u00f6posti *Henkil\u00f6st\u00f6m\u00e4\u00e4r\u00e4 *ToimialaEnsisijainen ty\u00f6terveyden toimipisteValitse t\u00e4st\u00e4Nurmij\u00e4rviKlaukkalaTuusulaJ\u00e4rvenp\u00e4\u00e4M\u00e4nts\u00e4l\u00e4Hyvink\u00e4\u00e4KarkkilaLohjaVihtiHelsinkiPorvooSipooLis\u00e4tietoja L\u00e4het\u00e4","_links":{"self":[{"href":"https:\/\/2025.umtt.fi\/sv\/wp-json\/wp\/v2\/pages\/2639","targetHints":{"allow":["GET"]}}],"collection":[{"href":"https:\/\/2025.umtt.fi\/sv\/wp-json\/wp\/v2\/pages"}],"about":[{"href":"https:\/\/2025.umtt.fi\/sv\/wp-json\/wp\/v2\/types\/page"}],"author":[{"embeddable":true,"href":"https:\/\/2025.umtt.fi\/sv\/wp-json\/wp\/v2\/users\/3"}],"replies":[{"embeddable":true,"href":"https:\/\/2025.umtt.fi\/sv\/wp-json\/wp\/v2\/comments?post=2639"}],"version-history":[{"count":11,"href":"https:\/\/2025.umtt.fi\/sv\/wp-json\/wp\/v2\/pages\/2639\/revisions"}],"predecessor-version":[{"id":2899,"href":"https:\/\/2025.umtt.fi\/sv\/wp-json\/wp\/v2\/pages\/2639\/revisions\/2899"}],"wp:attachment":[{"href":"https:\/\/2025.umtt.fi\/sv\/wp-json\/wp\/v2\/media?parent=2639"}],"curies":[{"name":"wp","href":"https:\/\/api.w.org\/{rel}","templated":true}]}}