{"id":2637,"date":"2026-01-12T13:11:51","date_gmt":"2026-01-12T13:11:51","guid":{"rendered":"https:\/\/2025.umtt.fi\/?page_id=2637"},"modified":"2026-03-03T09:57:09","modified_gmt":"2026-03-03T09:57:09","slug":"sopimustasot-ja-hinnasto","status":"publish","type":"page","link":"https:\/\/2025.umtt.fi\/sv\/sopimustasot-ja-hinnasto\/","title":{"rendered":"Sopimustasot ja hinnasto"},"content":{"rendered":"<div data-elementor-type=\"wp-page\" data-elementor-id=\"2637\" class=\"elementor elementor-2637\">\n\t\t\t\t<div class=\"elementor-element elementor-element-7d64d3e e-flex e-con-boxed e-con e-parent\" data-id=\"7d64d3e\" data-element_type=\"container\">\n\t\t\t\t\t<div class=\"e-con-inner\">\n\t\t<div class=\"elementor-element elementor-element-655a0ff e-con-full e-flex e-con e-child\" data-id=\"655a0ff\" data-element_type=\"container\" data-settings=\"{&quot;background_background&quot;:&quot;classic&quot;}\">\n\t\t\t\t<div class=\"elementor-element elementor-element-f02495d elementor-widget elementor-widget-heading\" data-id=\"f02495d\" data-element_type=\"widget\" data-widget_type=\"heading.default\">\n\t\t\t\t<div class=\"elementor-widget-container\">\n\t\t\t\t\t<h2 class=\"elementor-heading-title elementor-size-default\">Sopimustasot ja hinnasto<\/h2>\t\t\t\t<\/div>\n\t\t\t\t<\/div>\n\t\t\t\t<\/div>\n\t\t\t\t<div class=\"elementor-element elementor-element-0b7f336 elementor-widget elementor-widget-heading\" data-id=\"0b7f336\" data-element_type=\"widget\" data-widget_type=\"heading.default\">\n\t\t\t\t<div class=\"elementor-widget-container\">\n\t\t\t\t\t<h2 class=\"elementor-heading-title elementor-size-default\">Sopimustasot<\/h2>\t\t\t\t<\/div>\n\t\t\t\t<\/div>\n\t\t\t\t\t<\/div>\n\t\t\t\t<\/div>\n\t\t<div class=\"elementor-element elementor-element-0a7e180 e-flex e-con-boxed e-con e-parent\" data-id=\"0a7e180\" data-element_type=\"container\">\n\t\t\t\t\t<div class=\"e-con-inner\">\n\t\t\t\t<div class=\"elementor-element elementor-element-7a77bf4 elementor-widget elementor-widget-text-editor\" data-id=\"7a77bf4\" data-element_type=\"widget\" data-widget_type=\"text-editor.default\">\n\t\t\t\t<div class=\"elementor-widget-container\">\n\t\t\t\t\t\t\t\t\t<h5>Tule asiakkaaksemme &#8211; vertaile ja valitse sopivin ty\u00f6terveyssopimus.<\/h5>\n<p>Uudenmaan Ty\u00f6terveys tuottaa ty\u00f6terveyshuoltoa tarpeeseen \u2013 joustavasti, l\u00e4hell\u00e4si! Tarjoamme palveluita yrityksille, yritt\u00e4jille sek\u00e4 julkisen- ja kolmannen sektorin toimijoille. Ota meihin yhteytt\u00e4 \u2013 sovitaan yrityksesi tarpeisiin sopivat ty\u00f6terveyspalvelut.<br \/>Voit valita kolmesta sopimus vaihtoehdostamme tai voimme neuvotella yritykselle oman n\u00e4k\u00f6iset palvelut.<br \/>Kaikkien sopimustasojen kivijalkana palvelukokonaisuuteen kuuluvat kattavat lakis\u00e4\u00e4teiset ty\u00f6terveyshuollon peruspalvelut moniammatillisen ty\u00f6terveystiimin asiantuntemuksella.<\/p>\t\t\t\t\t\t\t\t<\/div>\n\t\t\t\t<\/div>\n\t\t\t\t\t<\/div>\n\t\t\t\t<\/div>\n\t\t<div class=\"elementor-element elementor-element-b949032 e-grid e-con-boxed e-con e-parent\" data-id=\"b949032\" data-element_type=\"container\">\n\t\t\t\t\t<div class=\"e-con-inner\">\n\t\t\t\t<div class=\"elementor-element elementor-element-dcb4e1b elementor-widget elementor-widget-text-editor\" data-id=\"dcb4e1b\" data-element_type=\"widget\" data-widget_type=\"text-editor.default\">\n\t\t\t\t<div class=\"elementor-widget-container\">\n\t\t\t\t\t\t\t\t\t<h5 class=\"\">Perus<\/h5>\n<p class=\"\"><strong>Lakis\u00e4\u00e4teiset peruspalvelut<\/strong><br \/>\u2713 Ty\u00f6paikkaselvitys ja toimintasuunnitelma<br \/>\u2713 Ty\u00f6terveysyhteisty\u00f6 ja neuvontapalvelut<br \/>\u2713 Ty\u00f6ntekij\u00f6iden kuormituksen kartoittaminen<br \/>\u2713 Kriisitilanteiden tuki<br \/>\u2713 Ryhm\u00e4toiminta kohdennetusti<br \/>\u2713 Ensiapuvalmiuden kartoittaminen<br \/>\u2713 Terveystarkastukset ja ty\u00f6kyvynseuranta<br \/>\u2713 Terveyden, mielen hyvinvoinnin ja jaksamisen tuki<br \/>\u2713 Ty\u00f6terveysneuvottelut<br \/>\u2713 Todistukset ja lausunnot (mm. B-lausunto, ty\u00f6kyky)<br \/>\u2713 Ty\u00f6fysioterapeutin tarkastukset ja ohjaus<br \/>\u2713 Ty\u00f6terveyspsykologin palvelut (konsultointi ja ty\u00f6kyvyn tuki)<br \/>\u2713 Erikoisl\u00e4\u00e4k\u00e4rin konsultaatio ty\u00f6kykyasioissa tutkimuksineen<br \/>\u2713 Ty\u00f6h\u00f6n liittyv\u00e4t rokotukset<br \/>\u2713 Lis\u00e4palvelut sopimuksesta<br \/>\u2713 Lis\u00e4palvelut sopimuksesta<br \/><br \/>\u2713 Ei\u00a0Sairaanhoitopalveluita<\/p>\t\t\t\t\t\t\t\t<\/div>\n\t\t\t\t<\/div>\n\t\t\t\t<div class=\"elementor-element elementor-element-21428b4 elementor-widget elementor-widget-text-editor\" data-id=\"21428b4\" data-element_type=\"widget\" data-widget_type=\"text-editor.default\">\n\t\t\t\t<div class=\"elementor-widget-container\">\n\t\t\t\t\t\t\t\t\t<h5 class=\"\">PerusPlus<\/h5>\n<p><strong>Lakis\u00e4\u00e4teiset peruspalvelut<\/strong><br \/>\u2713 Ty\u00f6paikkaselvitys ja toimintasuunnitelma<br \/>\u2713 Ty\u00f6terveysyhteisty\u00f6 ja neuvontapalvelut<br \/>\u2713 Ty\u00f6ntekij\u00f6iden kuormituksen kartoittaminen<br \/>\u2713 Kriisitilanteiden tuki<br \/>\u2713 Ryhm\u00e4toiminta kohdennetusti<br \/>\u2713 Ensiapuvalmiuden kartoittaminen<br \/>\u2713 Terveystarkastukset ja ty\u00f6kyvynseuranta<br \/>\u2713 Terveyden, mielen hyvinvoinnin ja jaksamisen tuki<br \/>\u2713 Ty\u00f6terveysneuvottelut<br \/>\u2713 Todistukset ja lausunnot (mm. B-lausunto, ty\u00f6kyky)<br \/>\u2713 Ty\u00f6fysioterapeutin tarkastukset ja ohjaus<br \/>\u2713 Ty\u00f6terveyspsykologin palvelut (konsultointi ja ty\u00f6kyvyn tuki)<br \/>\u2713 Erikoisl\u00e4\u00e4k\u00e4rin konsultaatio ty\u00f6kykyasioissa tutkimuksineen<br \/>\u2713 Ty\u00f6h\u00f6n liittyv\u00e4t rokotukset<br \/>\u2713 Lis\u00e4palvelut sopimuksesta<br \/><br \/><br \/><strong>Yleisl\u00e4\u00e4k\u00e4ritasoiset rajatut sairaanhoitopalvelut<\/strong><br \/>\u2713 \u00c4killisten sairauksien hoito ja niihin liittyv\u00e4t reseptit<br \/>\u2713 Pitk\u00e4aikaissairauksien diagnosointi ja alkuvaiheen hoito, jatkohoito ja kontrollit perusterveydenhuollossa.<br \/>\u2713 Ty\u00f6fysioterapeutin vastaanotto, ohjaus- ja neuvonta<br \/>\u2713 Ty\u00f6terveyspsykologin konsultaatiot ty\u00f6terveyshoitajan \u2013 tai l\u00e4\u00e4k\u00e4rin l\u00e4hetteell\u00e4 ty\u00f6h\u00f6n ja terveyteen liittyviss\u00e4 asioissa<br \/>\u2713 Ty\u00f6terveyshuollossa teht\u00e4v\u00e4t tutkimukset<br \/>\u2713 \u00c4killisiin sairauksiin liittyv\u00e4t rajatun tason laboratorio- ja kuvantamistutkimukset (luu- ja natiivikuvat, ultra\u00e4\u00e4nitutkimukset)<br \/>\u2713 Ei erikoisl\u00e4\u00e4k\u00e4rin konsultaatiota hoidollisissa asioissa (KL 2)<\/p>\t\t\t\t\t\t\t\t<\/div>\n\t\t\t\t<\/div>\n\t\t\t\t<div class=\"elementor-element elementor-element-d828e3d elementor-widget elementor-widget-text-editor\" data-id=\"d828e3d\" data-element_type=\"widget\" data-widget_type=\"text-editor.default\">\n\t\t\t\t<div class=\"elementor-widget-container\">\n\t\t\t\t\t\t\t\t\t<h5 class=\"\">Laaja<\/h5>\n<p class=\"\"><strong>Lakis\u00e4\u00e4teiset peruspalvelut<\/strong><br \/>\u2713 Ty\u00f6paikkaselvitys ja toimintasuunnitelma<br \/>\u2713 Ty\u00f6terveysyhteisty\u00f6 ja neuvontapalvelut<br \/>\u2713 Ty\u00f6ntekij\u00f6iden kuormituksen kartoittaminen<br \/>\u2713 Kriisitilanteiden tuki<br \/>\u2713 Ryhm\u00e4toiminta kohdennetusti<br \/>\u2713 Ensiapuvalmiuden kartoittaminen<br \/>\u2713 Terveystarkastukset ja ty\u00f6kyvynseuranta<br \/>\u2713 Terveyden, mielen hyvinvoinnin ja jaksamisen tuki<br \/>\u2713 Ty\u00f6terveysneuvottelut<br \/>\u2713 Todistukset ja lausunnot (mm. B-lausunto, ty\u00f6kyky)<br \/>\u2713 Ty\u00f6fysioterapeutin tarkastukset ja ohjaus<br \/>\u2713 Ty\u00f6terveyspsykologin palvelut (konsultointi ja ty\u00f6kyvyn tuki)<br \/>\u2713 Erikoisl\u00e4\u00e4k\u00e4rin konsultaatio ty\u00f6kykyasioissa tutkimuksineen<br \/>\u2713 Ty\u00f6h\u00f6n liittyv\u00e4t rokotukset<br \/>\u2713 Lis\u00e4palvelut sopimuksesta<br \/><br \/><br \/><strong>Yleisl\u00e4\u00e4k\u00e4ritasoiset laajat sairaanhoitopalvelut<\/strong><br \/>\u2713 \u00c4killisten ja pitk\u00e4aikaissairauksien hoito<br \/>\u2713 Ty\u00f6fysioterapeutin vastaanotto, ohjaus- ja neuvonta<br \/>\u2713 Pientoimenpiteet<br \/>\u2713 Yleisl\u00e4\u00e4k\u00e4ritasoiset laboratorio- ja kuvantamistutkimukset<br \/>\u2713 Hermoratatutkimukset ENMG<br \/>\u2713 Erikoisl\u00e4\u00e4k\u00e4rin konsultaatiot ty\u00f6terveysl\u00e4\u00e4k\u00e4rin l\u00e4hetteell\u00e4<br \/>\u2713 Erikseen sovittavat laajemmat palvelut, esim. magneettikuvaukset, kattavat tutkimuspalvelut lis\u00e4palvelu<\/p>\t\t\t\t\t\t\t\t<\/div>\n\t\t\t\t<\/div>\n\t\t\t\t\t<\/div>\n\t\t\t\t<\/div>\n\t\t<div class=\"elementor-element elementor-element-acac0a7 e-grid e-con-boxed e-con e-parent\" data-id=\"acac0a7\" data-element_type=\"container\" data-settings=\"{&quot;background_background&quot;:&quot;classic&quot;}\">\n\t\t\t\t\t<div class=\"e-con-inner\">\n\t\t\t\t<div class=\"elementor-element elementor-element-e1f5d47 elementor-align-center elementor-widget elementor-widget-button\" data-id=\"e1f5d47\" data-element_type=\"widget\" data-widget_type=\"button.default\">\n\t\t\t\t<div class=\"elementor-widget-container\">\n\t\t\t\t\t\t\t\t\t<div class=\"elementor-button-wrapper\">\n\t\t\t\t\t<a class=\"elementor-button elementor-button-link elementor-size-sm\" href=\"https:\/\/2025.umtt.fi\/sv\/perussopimus\/\">\n\t\t\t\t\t\t<span class=\"elementor-button-content-wrapper\">\n\t\t\t\t\t\t\t\t\t<span class=\"elementor-button-text\">Lis\u00e4tietoa perus<\/span>\n\t\t\t\t\t<\/span>\n\t\t\t\t\t<\/a>\n\t\t\t\t<\/div>\n\t\t\t\t\t\t\t\t<\/div>\n\t\t\t\t<\/div>\n\t\t\t\t<div class=\"elementor-element elementor-element-377afe5 elementor-align-center elementor-widget elementor-widget-button\" data-id=\"377afe5\" data-element_type=\"widget\" data-widget_type=\"button.default\">\n\t\t\t\t<div class=\"elementor-widget-container\">\n\t\t\t\t\t\t\t\t\t<div class=\"elementor-button-wrapper\">\n\t\t\t\t\t<a class=\"elementor-button elementor-button-link elementor-size-sm\" href=\"https:\/\/2025.umtt.fi\/sv\/perusplus\/\">\n\t\t\t\t\t\t<span class=\"elementor-button-content-wrapper\">\n\t\t\t\t\t\t\t\t\t<span class=\"elementor-button-text\">Lis\u00e4tietoa perusplus<\/span>\n\t\t\t\t\t<\/span>\n\t\t\t\t\t<\/a>\n\t\t\t\t<\/div>\n\t\t\t\t\t\t\t\t<\/div>\n\t\t\t\t<\/div>\n\t\t\t\t<div class=\"elementor-element elementor-element-bf98245 elementor-align-center elementor-widget elementor-widget-button\" data-id=\"bf98245\" data-element_type=\"widget\" data-widget_type=\"button.default\">\n\t\t\t\t<div class=\"elementor-widget-container\">\n\t\t\t\t\t\t\t\t\t<div class=\"elementor-button-wrapper\">\n\t\t\t\t\t<a class=\"elementor-button elementor-button-link elementor-size-sm\" href=\"https:\/\/2025.umtt.fi\/sv\/laaja\/\">\n\t\t\t\t\t\t<span class=\"elementor-button-content-wrapper\">\n\t\t\t\t\t\t\t\t\t<span class=\"elementor-button-text\">Lis\u00e4tietoa laaja<\/span>\n\t\t\t\t\t<\/span>\n\t\t\t\t\t<\/a>\n\t\t\t\t<\/div>\n\t\t\t\t\t\t\t\t<\/div>\n\t\t\t\t<\/div>\n\t\t\t\t\t<\/div>\n\t\t\t\t<\/div>\n\t\t<div class=\"elementor-element elementor-element-8832965 e-flex e-con-boxed e-con e-parent\" data-id=\"8832965\" data-element_type=\"container\">\n\t\t\t\t\t<div class=\"e-con-inner\">\n\t\t\t\t<div class=\"elementor-element elementor-element-f03d16c elementor-widget-divider--view-line elementor-widget elementor-widget-divider\" data-id=\"f03d16c\" data-element_type=\"widget\" data-widget_type=\"divider.default\">\n\t\t\t\t<div class=\"elementor-widget-container\">\n\t\t\t\t\t\t\t<div class=\"elementor-divider\">\n\t\t\t<span class=\"elementor-divider-separator\">\n\t\t\t\t\t\t<\/span>\n\t\t<\/div>\n\t\t\t\t\t\t<\/div>\n\t\t\t\t<\/div>\n\t\t\t\t<div class=\"elementor-element elementor-element-657a604 elementor-widget elementor-widget-heading\" data-id=\"657a604\" data-element_type=\"widget\" data-widget_type=\"heading.default\">\n\t\t\t\t<div class=\"elementor-widget-container\">\n\t\t\t\t\t<h2 class=\"elementor-heading-title elementor-size-default\">Hinnasto<\/h2>\t\t\t\t<\/div>\n\t\t\t\t<\/div>\n\t\t\t\t\t<\/div>\n\t\t\t\t<\/div>\n\t\t<div class=\"elementor-element elementor-element-7f2db45 e-flex e-con-boxed e-con e-parent\" data-id=\"7f2db45\" data-element_type=\"container\">\n\t\t\t\t\t<div class=\"e-con-inner\">\n\t\t\t\t<div class=\"elementor-element elementor-element-c51e6ae elementor-widget elementor-widget-text-editor\" data-id=\"c51e6ae\" data-element_type=\"widget\" data-widget_type=\"text-editor.default\">\n\t\t\t\t<div class=\"elementor-widget-container\">\n\t\t\t\t\t\t\t\t\t<h5>Ty\u00f6paikkaselvityspaketti \u2013 kiinte\u00e4 hinta 1\u201310 ty\u00f6ntekij\u00e4n ty\u00f6paikoille<\/h5>\t\t\t\t\t\t\t\t<\/div>\n\t\t\t\t<\/div>\n\t\t\t\t\t<\/div>\n\t\t\t\t<\/div>\n\t\t<div class=\"elementor-element elementor-element-c16e7b0 e-grid e-con-boxed e-con e-parent\" data-id=\"c16e7b0\" data-element_type=\"container\">\n\t\t\t\t\t<div class=\"e-con-inner\">\n\t\t\t\t<div class=\"elementor-element elementor-element-c150825 elementor-widget elementor-widget-text-editor\" data-id=\"c150825\" data-element_type=\"widget\" data-widget_type=\"text-editor.default\">\n\t\t\t\t<div class=\"elementor-widget-container\">\n\t\t\t\t\t\t\t\t\t<h6>Ei altisteinen ty\u00f6 \/ toimipaikka<\/h6>\n<p class=\"\">Esiselvitys, s\u00e4hk\u00f6inen kartoitus\/kysely<br \/>Ty\u00f6paikkak\u00e4ynti ja raportti<br \/>Toimintasuunnitelma 5 vuodeksi<br \/>Hinta 565 \u20ac, josta Kela-korvattavaa enint\u00e4\u00e4n 60 %<br \/>Pakettihinta kattaa ty\u00f6terveyshoitajan ty\u00f6n<br \/>Kela-korvauksen j\u00e4lkeen kustannus noin<br \/>226 \u20ac eli noin 46 \u20ac \/ vuosi<\/p>\t\t\t\t\t\t\t\t<\/div>\n\t\t\t\t<\/div>\n\t\t\t\t<div class=\"elementor-element elementor-element-6d4bd69 elementor-widget elementor-widget-text-editor\" data-id=\"6d4bd69\" data-element_type=\"widget\" data-widget_type=\"text-editor.default\">\n\t\t\t\t<div class=\"elementor-widget-container\">\n\t\t\t\t\t\t\t\t\t<h6>Altisteinen ty\u00f6 \/ toimipaikka<\/h6>\n<p class=\"\">Esiselvitys, s\u00e4hk\u00f6inen kartoitus\/kysely<br \/>Ty\u00f6paikkak\u00e4ynti ja raportti<br \/>Toimintasuunnitelma 3\u20135 vuodeksi<br \/>Hinta 720 \u20ac, josta Kela-korvattavaa enint\u00e4\u00e4n 60 %<br \/>Pakettihinta kattaa ty\u00f6terveyshoitajan ty\u00f6n<br \/>Kela-korvauksen j\u00e4lkeen kustannus noin<br \/>288 \u20ac eli noin 58 \u20ac \/ vuosi<\/p>\t\t\t\t\t\t\t\t<\/div>\n\t\t\t\t<\/div>\n\t\t\t\t<div class=\"elementor-element elementor-element-76b6d33 elementor-widget elementor-widget-text-editor\" data-id=\"76b6d33\" data-element_type=\"widget\" data-widget_type=\"text-editor.default\">\n\t\t\t\t<div class=\"elementor-widget-container\">\n\t\t\t\t\t\t\t\t\t<h6>Muut kiinte\u00e4t vuosikustannukset<\/h6>\n<p class=\"\">Vuosimaksu \/ ty\u00f6ntekij\u00e4 \/ vuosi 38 \u20ac<br \/>Palvelumaksu \/ organisaatio \/ vuosi ty\u00f6ntekij\u00f6iden m\u00e4\u00e4r\u00e4n mukaan (ei Kela-korvattavaa):<br \/>\u00a0\u00a0\u00a0\u00a0\u00a0 \u2022 yritt\u00e4j\u00e4 40 \u20ac<br \/>\u00a0\u00a0\u00a0\u00a0\u00a0 \u2022 1\u20132 ty\u00f6ntekij\u00e4\u00e4 60 \u20ac<br \/>\u00a0\u00a0\u00a0\u00a0\u00a0 \u2022 3\u20135 ty\u00f6ntekij\u00e4\u00e4 80 \u20ac<br \/>\u00a0\u00a0\u00a0\u00a0\u00a0 \u2022 6\u201310 ty\u00f6ntekij\u00e4\u00e4 100 \u20ac<br \/>\u00a0\u00a0\u00a0\u00a0\u00a0 \u2022 yli10 ty\u00f6ntekij\u00e4\u00e4 120 \u20ac<br \/>Toiminnan vuosisuunnittelu \/ vuosi 49 \u20ac \u2013 98,10 \u20ac<br \/>Kela-korvaushakemus 30 \u20ac (ei Kela-korvattavaa)<\/p>\t\t\t\t\t\t\t\t<\/div>\n\t\t\t\t<\/div>\n\t\t\t\t<div class=\"elementor-element elementor-element-fa6cdc2 elementor-widget elementor-widget-text-editor\" data-id=\"fa6cdc2\" data-element_type=\"widget\" data-widget_type=\"text-editor.default\">\n\t\t\t\t<div class=\"elementor-widget-container\">\n\t\t\t\t\t\t\t\t\t<p><strong>Ty\u00f6paikkaselvityspakettiin<\/strong>\u00a0sis\u00e4ltyy ty\u00f6terveyshoitajan ty\u00f6 taulukon mukaisesti. Muiden ty\u00f6ntekij\u00f6iden osallistuminen sovitaan erikseen ja laskutetaan erikseen tuntihinnoittelun mukaisesti.<br \/><br \/>Ty\u00f6terveyshuollon toimintasuunnitelman tarkistaa ty\u00f6terveysl\u00e4\u00e4k\u00e4ri ja t\u00e4st\u00e4 ty\u00f6st\u00e4 veloitamme 30 min. ty\u00f6n pakettihinnan lis\u00e4ksi.<br \/><br \/>Kela-korvattava\u00a060 %, kun tilikaudella on toteutunut ty\u00f6terveyshuollon palveluja.<\/p>\t\t\t\t\t\t\t\t<\/div>\n\t\t\t\t<\/div>\n\t\t\t\t\t<\/div>\n\t\t\t\t<\/div>\n\t\t<div class=\"elementor-element elementor-element-cfe7d4e e-flex e-con-boxed e-con e-parent\" data-id=\"cfe7d4e\" data-element_type=\"container\">\n\t\t\t\t\t<div class=\"e-con-inner\">\n\t\t\t\t<div class=\"elementor-element elementor-element-7e5e827 elementor-widget elementor-widget-text-editor\" data-id=\"7e5e827\" data-element_type=\"widget\" data-widget_type=\"text-editor.default\">\n\t\t\t\t<div class=\"elementor-widget-container\">\n\t\t\t\t\t\t\t\t\t<h5>Ty\u00f6paikkaselvitys, raportointi, toimintasuunnitelma ja terveystarkastukset<\/h5>\t\t\t\t\t\t\t\t<\/div>\n\t\t\t\t<\/div>\n\t\t\t\t\t<\/div>\n\t\t\t\t<\/div>\n\t\t<div class=\"elementor-element elementor-element-aa2bc17 e-grid e-con-boxed e-con e-parent\" data-id=\"aa2bc17\" data-element_type=\"container\">\n\t\t\t\t\t<div class=\"e-con-inner\">\n\t\t\t\t<div class=\"elementor-element elementor-element-b0baa42 elementor-widget elementor-widget-text-editor\" data-id=\"b0baa42\" data-element_type=\"widget\" data-widget_type=\"text-editor.default\">\n\t\t\t\t<div class=\"elementor-widget-container\">\n\t\t\t\t\t\t\t\t\t<p>Ty\u00f6terveyshoitaja 98.10\u2013147,20 (39,20\u201358,90 \u20ac)<br \/>Ty\u00f6terveysl\u00e4\u00e4k\u00e4ri 177,80 (71,10 \u20ac)<br \/>Ty\u00f6terveyshuollon erikoisl\u00e4\u00e4k\u00e4ri 203,70 (81,50 \u20ac)<br \/>Ty\u00f6fysioterapeutti 110,00 \u20ac (44 \u20ac)<br \/>Ty\u00f6terveyspsykologi 165,80\u2013248,70 (66,30\u201399,50 \u20ac)<br \/><br \/>Kela- korvaus noin 60 % tilikauden p\u00e4\u00e4tytty\u00e4.<br \/>Taulukossa on Kela-korvauksen j\u00e4lkeen maksettavaksi j\u00e4\u00e4v\u00e4 osuus eli 40 % suluissa.<\/p>\t\t\t\t\t\t\t\t<\/div>\n\t\t\t\t<\/div>\n\t\t\t\t<div class=\"elementor-element elementor-element-fe5c53b elementor-widget elementor-widget-text-editor\" data-id=\"fe5c53b\" data-element_type=\"widget\" data-widget_type=\"text-editor.default\">\n\t\t\t\t<div class=\"elementor-widget-container\">\n\t\t\t\t\t\t\t\t\t<p>Terveystarkastukset veloitetaan tarkastuksen valmisteluun, toteutukseen ja kirjaamiseen k\u00e4ytetyn ajan \/ ammattiryhm\u00e4kohtaisen tuntihinnan mukaan. Tarkastuksen kesto vaihtelee 30\u201390 minuuttiin.<br \/>Ty\u00f6terveyshoitajan ja ty\u00f6terveyspsykologin tarkastus kest\u00e4\u00e4 yleisemmin 90 min.<br \/><br \/>Kun ty\u00f6ss\u00e4 on erityisen sairastumisen vaaraa aiheuttavia altisteita tai tarvitaan arvioita terveydest\u00e4 ja ty\u00f6kyvyst\u00e4 tehd\u00e4\u00e4n l\u00e4\u00e4k\u00e4rin tarkastus.<br \/><br \/>Ty\u00f6fysioterapeutin tarkastukset ja ohjaus ovat tarpeen, kun ty\u00f6ntekij\u00e4ll\u00e4 on tuki-ja liikuntaelinten oireita, jotka vaikuttavat ty\u00f6kykyyn.<br \/><br \/>Ty\u00f6terveyspsykologin arvio tai ohjausk\u00e4ynti edellytt\u00e4\u00e4 ty\u00f6terveyshoitajan tai l\u00e4\u00e4k\u00e4rin l\u00e4hetett\u00e4.<\/p>\t\t\t\t\t\t\t\t<\/div>\n\t\t\t\t<\/div>\n\t\t\t\t\t<\/div>\n\t\t\t\t<\/div>\n\t\t\t\t<\/div>","protected":false},"excerpt":{"rendered":"<p>Sopimustasot ja hinnasto Sopimustasot Tule asiakkaaksemme &#8211; vertaile ja valitse sopivin ty\u00f6terveyssopimus. Uudenmaan Ty\u00f6terveys tuottaa ty\u00f6terveyshuoltoa tarpeeseen \u2013 joustavasti, l\u00e4hell\u00e4si! Tarjoamme palveluita yrityksille, yritt\u00e4jille sek\u00e4 julkisen- ja kolmannen sektorin toimijoille. Ota meihin yhteytt\u00e4 \u2013 sovitaan yrityksesi tarpeisiin sopivat ty\u00f6terveyspalvelut.Voit valita kolmesta sopimus vaihtoehdostamme tai voimme neuvotella yritykselle oman n\u00e4k\u00f6iset palvelut.Kaikkien sopimustasojen kivijalkana palvelukokonaisuuteen kuuluvat kattavat [&hellip;]<\/p>\n","protected":false},"author":3,"featured_media":0,"parent":0,"menu_order":0,"comment_status":"closed","ping_status":"closed","template":"","meta":{"_uag_custom_page_level_css":"","site-sidebar-layout":"no-sidebar","site-content-layout":"page-builder","ast-site-content-layout":"full-width-container","site-content-style":"default","site-sidebar-style":"default","ast-global-header-display":"","ast-banner-title-visibility":"","ast-main-header-display":"","ast-hfb-above-header-display":"","ast-hfb-below-header-display":"","ast-hfb-mobile-header-display":"","site-post-title":"","ast-breadcrumbs-content":"","ast-featured-img":"disabled","footer-sml-layout":"","ast-disable-related-posts":"","theme-transparent-header-meta":"","adv-header-id-meta":"","stick-header-meta":"","header-above-stick-meta":"","header-main-stick-meta":"","header-below-stick-meta":"","astra-migrate-meta-layouts":"set","ast-page-background-enabled":"default","ast-page-background-meta":{"desktop":{"background-color":"","background-image":"","background-repeat":"repeat","background-position":"center center","background-size":"auto","background-attachment":"scroll","background-type":"","background-media":"","overlay-type":"","overlay-color":"","overlay-opacity":"","overlay-gradient":""},"tablet":{"background-color":"","background-image":"","background-repeat":"repeat","background-position":"center center","background-size":"auto","background-attachment":"scroll","background-type":"","background-media":"","overlay-type":"","overlay-color":"","overlay-opacity":"","overlay-gradient":""},"mobile":{"background-color":"","background-image":"","background-repeat":"repeat","background-position":"center center","background-size":"auto","background-attachment":"scroll","background-type":"","background-media":"","overlay-type":"","overlay-color":"","overlay-opacity":"","overlay-gradient":""}},"ast-content-background-meta":{"desktop":{"background-color":"var(--ast-global-color-5)","background-image":"","background-repeat":"repeat","background-position":"center center","background-size":"auto","background-attachment":"scroll","background-type":"","background-media":"","overlay-type":"","overlay-color":"","overlay-opacity":"","overlay-gradient":""},"tablet":{"background-color":"var(--ast-global-color-5)","background-image":"","background-repeat":"repeat","background-position":"center center","background-size":"auto","background-attachment":"scroll","background-type":"","background-media":"","overlay-type":"","overlay-color":"","overlay-opacity":"","overlay-gradient":""},"mobile":{"background-color":"var(--ast-global-color-5)","background-image":"","background-repeat":"repeat","background-position":"center center","background-size":"auto","background-attachment":"scroll","background-type":"","background-media":"","overlay-type":"","overlay-color":"","overlay-opacity":"","overlay-gradient":""}},"footnotes":""},"class_list":["post-2637","page","type-page","status-publish","hentry"],"uagb_featured_image_src":{"full":false,"thumbnail":false,"medium":false,"medium_large":false,"large":false,"1536x1536":false,"2048x2048":false,"trp-custom-language-flag":false},"uagb_author_info":{"display_name":"Veera Lahtinen","author_link":"https:\/\/2025.umtt.fi\/sv\/author\/veera\/"},"uagb_comment_info":0,"uagb_excerpt":"Sopimustasot ja hinnasto Sopimustasot Tule asiakkaaksemme &#8211; vertaile ja valitse sopivin ty\u00f6terveyssopimus. Uudenmaan Ty\u00f6terveys tuottaa ty\u00f6terveyshuoltoa tarpeeseen \u2013 joustavasti, l\u00e4hell\u00e4si! Tarjoamme palveluita yrityksille, yritt\u00e4jille sek\u00e4 julkisen- ja kolmannen sektorin toimijoille. Ota meihin yhteytt\u00e4 \u2013 sovitaan yrityksesi tarpeisiin sopivat ty\u00f6terveyspalvelut.Voit valita kolmesta sopimus vaihtoehdostamme tai voimme neuvotella yritykselle oman n\u00e4k\u00f6iset palvelut.Kaikkien sopimustasojen kivijalkana palvelukokonaisuuteen kuuluvat kattavat&hellip;","_links":{"self":[{"href":"https:\/\/2025.umtt.fi\/sv\/wp-json\/wp\/v2\/pages\/2637","targetHints":{"allow":["GET"]}}],"collection":[{"href":"https:\/\/2025.umtt.fi\/sv\/wp-json\/wp\/v2\/pages"}],"about":[{"href":"https:\/\/2025.umtt.fi\/sv\/wp-json\/wp\/v2\/types\/page"}],"author":[{"embeddable":true,"href":"https:\/\/2025.umtt.fi\/sv\/wp-json\/wp\/v2\/users\/3"}],"replies":[{"embeddable":true,"href":"https:\/\/2025.umtt.fi\/sv\/wp-json\/wp\/v2\/comments?post=2637"}],"version-history":[{"count":64,"href":"https:\/\/2025.umtt.fi\/sv\/wp-json\/wp\/v2\/pages\/2637\/revisions"}],"predecessor-version":[{"id":3309,"href":"https:\/\/2025.umtt.fi\/sv\/wp-json\/wp\/v2\/pages\/2637\/revisions\/3309"}],"wp:attachment":[{"href":"https:\/\/2025.umtt.fi\/sv\/wp-json\/wp\/v2\/media?parent=2637"}],"curies":[{"name":"wp","href":"https:\/\/api.w.org\/{rel}","templated":true}]}}