{"id":2630,"date":"2026-01-12T13:08:28","date_gmt":"2026-01-12T13:08:28","guid":{"rendered":"https:\/\/2025.umtt.fi\/?page_id=2630"},"modified":"2026-02-12T12:14:06","modified_gmt":"2026-02-12T12:14:06","slug":"palaute","status":"publish","type":"page","link":"https:\/\/2025.umtt.fi\/sv\/palaute\/","title":{"rendered":"Palaute"},"content":{"rendered":"\t\t<div data-elementor-type=\"wp-page\" data-elementor-id=\"2630\" class=\"elementor elementor-2630\">\n\t\t\t\t<div class=\"elementor-element elementor-element-5f453de e-flex e-con-boxed e-con e-parent\" data-id=\"5f453de\" data-element_type=\"container\">\n\t\t\t\t\t<div class=\"e-con-inner\">\n\t\t\t\t<div class=\"elementor-element elementor-element-1e700904 elementor-widget elementor-widget-text-editor\" data-id=\"1e700904\" data-element_type=\"widget\" data-widget_type=\"text-editor.default\">\n\t\t\t\t<div class=\"elementor-widget-container\">\n\t\t\t\t\t\t\t\t\t\n<div class=\"wp-block-cover\"><img fetchpriority=\"high\" decoding=\"async\" width=\"1024\" height=\"683\" class=\"wp-block-cover__image-background wp-image-2748\" src=\"https:\/\/2025.umtt.fi\/wp-content\/uploads\/2026\/01\/sopimus-1-1024x683.jpeg\" alt=\"crop person signing contract\" data-object-fit=\"cover\" title=\"Palaute\" srcset=\"https:\/\/2025.umtt.fi\/wp-content\/uploads\/2026\/01\/sopimus-1-1024x683.jpeg 1024w, https:\/\/2025.umtt.fi\/wp-content\/uploads\/2026\/01\/sopimus-1-300x200.jpeg 300w, https:\/\/2025.umtt.fi\/wp-content\/uploads\/2026\/01\/sopimus-1-768x513.jpeg 768w, https:\/\/2025.umtt.fi\/wp-content\/uploads\/2026\/01\/sopimus-1-1536x1025.jpeg 1536w\" sizes=\"(max-width: 1024px) 100vw, 1024px\" \/>\n<div class=\"wp-block-cover__inner-container is-layout-flow wp-block-cover-is-layout-flow\">\n<h1 class=\"has-text-align-center has-large-font-size\">Palaute<\/h1>\n<\/div>\n<\/div>\n\t\t\t\t\t\t\t\t<\/div>\n\t\t\t\t<\/div>\n\t\t\t\t\t<\/div>\n\t\t\t\t<\/div>\n\t\t<div class=\"elementor-element elementor-element-a862fe1 e-flex e-con-boxed e-con e-parent\" data-id=\"a862fe1\" data-element_type=\"container\">\n\t\t\t\t\t<div class=\"e-con-inner\">\n\t\t\t\t<div class=\"elementor-element elementor-element-988bd32 elementor-widget-divider--view-line elementor-widget elementor-widget-divider\" data-id=\"988bd32\" data-element_type=\"widget\" data-widget_type=\"divider.default\">\n\t\t\t\t<div class=\"elementor-widget-container\">\n\t\t\t\t\t\t\t<div class=\"elementor-divider\">\n\t\t\t<span class=\"elementor-divider-separator\">\n\t\t\t\t\t\t<\/span>\n\t\t<\/div>\n\t\t\t\t\t\t<\/div>\n\t\t\t\t<\/div>\n\t\t\t\t<div class=\"elementor-element elementor-element-a1e5769 elementor-widget elementor-widget-heading\" data-id=\"a1e5769\" data-element_type=\"widget\" data-widget_type=\"heading.default\">\n\t\t\t\t<div class=\"elementor-widget-container\">\n\t\t\t\t\t<h3 class=\"elementor-heading-title elementor-size-default\">Yhteydenottolomake<\/h3>\t\t\t\t<\/div>\n\t\t\t\t<\/div>\n\t\t\t\t\t<\/div>\n\t\t\t\t<\/div>\n\t\t<div class=\"elementor-element elementor-element-ffc0f76 e-flex e-con-boxed e-con e-parent\" data-id=\"ffc0f76\" data-element_type=\"container\">\n\t\t\t\t\t<div class=\"e-con-inner\">\n\t\t\t\t<div class=\"elementor-element elementor-element-7d36724 elementor-widget elementor-widget-wpforms\" data-id=\"7d36724\" data-element_type=\"widget\" data-widget_type=\"wpforms.default\">\n\t\t\t\t<div class=\"elementor-widget-container\">\n\t\t\t\t\t<div class=\"wpforms-container wpforms-container-full\" id=\"wpforms-2961\"><form id=\"wpforms-form-2961\" class=\"wpforms-validate wpforms-form wpforms-ajax-form\" data-formid=\"2961\" method=\"post\" enctype=\"multipart\/form-data\" action=\"\/sv\/wp-json\/wp\/v2\/pages\/2630\" data-token=\"6c2eb33f15a34e15eda84625716888c5\" data-token-time=\"1777317517\"><noscript class=\"wpforms-error-noscript\">Aktivera JavaScript i din webbl\u00e4sare f\u00f6r att fylla i formul\u00e4ret.<\/noscript><div class=\"wpforms-field-container\"><div id=\"wpforms-2961-field_1-container\" class=\"wpforms-field wpforms-field-name\" data-field-id=\"1\"><label class=\"wpforms-field-label\" for=\"wpforms-2961-field_1\">Nimi <span class=\"wpforms-required-label\">*<\/span><\/label><input type=\"text\" id=\"wpforms-2961-field_1\" class=\"wpforms-field-medium wpforms-field-required\" name=\"wpforms[fields][1]\" required><\/div><div id=\"wpforms-2961-field_2-container\" class=\"wpforms-field wpforms-field-name\" data-field-id=\"2\"><label class=\"wpforms-field-label\" for=\"wpforms-2961-field_2\">Puhelinnumero <span class=\"wpforms-required-label\">*<\/span><\/label><input type=\"text\" id=\"wpforms-2961-field_2\" class=\"wpforms-field-medium wpforms-field-required\" name=\"wpforms[fields][2]\" required><\/div><div id=\"wpforms-2961-field_3-container\" class=\"wpforms-field wpforms-field-name\" data-field-id=\"3\"><label class=\"wpforms-field-label\" for=\"wpforms-2961-field_3\">S\u00e4hk\u00f6posti <span class=\"wpforms-required-label\">*<\/span><\/label><input type=\"text\" id=\"wpforms-2961-field_3\" class=\"wpforms-field-medium wpforms-field-required\" name=\"wpforms[fields][3]\" required><\/div>\t\t<div id=\"wpforms-2961-field_6-container\"\n\t\t\tclass=\"wpforms-field wpforms-field-text\"\n\t\t\tdata-field-type=\"text\"\n\t\t\tdata-field-id=\"6\"\n\t\t\t>\n\t\t\t<label class=\"wpforms-field-label\" for=\"wpforms-2961-field_6\" >potilastiedoistasi, joten yhteytt\u00e4<\/label>\n\t\t\t<input type=\"text\" id=\"wpforms-2961-field_6\" class=\"wpforms-field-medium\" name=\"wpforms[fields][6]\" >\n\t\t<\/div>\n\t\t<div id=\"wpforms-2961-field_4-container\" class=\"wpforms-field wpforms-field-textarea\" data-field-id=\"4\"><label class=\"wpforms-field-label\" for=\"wpforms-2961-field_4\">L\u00e4het\u00e4 meille t\u00e4ll\u00e4 lomakkeella yleist\u00e4 palautetta toiminnastamme. Mik\u00e4li haluat antaa palautetta liittyen hoitotilanteisiin, tai sinulla on kysytt\u00e4v\u00e4\u00e4 potilastiedoistasi, ota meihin yhteytt\u00e4 POLKU-palvelussa tai henkil\u00f6kohtaisesti k\u00e4ym\u00e4ll\u00e4 toimipisteess\u00e4mme. Huomioithan ett\u00e4 potilastietojen k\u00e4sittely vaatii henkil\u00f6llisyyden vahvan tunnistamisen, joten t\u00e4ll\u00e4 lomakkeella tulleita kyselyit\u00e4 emme k\u00e4sittele.<\/label><textarea id=\"wpforms-2961-field_4\" class=\"wpforms-field-medium\" name=\"wpforms[fields][4]\" ><\/textarea><\/div><div id=\"wpforms-2961-field_5-container\" class=\"wpforms-field wpforms-field-radio\" data-field-id=\"5\"><label class=\"wpforms-field-label\">Yhteydenotto <span class=\"wpforms-required-label\">*<\/span><\/label><ul id=\"wpforms-2961-field_5\" class=\"wpforms-field-required\"><li class=\"choice-1 depth-1\"><input type=\"radio\" id=\"wpforms-2961-field_5_1\" name=\"wpforms[fields][5]\" value=\"En tarvitse yhteydenottoa, mutta palautettani voidaan k\u00e4ytt\u00e4\u00e4 toiminnan kehitt\u00e4miseen\" required ><label class=\"wpforms-field-label-inline\" for=\"wpforms-2961-field_5_1\">En tarvitse yhteydenottoa, mutta palautettani voidaan k\u00e4ytt\u00e4\u00e4 toiminnan kehitt\u00e4miseen<\/label><\/li><li class=\"choice-2 depth-1\"><input type=\"radio\" id=\"wpforms-2961-field_5_2\" name=\"wpforms[fields][5]\" value=\"Haluan, ett\u00e4 minuun otetaan yhteytt\u00e4 palautteeseen liittyen\" required ><label class=\"wpforms-field-label-inline\" for=\"wpforms-2961-field_5_2\">Haluan, ett\u00e4 minuun otetaan yhteytt\u00e4 palautteeseen liittyen<\/label><\/li><\/ul><\/div><script>\n\t\t\t\t( function() {\n\t\t\t\t\tconst style = document.createElement( 'style' );\n\t\t\t\t\tstyle.appendChild( document.createTextNode( '#wpforms-2961-field_6-container { position: absolute !important; overflow: hidden !important; display: inline !important; height: 1px !important; width: 1px !important; z-index: -1000 !important; padding: 0 !important; } #wpforms-2961-field_6-container input { visibility: hidden; } #wpforms-conversational-form-page #wpforms-2961-field_6-container label { counter-increment: none; }' ) );\n\t\t\t\t\tdocument.head.appendChild( style );\n\t\t\t\t\tdocument.currentScript?.remove();\n\t\t\t\t} )();\n\t\t\t<\/script><\/div><!-- .wpforms-field-container --><div class=\"wpforms-submit-container\" ><input type=\"hidden\" name=\"wpforms[id]\" value=\"2961\"><input type=\"hidden\" name=\"page_title\" value=\"\"><input type=\"hidden\" name=\"page_url\" value=\"https:\/\/2025.umtt.fi\/sv\/wp-json\/wp\/v2\/pages\/2630\"><input type=\"hidden\" name=\"url_referer\" value=\"\"><button type=\"submit\" name=\"wpforms[submit]\" id=\"wpforms-submit-2961\" class=\"wpforms-submit\" data-alt-text=\"L\u00e4hett\u00e4\u00e4...\" data-submit-text=\"L\u00e4het\u00e4\" aria-live=\"assertive\" value=\"wpforms-submit\">L\u00e4het\u00e4<\/button><img decoding=\"async\" src=\"https:\/\/2025.umtt.fi\/wp-content\/plugins\/wpforms-lite\/assets\/images\/submit-spin.svg\" class=\"wpforms-submit-spinner\" style=\"display: none;\" width=\"26\" height=\"26\" alt=\"Laddar\" title=\"Palaute\"><\/div><\/form><\/div>  <!-- .wpforms-container -->\t\t\t\t<\/div>\n\t\t\t\t<\/div>\n\t\t\t\t\t<\/div>\n\t\t\t\t<\/div>\n\t\t\t\t<\/div>\n\t\t","protected":false},"excerpt":{"rendered":"<p>Yhteydenottolomake Please enable JavaScript in your browser to complete this form.Nimi *Puhelinnumero *S\u00e4hk\u00f6posti *L\u00e4het\u00e4 meille t\u00e4ll\u00e4 lomakkeella yleist\u00e4 palautetta toiminnastamme. Mik\u00e4li haluat antaa palautetta liittyen hoitotilanteisiin, tai sinulla on kysytt\u00e4v\u00e4\u00e4 potilastiedoistasi, ota meihin yhteytt\u00e4 POLKU-palvelussa tai henkil\u00f6kohtaisesti k\u00e4ym\u00e4ll\u00e4 toimipisteess\u00e4mme. Huomioithan ett\u00e4 potilastietojen k\u00e4sittely vaatii henkil\u00f6llisyyden vahvan tunnistamisen, joten t\u00e4ll\u00e4 lomakkeella tulleita kyselyit\u00e4 emme k\u00e4sittele.Yhteydenotto * [&hellip;]<\/p>\n","protected":false},"author":3,"featured_media":0,"parent":0,"menu_order":0,"comment_status":"closed","ping_status":"closed","template":"","meta":{"_uag_custom_page_level_css":"","site-sidebar-layout":"default","site-content-layout":"","ast-site-content-layout":"default","site-content-style":"default","site-sidebar-style":"default","ast-global-header-display":"","ast-banner-title-visibility":"","ast-main-header-display":"","ast-hfb-above-header-display":"","ast-hfb-below-header-display":"","ast-hfb-mobile-header-display":"","site-post-title":"","ast-breadcrumbs-content":"","ast-featured-img":"","footer-sml-layout":"","ast-disable-related-posts":"","theme-transparent-header-meta":"","adv-header-id-meta":"","stick-header-meta":"","header-above-stick-meta":"","header-main-stick-meta":"","header-below-stick-meta":"","astra-migrate-meta-layouts":"set","ast-page-background-enabled":"default","ast-page-background-meta":{"desktop":{"background-color":"","background-image":"","background-repeat":"repeat","background-position":"center center","background-size":"auto","background-attachment":"scroll","background-type":"","background-media":"","overlay-type":"","overlay-color":"","overlay-opacity":"","overlay-gradient":""},"tablet":{"background-color":"","background-image":"","background-repeat":"repeat","background-position":"center center","background-size":"auto","background-attachment":"scroll","background-type":"","background-media":"","overlay-type":"","overlay-color":"","overlay-opacity":"","overlay-gradient":""},"mobile":{"background-color":"","background-image":"","background-repeat":"repeat","background-position":"center center","background-size":"auto","background-attachment":"scroll","background-type":"","background-media":"","overlay-type":"","overlay-color":"","overlay-opacity":"","overlay-gradient":""}},"ast-content-background-meta":{"desktop":{"background-color":"var(--ast-global-color-5)","background-image":"","background-repeat":"repeat","background-position":"center center","background-size":"auto","background-attachment":"scroll","background-type":"","background-media":"","overlay-type":"","overlay-color":"","overlay-opacity":"","overlay-gradient":""},"tablet":{"background-color":"var(--ast-global-color-5)","background-image":"","background-repeat":"repeat","background-position":"center center","background-size":"auto","background-attachment":"scroll","background-type":"","background-media":"","overlay-type":"","overlay-color":"","overlay-opacity":"","overlay-gradient":""},"mobile":{"background-color":"var(--ast-global-color-5)","background-image":"","background-repeat":"repeat","background-position":"center center","background-size":"auto","background-attachment":"scroll","background-type":"","background-media":"","overlay-type":"","overlay-color":"","overlay-opacity":"","overlay-gradient":""}},"footnotes":""},"class_list":["post-2630","page","type-page","status-publish","hentry"],"uagb_featured_image_src":{"full":false,"thumbnail":false,"medium":false,"medium_large":false,"large":false,"1536x1536":false,"2048x2048":false,"trp-custom-language-flag":false},"uagb_author_info":{"display_name":"Veera Lahtinen","author_link":"https:\/\/2025.umtt.fi\/sv\/author\/veera\/"},"uagb_comment_info":0,"uagb_excerpt":"Yhteydenottolomake Please enable JavaScript in your browser to complete this form.Nimi *Puhelinnumero *S\u00e4hk\u00f6posti *L\u00e4het\u00e4 meille t\u00e4ll\u00e4 lomakkeella yleist\u00e4 palautetta toiminnastamme. Mik\u00e4li haluat antaa palautetta liittyen hoitotilanteisiin, tai sinulla on kysytt\u00e4v\u00e4\u00e4 potilastiedoistasi, ota meihin yhteytt\u00e4 POLKU-palvelussa tai henkil\u00f6kohtaisesti k\u00e4ym\u00e4ll\u00e4 toimipisteess\u00e4mme. Huomioithan ett\u00e4 potilastietojen k\u00e4sittely vaatii henkil\u00f6llisyyden vahvan tunnistamisen, joten t\u00e4ll\u00e4 lomakkeella tulleita kyselyit\u00e4 emme k\u00e4sittele.Yhteydenotto *&hellip;","_links":{"self":[{"href":"https:\/\/2025.umtt.fi\/sv\/wp-json\/wp\/v2\/pages\/2630","targetHints":{"allow":["GET"]}}],"collection":[{"href":"https:\/\/2025.umtt.fi\/sv\/wp-json\/wp\/v2\/pages"}],"about":[{"href":"https:\/\/2025.umtt.fi\/sv\/wp-json\/wp\/v2\/types\/page"}],"author":[{"embeddable":true,"href":"https:\/\/2025.umtt.fi\/sv\/wp-json\/wp\/v2\/users\/3"}],"replies":[{"embeddable":true,"href":"https:\/\/2025.umtt.fi\/sv\/wp-json\/wp\/v2\/comments?post=2630"}],"version-history":[{"count":5,"href":"https:\/\/2025.umtt.fi\/sv\/wp-json\/wp\/v2\/pages\/2630\/revisions"}],"predecessor-version":[{"id":2968,"href":"https:\/\/2025.umtt.fi\/sv\/wp-json\/wp\/v2\/pages\/2630\/revisions\/2968"}],"wp:attachment":[{"href":"https:\/\/2025.umtt.fi\/sv\/wp-json\/wp\/v2\/media?parent=2630"}],"curies":[{"name":"wp","href":"https:\/\/api.w.org\/{rel}","templated":true}]}}