{"id":2628,"date":"2026-01-12T13:07:56","date_gmt":"2026-01-12T13:07:56","guid":{"rendered":"https:\/\/2025.umtt.fi\/?page_id=2628"},"modified":"2026-03-02T14:54:25","modified_gmt":"2026-03-02T14:54:25","slug":"meista","status":"publish","type":"page","link":"https:\/\/2025.umtt.fi\/sv\/meista\/","title":{"rendered":"Meist\u00e4"},"content":{"rendered":"<div data-elementor-type=\"wp-page\" data-elementor-id=\"2628\" class=\"elementor elementor-2628\">\n\t\t\t\t<div class=\"elementor-element elementor-element-603b920c e-flex e-con-boxed e-con e-parent\" data-id=\"603b920c\" data-element_type=\"container\">\n\t\t\t\t\t<div class=\"e-con-inner\">\n\t\t\t\t<div class=\"elementor-element elementor-element-6b3f11d7 elementor-widget elementor-widget-text-editor\" data-id=\"6b3f11d7\" data-element_type=\"widget\" data-widget_type=\"text-editor.default\">\n\t\t\t\t<div class=\"elementor-widget-container\">\n\t\t\t\t\t\t\t\t\t\n<div class=\"wp-block-cover\"><img fetchpriority=\"high\" decoding=\"async\" width=\"1024\" height=\"602\" class=\"wp-block-cover__image-background wp-image-2678\" src=\"https:\/\/2025.umtt.fi\/wp-content\/uploads\/2026\/01\/wp-umtt-scaled-e1768229640627-1024x602.jpeg\" alt=\"Stetoskooppi ja reseptilomake p\u00f6yd\u00e4ll\u00e4 tietokoneen kanssa\" data-object-fit=\"cover\" title=\"Meist\u00e4\" srcset=\"https:\/\/2025.umtt.fi\/wp-content\/uploads\/2026\/01\/wp-umtt-scaled-e1768229640627-1024x602.jpeg 1024w, https:\/\/2025.umtt.fi\/wp-content\/uploads\/2026\/01\/wp-umtt-scaled-e1768229640627-300x176.jpeg 300w, https:\/\/2025.umtt.fi\/wp-content\/uploads\/2026\/01\/wp-umtt-scaled-e1768229640627-768x452.jpeg 768w, https:\/\/2025.umtt.fi\/wp-content\/uploads\/2026\/01\/wp-umtt-scaled-e1768229640627-1536x904.jpeg 1536w, https:\/\/2025.umtt.fi\/wp-content\/uploads\/2026\/01\/wp-umtt-scaled-e1768229640627-2048x1205.jpeg 2048w\" sizes=\"(max-width: 1024px) 100vw, 1024px\" \/>\n<div class=\"wp-block-cover__inner-container is-layout-flow wp-block-cover-is-layout-flow\">\n<h1 class=\"has-text-align-center has-large-font-size\">Meist\u00e4<\/h1>\n<\/div>\n<\/div>\n\t\t\t\t\t\t\t\t<\/div>\n\t\t\t\t<\/div>\n\t\t\t\t\t<\/div>\n\t\t\t\t<\/div>\n\t\t<div class=\"elementor-element elementor-element-1ff492a e-flex e-con-boxed e-con e-parent\" data-id=\"1ff492a\" data-element_type=\"container\">\n\t\t\t\t\t<div class=\"e-con-inner\">\n\t\t\t\t<div class=\"elementor-element elementor-element-b47ce3c elementor-widget-divider--view-line elementor-widget elementor-widget-divider\" data-id=\"b47ce3c\" data-element_type=\"widget\" data-widget_type=\"divider.default\">\n\t\t\t\t<div class=\"elementor-widget-container\">\n\t\t\t\t\t\t\t<div class=\"elementor-divider\">\n\t\t\t<span class=\"elementor-divider-separator\">\n\t\t\t\t\t\t<\/span>\n\t\t<\/div>\n\t\t\t\t\t\t<\/div>\n\t\t\t\t<\/div>\n\t\t\t\t<div class=\"elementor-element elementor-element-c9677b3 elementor-widget elementor-widget-text-editor\" data-id=\"c9677b3\" data-element_type=\"widget\" data-widget_type=\"text-editor.default\">\n\t\t\t\t<div class=\"elementor-widget-container\">\n\t\t\t\t\t\t\t\t\t<p>Uudenmaan Ty\u00f6terveys tuottaa maakunnan alueen yrityksille asiakasl\u00e4ht\u00f6isi\u00e4, helposti tavoitettavia ja joustavia ty\u00f6terveyshuollon palveluja ja t\u00e4ten osaltaan vaikuttaa positiivisesti kuntien elinvoimaan. Toimiva ty\u00f6terveysyhteisty\u00f6 edist\u00e4\u00e4 ty\u00f6ymp\u00e4rist\u00f6n turvallisuutta, ty\u00f6yhteis\u00f6iden toimivuutta ja ty\u00f6ntekij\u00f6iden ty\u00f6kyky\u00e4. Alueellisten ty\u00f6terveyspalvelujen ja ty\u00f6per\u00e4isten sairaanhoitopalvelujen tarjonnalla on my\u00f6s vaikutusta yritysten sijoittumisp\u00e4\u00e4t\u00f6ksiss\u00e4.<br \/><br \/>Kuntien ja hyvinvointialueiden ty\u00f6terveyshuoltona toimii Keski-Uudenmaan Ty\u00f6terveys Oy, l\u00f6yd\u00e4t heid\u00e4t osoitteesta\u00a0<span style=\"text-decoration: underline;\"><a class=\"\" href=\"https:\/\/keski-uudenmaantyoterveys.fi\" target=\"_self\" rel=\"noopener\" data-cp-link=\"1\">https:\/\/keski-uudenmaantyoterveys.fi<\/a><\/span><br \/><br \/><br \/><a class=\"\" href=\"https:\/\/uudenmaantyoterveys.fi\/wp-content\/uploads\/2023\/11\/Uudenmaan-Tyoterveys-Oy-LASKUTUSOSOITE.pdf\" target=\"_self\" rel=\"noopener\" data-cp-link=\"1\"><span style=\"text-decoration: underline;\">LASKUTUSOSOITE<\/span><\/a>,\u00a0vastaanotamme laskuja vain s\u00e4hk\u00f6isess\u00e4 muodossa.<\/p>\t\t\t\t\t\t\t\t<\/div>\n\t\t\t\t<\/div>\n\t\t\t\t\t<\/div>\n\t\t\t\t<\/div>\n\t\t<div class=\"elementor-element elementor-element-93439e0 e-flex e-con-boxed e-con e-parent\" data-id=\"93439e0\" data-element_type=\"container\">\n\t\t\t\t\t<div class=\"e-con-inner\">\n\t\t\t\t<div class=\"elementor-element elementor-element-345aea1 elementor-widget elementor-widget-image\" data-id=\"345aea1\" data-element_type=\"widget\" data-widget_type=\"image.default\">\n\t\t\t\t<div class=\"elementor-widget-container\">\n\t\t\t\t\t\t\t\t\t\t\t\t\t\t\t<img decoding=\"async\" width=\"481\" height=\"598\" src=\"https:\/\/2025.umtt.fi\/wp-content\/uploads\/2026\/02\/ryhmakuva_umtt.jpg\" class=\"attachment-large size-large wp-image-2956\" alt=\"ryhm\u00e4kuva umtt\" srcset=\"https:\/\/2025.umtt.fi\/wp-content\/uploads\/2026\/02\/ryhmakuva_umtt.jpg 481w, https:\/\/2025.umtt.fi\/wp-content\/uploads\/2026\/02\/ryhmakuva_umtt-241x300.jpg 241w\" sizes=\"(max-width: 481px) 100vw, 481px\" title=\"Meist\u00e4\">\t\t\t\t\t\t\t\t\t\t\t\t\t\t\t<\/div>\n\t\t\t\t<\/div>\n\t\t\t\t\t<\/div>\n\t\t\t\t<\/div>\n\t\t\t\t<\/div>","protected":false},"excerpt":{"rendered":"<p>Uudenmaan Ty\u00f6terveys tuottaa maakunnan alueen yrityksille asiakasl\u00e4ht\u00f6isi\u00e4, helposti tavoitettavia ja joustavia ty\u00f6terveyshuollon palveluja ja t\u00e4ten osaltaan vaikuttaa positiivisesti kuntien elinvoimaan. Toimiva ty\u00f6terveysyhteisty\u00f6 edist\u00e4\u00e4 ty\u00f6ymp\u00e4rist\u00f6n turvallisuutta, ty\u00f6yhteis\u00f6iden toimivuutta ja ty\u00f6ntekij\u00f6iden ty\u00f6kyky\u00e4. Alueellisten ty\u00f6terveyspalvelujen ja ty\u00f6per\u00e4isten sairaanhoitopalvelujen tarjonnalla on my\u00f6s vaikutusta yritysten sijoittumisp\u00e4\u00e4t\u00f6ksiss\u00e4. Kuntien ja hyvinvointialueiden ty\u00f6terveyshuoltona toimii Keski-Uudenmaan Ty\u00f6terveys Oy, l\u00f6yd\u00e4t heid\u00e4t osoitteesta\u00a0https:\/\/keski-uudenmaantyoterveys.fi LASKUTUSOSOITE,\u00a0vastaanotamme laskuja vain [&hellip;]<\/p>\n","protected":false},"author":3,"featured_media":0,"parent":0,"menu_order":0,"comment_status":"closed","ping_status":"closed","template":"","meta":{"_uag_custom_page_level_css":"","site-sidebar-layout":"default","site-content-layout":"","ast-site-content-layout":"default","site-content-style":"default","site-sidebar-style":"default","ast-global-header-display":"","ast-banner-title-visibility":"","ast-main-header-display":"","ast-hfb-above-header-display":"","ast-hfb-below-header-display":"","ast-hfb-mobile-header-display":"","site-post-title":"","ast-breadcrumbs-content":"","ast-featured-img":"","footer-sml-layout":"","ast-disable-related-posts":"","theme-transparent-header-meta":"","adv-header-id-meta":"","stick-header-meta":"","header-above-stick-meta":"","header-main-stick-meta":"","header-below-stick-meta":"","astra-migrate-meta-layouts":"set","ast-page-background-enabled":"default","ast-page-background-meta":{"desktop":{"background-color":"","background-image":"","background-repeat":"repeat","background-position":"center center","background-size":"auto","background-attachment":"scroll","background-type":"","background-media":"","overlay-type":"","overlay-color":"","overlay-opacity":"","overlay-gradient":""},"tablet":{"background-color":"","background-image":"","background-repeat":"repeat","background-position":"center center","background-size":"auto","background-attachment":"scroll","background-type":"","background-media":"","overlay-type":"","overlay-color":"","overlay-opacity":"","overlay-gradient":""},"mobile":{"background-color":"","background-image":"","background-repeat":"repeat","background-position":"center center","background-size":"auto","background-attachment":"scroll","background-type":"","background-media":"","overlay-type":"","overlay-color":"","overlay-opacity":"","overlay-gradient":""}},"ast-content-background-meta":{"desktop":{"background-color":"var(--ast-global-color-5)","background-image":"","background-repeat":"repeat","background-position":"center center","background-size":"auto","background-attachment":"scroll","background-type":"","background-media":"","overlay-type":"","overlay-color":"","overlay-opacity":"","overlay-gradient":""},"tablet":{"background-color":"var(--ast-global-color-5)","background-image":"","background-repeat":"repeat","background-position":"center center","background-size":"auto","background-attachment":"scroll","background-type":"","background-media":"","overlay-type":"","overlay-color":"","overlay-opacity":"","overlay-gradient":""},"mobile":{"background-color":"var(--ast-global-color-5)","background-image":"","background-repeat":"repeat","background-position":"center center","background-size":"auto","background-attachment":"scroll","background-type":"","background-media":"","overlay-type":"","overlay-color":"","overlay-opacity":"","overlay-gradient":""}},"footnotes":""},"class_list":["post-2628","page","type-page","status-publish","hentry"],"uagb_featured_image_src":{"full":false,"thumbnail":false,"medium":false,"medium_large":false,"large":false,"1536x1536":false,"2048x2048":false,"trp-custom-language-flag":false},"uagb_author_info":{"display_name":"Veera Lahtinen","author_link":"https:\/\/2025.umtt.fi\/sv\/author\/veera\/"},"uagb_comment_info":0,"uagb_excerpt":"Uudenmaan Ty\u00f6terveys tuottaa maakunnan alueen yrityksille asiakasl\u00e4ht\u00f6isi\u00e4, helposti tavoitettavia ja joustavia ty\u00f6terveyshuollon palveluja ja t\u00e4ten osaltaan vaikuttaa positiivisesti kuntien elinvoimaan. Toimiva ty\u00f6terveysyhteisty\u00f6 edist\u00e4\u00e4 ty\u00f6ymp\u00e4rist\u00f6n turvallisuutta, ty\u00f6yhteis\u00f6iden toimivuutta ja ty\u00f6ntekij\u00f6iden ty\u00f6kyky\u00e4. Alueellisten ty\u00f6terveyspalvelujen ja ty\u00f6per\u00e4isten sairaanhoitopalvelujen tarjonnalla on my\u00f6s vaikutusta yritysten sijoittumisp\u00e4\u00e4t\u00f6ksiss\u00e4. Kuntien ja hyvinvointialueiden ty\u00f6terveyshuoltona toimii Keski-Uudenmaan Ty\u00f6terveys Oy, l\u00f6yd\u00e4t heid\u00e4t osoitteesta\u00a0https:\/\/keski-uudenmaantyoterveys.fi LASKUTUSOSOITE,\u00a0vastaanotamme laskuja vain&hellip;","_links":{"self":[{"href":"https:\/\/2025.umtt.fi\/sv\/wp-json\/wp\/v2\/pages\/2628","targetHints":{"allow":["GET"]}}],"collection":[{"href":"https:\/\/2025.umtt.fi\/sv\/wp-json\/wp\/v2\/pages"}],"about":[{"href":"https:\/\/2025.umtt.fi\/sv\/wp-json\/wp\/v2\/types\/page"}],"author":[{"embeddable":true,"href":"https:\/\/2025.umtt.fi\/sv\/wp-json\/wp\/v2\/users\/3"}],"replies":[{"embeddable":true,"href":"https:\/\/2025.umtt.fi\/sv\/wp-json\/wp\/v2\/comments?post=2628"}],"version-history":[{"count":8,"href":"https:\/\/2025.umtt.fi\/sv\/wp-json\/wp\/v2\/pages\/2628\/revisions"}],"predecessor-version":[{"id":3306,"href":"https:\/\/2025.umtt.fi\/sv\/wp-json\/wp\/v2\/pages\/2628\/revisions\/3306"}],"wp:attachment":[{"href":"https:\/\/2025.umtt.fi\/sv\/wp-json\/wp\/v2\/media?parent=2628"}],"curies":[{"name":"wp","href":"https:\/\/api.w.org\/{rel}","templated":true}]}}