{"id":2614,"date":"2026-01-12T12:59:49","date_gmt":"2026-01-12T12:59:49","guid":{"rendered":"https:\/\/2025.umtt.fi\/?page_id=2614"},"modified":"2026-04-08T06:02:42","modified_gmt":"2026-04-08T06:02:42","slug":"ajanvaraus-ja-asiakaspalvelu","status":"publish","type":"page","link":"https:\/\/2025.umtt.fi\/sv\/ajanvaraus-ja-asiakaspalvelu\/","title":{"rendered":"Ajanvaraus ja asiakaspalvelu"},"content":{"rendered":"<div data-elementor-type=\"wp-page\" data-elementor-id=\"2614\" class=\"elementor elementor-2614\">\n\t\t\t\t<div class=\"elementor-element elementor-element-329d186b e-flex e-con-boxed e-con e-parent\" data-id=\"329d186b\" data-element_type=\"container\">\n\t\t\t\t\t<div class=\"e-con-inner\">\n\t\t\t\t<div class=\"elementor-element elementor-element-67aae108 elementor-widget__width-inherit elementor-widget elementor-widget-text-editor\" data-id=\"67aae108\" data-element_type=\"widget\" data-widget_type=\"text-editor.default\">\n\t\t\t\t<div class=\"elementor-widget-container\">\n\t\t\t\t\t\t\t\t\t\n<div class=\"wp-block-cover\"><img fetchpriority=\"high\" decoding=\"async\" width=\"1024\" height=\"602\" class=\"wp-block-cover__image-background wp-image-2678\" src=\"https:\/\/2025.umtt.fi\/wp-content\/uploads\/2026\/01\/wp-umtt-scaled-e1768229640627-1024x602.jpeg\" alt=\"Stetoskooppi ja reseptilomake p\u00f6yd\u00e4ll\u00e4 tietokoneen kanssa\" data-object-fit=\"cover\" title=\"Ajanvaraus ja asiakaspalvelu\" srcset=\"https:\/\/2025.umtt.fi\/wp-content\/uploads\/2026\/01\/wp-umtt-scaled-e1768229640627-1024x602.jpeg 1024w, https:\/\/2025.umtt.fi\/wp-content\/uploads\/2026\/01\/wp-umtt-scaled-e1768229640627-300x176.jpeg 300w, https:\/\/2025.umtt.fi\/wp-content\/uploads\/2026\/01\/wp-umtt-scaled-e1768229640627-768x452.jpeg 768w, https:\/\/2025.umtt.fi\/wp-content\/uploads\/2026\/01\/wp-umtt-scaled-e1768229640627-1536x904.jpeg 1536w, https:\/\/2025.umtt.fi\/wp-content\/uploads\/2026\/01\/wp-umtt-scaled-e1768229640627-2048x1205.jpeg 2048w\" sizes=\"(max-width: 1024px) 100vw, 1024px\" \/>\n<div class=\"wp-block-cover__inner-container is-layout-flow wp-block-cover-is-layout-flow\">\n<h1 class=\"has-text-align-center has-large-font-size\">Ajanvaraus ja asiakaspalvelu<\/h1>\n<\/div>\n<\/div>\n\t\t\t\t\t\t\t\t<\/div>\n\t\t\t\t<\/div>\n\t\t\t\t\t<\/div>\n\t\t\t\t<\/div>\n\t\t<div class=\"elementor-element elementor-element-25bcd3e e-flex e-con-boxed e-con e-parent\" data-id=\"25bcd3e\" data-element_type=\"container\">\n\t\t\t\t\t<div class=\"e-con-inner\">\n\t\t\t\t<div class=\"elementor-element elementor-element-39a0f41 elementor-widget elementor-widget-text-editor\" data-id=\"39a0f41\" data-element_type=\"widget\" data-widget_type=\"text-editor.default\">\n\t\t\t\t<div class=\"elementor-widget-container\">\n\t\t\t\t\t\t\t\t\t<h5>Asiakaspalvelu ja ajanvaraus<\/h5>\n<p>Ota meihin yhteytt\u00e4 digitaalisen <a href=\"https:\/\/umtt.movendosplatform.com\/\" target=\"_self\" data-cp-link=\"1\"><span style=\"text-decoration: underline;\">Uudenmaan OmaTy\u00f6terveys-palvelumme<\/span><\/a> kautta. <strong>Uudenmaan OmaTy\u00f6terveys<\/strong> on asiakkaille avoinna 24\/7.<\/p>\n<p><strong>Palveluajat seuraavasti:<\/strong><\/p>\n<p>Asiakaspalvelu, e-Vastaanotto ja Mielenpolku:<br \/>Palvelut ovat asiakkaalle avoinna 24\/7. Vastaamme ja hoidamme asiasi arkisin klo 8\u201312 v\u00e4lill\u00e4<br \/>Kiireet\u00f6n viesti omalle ty\u00f6terveyshoitajalle tai -tiimille:\u00a0Vastaus viimeist\u00e4\u00e4n 2 ty\u00f6p\u00e4iv\u00e4n sis\u00e4ll\u00e4.<br \/>Nettiajanvarauksessa Voit varata puhelin- ja vastaanottoaikoja ty\u00f6terveyshoitajalle.<br \/><a class=\"\" href=\"https:\/\/utt.mbooking.fi\/\" target=\"_self\" rel=\"noopener\" data-cp-link=\"1\"><span style=\"text-decoration: underline;\">NETTIAJANVARAUS ty\u00f6terveyshoitajalle.<\/span><br \/><\/a><br \/>Ajanvaraus\u00a0ma-to 8-15 ja pe 8-14 puh.\u00a0<a href=\"tel:0941310100\" target=\"_self\" rel=\"noopener\" data-cp-link=\"1\">09 4131 0100<\/a><br \/>Toimipaikat avoinna\u00a0ma-to 8-16 ja pe 8-14.\u00a0<\/p>\n<p><strong>Ajan peruutus<\/strong><\/p>\n<p>Varatun ajan voit perua veloituksetta viimeist\u00e4\u00e4n varausta edellisen\u00e4 p\u00e4iv\u00e4n\u00e4 kello 12 menness\u00e4. Peruutuksen voit tehd\u00e4 <a href=\"https:\/\/umtt.movendosplatform.com\/\" target=\"_self\" data-cp-link=\"1\"><span style=\"text-decoration: underline;\">Uudenmaan OmaTy\u00f6terveys-palvelun<\/span><\/a>\u00a0asiakaspalvelukanavan,\u00a0<span style=\"text-decoration: underline;\"><a href=\"https:\/\/utt.mbooking.fi\/\" target=\"_self\" data-cp-link=\"1\">nettiajanvarauksen<\/a><\/span>\u00a0tai asiakaspalvelupuhelimen (09 41310100) kautta.<br \/>My\u00f6h\u00e4ss\u00e4 perutuista tai peruuttamatta j\u00e4tetyist\u00e4 ajoista veloitamme hinnaston mukaisesti.<\/p>\t\t\t\t\t\t\t\t<\/div>\n\t\t\t\t<\/div>\n\t\t\t\t\t<\/div>\n\t\t\t\t<\/div>\n\t\t<div class=\"elementor-element elementor-element-d7da41b e-flex e-con-boxed e-con e-parent\" data-id=\"d7da41b\" data-element_type=\"container\">\n\t\t\t\t\t<div class=\"e-con-inner\">\n\t\t\t\t<div class=\"elementor-element elementor-element-26aed40 elementor-widget-divider--view-line elementor-widget elementor-widget-divider\" data-id=\"26aed40\" data-element_type=\"widget\" data-widget_type=\"divider.default\">\n\t\t\t\t<div class=\"elementor-widget-container\">\n\t\t\t\t\t\t\t<div class=\"elementor-divider\">\n\t\t\t<span class=\"elementor-divider-separator\">\n\t\t\t\t\t\t<\/span>\n\t\t<\/div>\n\t\t\t\t\t\t<\/div>\n\t\t\t\t<\/div>\n\t\t\t\t\t<\/div>\n\t\t\t\t<\/div>\n\t\t<div class=\"elementor-element elementor-element-c557f70 e-flex e-con-boxed e-con e-parent\" data-id=\"c557f70\" data-element_type=\"container\">\n\t\t\t\t\t<div class=\"e-con-inner\">\n\t\t\t\t<div class=\"elementor-element elementor-element-f8e62f9 elementor-widget elementor-widget-text-editor\" data-id=\"f8e62f9\" data-element_type=\"widget\" data-widget_type=\"text-editor.default\">\n\t\t\t\t<div class=\"elementor-widget-container\">\n\t\t\t\t\t\t\t\t\t<h5>S\u00e4hk\u00f6inen asiointi<\/h5>\n<p><strong>Uudenmaan OmaTy\u00f6terveys<\/strong> on Uudenmaan Ty\u00f6terveyden s\u00e4hk\u00f6isen asioinnin portaali. Palvelussa voit:<br \/>\u2013 K\u00e4yd\u00e4 kiireet\u00f6nt\u00e4 viestint\u00e4\u00e4 ty\u00f6terveyshoitajan kanssa<br \/>-&gt; Ty\u00f6terveyshoitaja voi liitt\u00e4\u00e4 keskusteluun muita ty\u00f6terveyshuollon ammattilaisia<br \/>\u2013 Kirjautua varatulle videovastaanotolle<br \/><br \/>Palveluun kirjautuminen vaatii vahvan tunnistautumisen pankkitunnuksin tai mobiilivarmenteella.<br \/><br \/>Palvelun k\u00e4ytt\u00f6 edellytt\u00e4\u00e4, ett\u00e4 ty\u00f6nantajasi on sopinut et\u00e4palveluista ty\u00f6terveyshuollon kanssa. Kun et\u00e4palveluista on sovittu, voivat palvelua k\u00e4ytt\u00e4\u00e4 ne asiakasyritysten ty\u00f6ntekij\u00e4t, joiden tiedot l\u00f6ytyv\u00e4t ty\u00f6terveyshuollon tietoj\u00e4rjestelm\u00e4st\u00e4.<br \/><br \/>Kirjaudu Uudenmaan OmaTy\u00f6terveys-palveluun t\u00e4\u00e4lt\u00e4:<br \/><a href=\"https:\/\/umtt.movendosplatform.com\/\" target=\"_self\" rel=\"noopener\" data-cp-link=\"1\">https:\/\/umtt.movendosplatform.com\/<\/a><\/p>\t\t\t\t\t\t\t\t<\/div>\n\t\t\t\t<\/div>\n\t\t\t\t\t<\/div>\n\t\t\t\t<\/div>\n\t\t\t\t<\/div>","protected":false},"excerpt":{"rendered":"<p>Asiakaspalvelu ja ajanvaraus Ota meihin yhteytt\u00e4 digitaalisen Uudenmaan OmaTy\u00f6terveys-palvelumme kautta. Uudenmaan OmaTy\u00f6terveys on asiakkaille avoinna 24\/7. Palveluajat seuraavasti: Asiakaspalvelu, e-Vastaanotto ja Mielenpolku:Palvelut ovat asiakkaalle avoinna 24\/7. Vastaamme ja hoidamme asiasi arkisin klo 8\u201312 v\u00e4lill\u00e4Kiireet\u00f6n viesti omalle ty\u00f6terveyshoitajalle tai -tiimille:\u00a0Vastaus viimeist\u00e4\u00e4n 2 ty\u00f6p\u00e4iv\u00e4n sis\u00e4ll\u00e4.Nettiajanvarauksessa Voit varata puhelin- ja vastaanottoaikoja ty\u00f6terveyshoitajalle.NETTIAJANVARAUS ty\u00f6terveyshoitajalle.Ajanvaraus\u00a0ma-to 8-15 ja pe 8-14 puh.\u00a009 [&hellip;]<\/p>\n","protected":false},"author":3,"featured_media":0,"parent":0,"menu_order":0,"comment_status":"closed","ping_status":"closed","template":"","meta":{"_uag_custom_page_level_css":"","site-sidebar-layout":"default","site-content-layout":"","ast-site-content-layout":"default","site-content-style":"default","site-sidebar-style":"default","ast-global-header-display":"","ast-banner-title-visibility":"","ast-main-header-display":"","ast-hfb-above-header-display":"","ast-hfb-below-header-display":"","ast-hfb-mobile-header-display":"","site-post-title":"","ast-breadcrumbs-content":"","ast-featured-img":"","footer-sml-layout":"","ast-disable-related-posts":"","theme-transparent-header-meta":"","adv-header-id-meta":"","stick-header-meta":"","header-above-stick-meta":"","header-main-stick-meta":"","header-below-stick-meta":"","astra-migrate-meta-layouts":"set","ast-page-background-enabled":"default","ast-page-background-meta":{"desktop":{"background-color":"","background-image":"","background-repeat":"repeat","background-position":"center center","background-size":"auto","background-attachment":"scroll","background-type":"","background-media":"","overlay-type":"","overlay-color":"","overlay-opacity":"","overlay-gradient":""},"tablet":{"background-color":"","background-image":"","background-repeat":"repeat","background-position":"center center","background-size":"auto","background-attachment":"scroll","background-type":"","background-media":"","overlay-type":"","overlay-color":"","overlay-opacity":"","overlay-gradient":""},"mobile":{"background-color":"","background-image":"","background-repeat":"repeat","background-position":"center center","background-size":"auto","background-attachment":"scroll","background-type":"","background-media":"","overlay-type":"","overlay-color":"","overlay-opacity":"","overlay-gradient":""}},"ast-content-background-meta":{"desktop":{"background-color":"var(--ast-global-color-5)","background-image":"","background-repeat":"repeat","background-position":"center center","background-size":"auto","background-attachment":"scroll","background-type":"","background-media":"","overlay-type":"","overlay-color":"","overlay-opacity":"","overlay-gradient":""},"tablet":{"background-color":"var(--ast-global-color-5)","background-image":"","background-repeat":"repeat","background-position":"center center","background-size":"auto","background-attachment":"scroll","background-type":"","background-media":"","overlay-type":"","overlay-color":"","overlay-opacity":"","overlay-gradient":""},"mobile":{"background-color":"var(--ast-global-color-5)","background-image":"","background-repeat":"repeat","background-position":"center center","background-size":"auto","background-attachment":"scroll","background-type":"","background-media":"","overlay-type":"","overlay-color":"","overlay-opacity":"","overlay-gradient":""}},"footnotes":""},"class_list":["post-2614","page","type-page","status-publish","hentry"],"uagb_featured_image_src":{"full":false,"thumbnail":false,"medium":false,"medium_large":false,"large":false,"1536x1536":false,"2048x2048":false,"trp-custom-language-flag":false},"uagb_author_info":{"display_name":"Veera Lahtinen","author_link":"https:\/\/2025.umtt.fi\/sv\/author\/veera\/"},"uagb_comment_info":0,"uagb_excerpt":"Asiakaspalvelu ja ajanvaraus Ota meihin yhteytt\u00e4 digitaalisen Uudenmaan OmaTy\u00f6terveys-palvelumme kautta. Uudenmaan OmaTy\u00f6terveys on asiakkaille avoinna 24\/7. Palveluajat seuraavasti: Asiakaspalvelu, e-Vastaanotto ja Mielenpolku:Palvelut ovat asiakkaalle avoinna 24\/7. Vastaamme ja hoidamme asiasi arkisin klo 8\u201312 v\u00e4lill\u00e4Kiireet\u00f6n viesti omalle ty\u00f6terveyshoitajalle tai -tiimille:\u00a0Vastaus viimeist\u00e4\u00e4n 2 ty\u00f6p\u00e4iv\u00e4n sis\u00e4ll\u00e4.Nettiajanvarauksessa Voit varata puhelin- ja vastaanottoaikoja ty\u00f6terveyshoitajalle.NETTIAJANVARAUS ty\u00f6terveyshoitajalle.Ajanvaraus\u00a0ma-to 8-15 ja pe 8-14 puh.\u00a009&hellip;","_links":{"self":[{"href":"https:\/\/2025.umtt.fi\/sv\/wp-json\/wp\/v2\/pages\/2614","targetHints":{"allow":["GET"]}}],"collection":[{"href":"https:\/\/2025.umtt.fi\/sv\/wp-json\/wp\/v2\/pages"}],"about":[{"href":"https:\/\/2025.umtt.fi\/sv\/wp-json\/wp\/v2\/types\/page"}],"author":[{"embeddable":true,"href":"https:\/\/2025.umtt.fi\/sv\/wp-json\/wp\/v2\/users\/3"}],"replies":[{"embeddable":true,"href":"https:\/\/2025.umtt.fi\/sv\/wp-json\/wp\/v2\/comments?post=2614"}],"version-history":[{"count":20,"href":"https:\/\/2025.umtt.fi\/sv\/wp-json\/wp\/v2\/pages\/2614\/revisions"}],"predecessor-version":[{"id":3431,"href":"https:\/\/2025.umtt.fi\/sv\/wp-json\/wp\/v2\/pages\/2614\/revisions\/3431"}],"wp:attachment":[{"href":"https:\/\/2025.umtt.fi\/sv\/wp-json\/wp\/v2\/media?parent=2614"}],"curies":[{"name":"wp","href":"https:\/\/api.w.org\/{rel}","templated":true}]}}