{"id":2612,"date":"2026-01-12T12:59:22","date_gmt":"2026-01-12T12:59:22","guid":{"rendered":"https:\/\/2025.umtt.fi\/?page_id=2612"},"modified":"2026-02-12T11:25:04","modified_gmt":"2026-02-12T11:25:04","slug":"laboratorio-ja-kuvantaminen","status":"publish","type":"page","link":"https:\/\/2025.umtt.fi\/sv\/laboratorio-ja-kuvantaminen\/","title":{"rendered":"Laboratorio ja kuvantaminen"},"content":{"rendered":"<div data-elementor-type=\"wp-page\" data-elementor-id=\"2612\" class=\"elementor elementor-2612\">\n\t\t\t\t<div class=\"elementor-element elementor-element-3cebfa9e e-flex e-con-boxed e-con e-parent\" data-id=\"3cebfa9e\" data-element_type=\"container\">\n\t\t\t\t\t<div class=\"e-con-inner\">\n\t\t\t\t<div class=\"elementor-element elementor-element-4f26e407 elementor-widget elementor-widget-text-editor\" data-id=\"4f26e407\" data-element_type=\"widget\" data-widget_type=\"text-editor.default\">\n\t\t\t\t<div class=\"elementor-widget-container\">\n\t\t\t\t\t\t\t\t\t\n<div class=\"wp-block-cover\"><img fetchpriority=\"high\" decoding=\"async\" width=\"1024\" height=\"602\" class=\"wp-block-cover__image-background wp-image-2678\" src=\"https:\/\/2025.umtt.fi\/wp-content\/uploads\/2026\/01\/wp-umtt-scaled-e1768229640627-1024x602.jpeg\" alt=\"Stetoskooppi ja reseptilomake p\u00f6yd\u00e4ll\u00e4 tietokoneen kanssa\" data-object-fit=\"cover\" title=\"Laboratorio ja kuvantaminen\" srcset=\"https:\/\/2025.umtt.fi\/wp-content\/uploads\/2026\/01\/wp-umtt-scaled-e1768229640627-1024x602.jpeg 1024w, https:\/\/2025.umtt.fi\/wp-content\/uploads\/2026\/01\/wp-umtt-scaled-e1768229640627-300x176.jpeg 300w, https:\/\/2025.umtt.fi\/wp-content\/uploads\/2026\/01\/wp-umtt-scaled-e1768229640627-768x452.jpeg 768w, https:\/\/2025.umtt.fi\/wp-content\/uploads\/2026\/01\/wp-umtt-scaled-e1768229640627-1536x904.jpeg 1536w, https:\/\/2025.umtt.fi\/wp-content\/uploads\/2026\/01\/wp-umtt-scaled-e1768229640627-2048x1205.jpeg 2048w\" sizes=\"(max-width: 1024px) 100vw, 1024px\" \/>\n<div class=\"wp-block-cover__inner-container is-layout-flow wp-block-cover-is-layout-flow\">\n<h1 class=\"has-text-align-center has-large-font-size\">Laboratorio ja kuvantaminen<\/h1>\n<\/div>\n<\/div>\n\t\t\t\t\t\t\t\t<\/div>\n\t\t\t\t<\/div>\n\t\t\t\t<div class=\"elementor-element elementor-element-a4b1756 elementor-widget-divider--view-line elementor-widget elementor-widget-divider\" data-id=\"a4b1756\" data-element_type=\"widget\" data-widget_type=\"divider.default\">\n\t\t\t\t<div class=\"elementor-widget-container\">\n\t\t\t\t\t\t\t<div class=\"elementor-divider\">\n\t\t\t<span class=\"elementor-divider-separator\">\n\t\t\t\t\t\t<\/span>\n\t\t<\/div>\n\t\t\t\t\t\t<\/div>\n\t\t\t\t<\/div>\n\t\t\t\t\t<\/div>\n\t\t\t\t<\/div>\n\t\t<div class=\"elementor-element elementor-element-fcf1ebc e-grid e-con-boxed e-con e-parent\" data-id=\"fcf1ebc\" data-element_type=\"container\">\n\t\t\t\t\t<div class=\"e-con-inner\">\n\t\t\t\t<div class=\"elementor-element elementor-element-41153b3 elementor-widget elementor-widget-text-editor\" data-id=\"41153b3\" data-element_type=\"widget\" data-widget_type=\"text-editor.default\">\n\t\t\t\t<div class=\"elementor-widget-container\">\n\t\t\t\t\t\t\t\t\t<p>Ty\u00f6kyvyn yll\u00e4pit\u00e4minen ja sairauksien saattavat vaatia diagnostisia tutkimuksia, kuten laboratorio- tai r\u00f6ntgentutkimuksia.<br \/>Hinnoittelumme pidet\u00e4\u00e4n kohtuullisena ja ennakoitavana -mahdollisista kalliimmista tutkimuksista neuvottelemme aina erikseen ty\u00f6nantajan kanssa. Muistathan, ett\u00e4 tutkimuksiin tulee aina olla l\u00e4hete Uudenmaan Ty\u00f6terveydest\u00e4.<br \/><br \/>Asiakkaidemme diagnostisista tutkimuksista vastaavat SYNLAB, ARVOTERVEYS (Lohja, Vihti, Porvoo), HUSLAB (Karkkila, M\u00e4nts\u00e4l\u00e4, Sipoo) ja HUS Kuvantaminen (Vihti, Lohja, Karkkila, M\u00e4nts\u00e4l\u00e4). Lis\u00e4ksi teemme omana toimintanamme seuraavia kliinisen fysiologian tutkimuksia: unipolygrafia, 24-tunnin EKG, oire-EKG, spirometria, spirometria+bronkodilataatio, kuulo.<br \/><br \/><strong>HUSLAB:<\/strong> Ajanvaraus alempana olevasta linkist\u00e4 tai puhelimitse 09 471 86800 arkisin klo 7.30-15.30.<br \/><br \/><strong>SYNLAB:<\/strong> Ajanvaraus alempana olevasta linkist\u00e4 tai puhelimitse:\u00a0010 326 3260. arkisin klo 7.30-19\u00a0ja lauantaisin klo 10-18. Klaukkalan toimipaikkaan ajanvaraus vain puhelimitse.<br \/><br \/><strong>HUS Kuvantaminen:<\/strong> Luuston ja keuhkojen kuvaukset r\u00f6ntgentutkimukset tehd\u00e4\u00e4n ilman ajanvarausta Muihin tutkimuksiin tulee varata aika alempana olevasta linkist\u00e4.<\/p>\t\t\t\t\t\t\t\t<\/div>\n\t\t\t\t<\/div>\n\t\t\t\t<div class=\"elementor-element elementor-element-b6af466 elementor-widget elementor-widget-image\" data-id=\"b6af466\" data-element_type=\"widget\" data-widget_type=\"image.default\">\n\t\t\t\t<div class=\"elementor-widget-container\">\n\t\t\t\t\t\t\t\t\t\t\t\t\t\t\t<img decoding=\"async\" width=\"484\" height=\"319\" src=\"https:\/\/2025.umtt.fi\/wp-content\/uploads\/2026\/02\/labra.jpg\" class=\"attachment-large size-large wp-image-2902\" alt=\"labra\" srcset=\"https:\/\/2025.umtt.fi\/wp-content\/uploads\/2026\/02\/labra.jpg 484w, https:\/\/2025.umtt.fi\/wp-content\/uploads\/2026\/02\/labra-300x198.jpg 300w\" sizes=\"(max-width: 484px) 100vw, 484px\" title=\"Laboratorio ja kuvantaminen\">\t\t\t\t\t\t\t\t\t\t\t\t\t\t\t<\/div>\n\t\t\t\t<\/div>\n\t\t\t\t\t<\/div>\n\t\t\t\t<\/div>\n\t\t<div class=\"elementor-element elementor-element-f449745 e-flex e-con-boxed e-con e-parent\" data-id=\"f449745\" data-element_type=\"container\">\n\t\t\t\t\t<div class=\"e-con-inner\">\n\t\t\t\t<div class=\"elementor-element elementor-element-0092725 elementor-widget__width-inherit elementor-widget elementor-widget-button\" data-id=\"0092725\" data-element_type=\"widget\" data-widget_type=\"button.default\">\n\t\t\t\t<div class=\"elementor-widget-container\">\n\t\t\t\t\t\t\t\t\t<div class=\"elementor-button-wrapper\">\n\t\t\t\t\t<a class=\"elementor-button elementor-button-link elementor-size-sm\" href=\"https:\/\/www.hus.fi\/potilaalle\/hoidot-ja-tutkimukset\/laboratorion-ajanvaraus-ja-neuvonta\">\n\t\t\t\t\t\t<span class=\"elementor-button-content-wrapper\">\n\t\t\t\t\t\t\t\t\t<span class=\"elementor-button-text\">Huslab<\/span>\n\t\t\t\t\t<\/span>\n\t\t\t\t\t<\/a>\n\t\t\t\t<\/div>\n\t\t\t\t\t\t\t\t<\/div>\n\t\t\t\t<\/div>\n\t\t\t\t<div class=\"elementor-element elementor-element-0c2cd7b elementor-widget elementor-widget-button\" data-id=\"0c2cd7b\" data-element_type=\"widget\" data-widget_type=\"button.default\">\n\t\t\t\t<div class=\"elementor-widget-container\">\n\t\t\t\t\t\t\t\t\t<div class=\"elementor-button-wrapper\">\n\t\t\t\t\t<a class=\"elementor-button elementor-button-link elementor-size-sm\" href=\"https:\/\/synlab.fi\/\">\n\t\t\t\t\t\t<span class=\"elementor-button-content-wrapper\">\n\t\t\t\t\t\t\t\t\t<span class=\"elementor-button-text\">Synlab<\/span>\n\t\t\t\t\t<\/span>\n\t\t\t\t\t<\/a>\n\t\t\t\t<\/div>\n\t\t\t\t\t\t\t\t<\/div>\n\t\t\t\t<\/div>\n\t\t\t\t<div class=\"elementor-element elementor-element-d79b1d8 elementor-widget elementor-widget-button\" data-id=\"d79b1d8\" data-element_type=\"widget\" data-widget_type=\"button.default\">\n\t\t\t\t<div class=\"elementor-widget-container\">\n\t\t\t\t\t\t\t\t\t<div class=\"elementor-button-wrapper\">\n\t\t\t\t\t<a class=\"elementor-button elementor-button-link elementor-size-sm\" href=\"https:\/\/arvoterveys.fi\/\">\n\t\t\t\t\t\t<span class=\"elementor-button-content-wrapper\">\n\t\t\t\t\t\t\t\t\t<span class=\"elementor-button-text\">ArvoTreveys<\/span>\n\t\t\t\t\t<\/span>\n\t\t\t\t\t<\/a>\n\t\t\t\t<\/div>\n\t\t\t\t\t\t\t\t<\/div>\n\t\t\t\t<\/div>\n\t\t\t\t<div class=\"elementor-element elementor-element-8d5bb0d elementor-widget elementor-widget-button\" data-id=\"8d5bb0d\" data-element_type=\"widget\" data-widget_type=\"button.default\">\n\t\t\t\t<div class=\"elementor-widget-container\">\n\t\t\t\t\t\t\t\t\t<div class=\"elementor-button-wrapper\">\n\t\t\t\t\t<a class=\"elementor-button elementor-button-link elementor-size-sm\" href=\"https:\/\/www.maisa.fi\/maisa\/Authentication\/Login?\">\n\t\t\t\t\t\t<span class=\"elementor-button-content-wrapper\">\n\t\t\t\t\t\t\t\t\t<span class=\"elementor-button-text\">HUS kuvantaminen<\/span>\n\t\t\t\t\t<\/span>\n\t\t\t\t\t<\/a>\n\t\t\t\t<\/div>\n\t\t\t\t\t\t\t\t<\/div>\n\t\t\t\t<\/div>\n\t\t\t\t\t<\/div>\n\t\t\t\t<\/div>\n\t\t\t\t<\/div>","protected":false},"excerpt":{"rendered":"<p>Ty\u00f6kyvyn yll\u00e4pit\u00e4minen ja sairauksien saattavat vaatia diagnostisia tutkimuksia, kuten laboratorio- tai r\u00f6ntgentutkimuksia.Hinnoittelumme pidet\u00e4\u00e4n kohtuullisena ja ennakoitavana -mahdollisista kalliimmista tutkimuksista neuvottelemme aina erikseen ty\u00f6nantajan kanssa. Muistathan, ett\u00e4 tutkimuksiin tulee aina olla l\u00e4hete Uudenmaan Ty\u00f6terveydest\u00e4. Asiakkaidemme diagnostisista tutkimuksista vastaavat SYNLAB, ARVOTERVEYS (Lohja, Vihti, Porvoo), HUSLAB (Karkkila, M\u00e4nts\u00e4l\u00e4, Sipoo) ja HUS Kuvantaminen (Vihti, Lohja, Karkkila, M\u00e4nts\u00e4l\u00e4). Lis\u00e4ksi teemme [&hellip;]<\/p>\n","protected":false},"author":3,"featured_media":0,"parent":0,"menu_order":0,"comment_status":"closed","ping_status":"closed","template":"","meta":{"_uag_custom_page_level_css":"","site-sidebar-layout":"default","site-content-layout":"","ast-site-content-layout":"default","site-content-style":"default","site-sidebar-style":"default","ast-global-header-display":"","ast-banner-title-visibility":"","ast-main-header-display":"","ast-hfb-above-header-display":"","ast-hfb-below-header-display":"","ast-hfb-mobile-header-display":"","site-post-title":"","ast-breadcrumbs-content":"","ast-featured-img":"","footer-sml-layout":"","ast-disable-related-posts":"","theme-transparent-header-meta":"","adv-header-id-meta":"","stick-header-meta":"","header-above-stick-meta":"","header-main-stick-meta":"","header-below-stick-meta":"","astra-migrate-meta-layouts":"set","ast-page-background-enabled":"default","ast-page-background-meta":{"desktop":{"background-color":"","background-image":"","background-repeat":"repeat","background-position":"center center","background-size":"auto","background-attachment":"scroll","background-type":"","background-media":"","overlay-type":"","overlay-color":"","overlay-opacity":"","overlay-gradient":""},"tablet":{"background-color":"","background-image":"","background-repeat":"repeat","background-position":"center center","background-size":"auto","background-attachment":"scroll","background-type":"","background-media":"","overlay-type":"","overlay-color":"","overlay-opacity":"","overlay-gradient":""},"mobile":{"background-color":"","background-image":"","background-repeat":"repeat","background-position":"center center","background-size":"auto","background-attachment":"scroll","background-type":"","background-media":"","overlay-type":"","overlay-color":"","overlay-opacity":"","overlay-gradient":""}},"ast-content-background-meta":{"desktop":{"background-color":"var(--ast-global-color-5)","background-image":"","background-repeat":"repeat","background-position":"center center","background-size":"auto","background-attachment":"scroll","background-type":"","background-media":"","overlay-type":"","overlay-color":"","overlay-opacity":"","overlay-gradient":""},"tablet":{"background-color":"var(--ast-global-color-5)","background-image":"","background-repeat":"repeat","background-position":"center center","background-size":"auto","background-attachment":"scroll","background-type":"","background-media":"","overlay-type":"","overlay-color":"","overlay-opacity":"","overlay-gradient":""},"mobile":{"background-color":"var(--ast-global-color-5)","background-image":"","background-repeat":"repeat","background-position":"center center","background-size":"auto","background-attachment":"scroll","background-type":"","background-media":"","overlay-type":"","overlay-color":"","overlay-opacity":"","overlay-gradient":""}},"footnotes":""},"class_list":["post-2612","page","type-page","status-publish","hentry"],"uagb_featured_image_src":{"full":false,"thumbnail":false,"medium":false,"medium_large":false,"large":false,"1536x1536":false,"2048x2048":false,"trp-custom-language-flag":false},"uagb_author_info":{"display_name":"Veera Lahtinen","author_link":"https:\/\/2025.umtt.fi\/sv\/author\/veera\/"},"uagb_comment_info":0,"uagb_excerpt":"Ty\u00f6kyvyn yll\u00e4pit\u00e4minen ja sairauksien saattavat vaatia diagnostisia tutkimuksia, kuten laboratorio- tai r\u00f6ntgentutkimuksia.Hinnoittelumme pidet\u00e4\u00e4n kohtuullisena ja ennakoitavana -mahdollisista kalliimmista tutkimuksista neuvottelemme aina erikseen ty\u00f6nantajan kanssa. Muistathan, ett\u00e4 tutkimuksiin tulee aina olla l\u00e4hete Uudenmaan Ty\u00f6terveydest\u00e4. Asiakkaidemme diagnostisista tutkimuksista vastaavat SYNLAB, ARVOTERVEYS (Lohja, Vihti, Porvoo), HUSLAB (Karkkila, M\u00e4nts\u00e4l\u00e4, Sipoo) ja HUS Kuvantaminen (Vihti, Lohja, Karkkila, M\u00e4nts\u00e4l\u00e4). Lis\u00e4ksi teemme&hellip;","_links":{"self":[{"href":"https:\/\/2025.umtt.fi\/sv\/wp-json\/wp\/v2\/pages\/2612","targetHints":{"allow":["GET"]}}],"collection":[{"href":"https:\/\/2025.umtt.fi\/sv\/wp-json\/wp\/v2\/pages"}],"about":[{"href":"https:\/\/2025.umtt.fi\/sv\/wp-json\/wp\/v2\/types\/page"}],"author":[{"embeddable":true,"href":"https:\/\/2025.umtt.fi\/sv\/wp-json\/wp\/v2\/users\/3"}],"replies":[{"embeddable":true,"href":"https:\/\/2025.umtt.fi\/sv\/wp-json\/wp\/v2\/comments?post=2612"}],"version-history":[{"count":20,"href":"https:\/\/2025.umtt.fi\/sv\/wp-json\/wp\/v2\/pages\/2612\/revisions"}],"predecessor-version":[{"id":2922,"href":"https:\/\/2025.umtt.fi\/sv\/wp-json\/wp\/v2\/pages\/2612\/revisions\/2922"}],"wp:attachment":[{"href":"https:\/\/2025.umtt.fi\/sv\/wp-json\/wp\/v2\/media?parent=2612"}],"curies":[{"name":"wp","href":"https:\/\/api.w.org\/{rel}","templated":true}]}}