{"id":2606,"date":"2026-01-12T12:57:00","date_gmt":"2026-01-12T12:57:00","guid":{"rendered":"https:\/\/2025.umtt.fi\/?page_id=2606"},"modified":"2026-01-15T12:58:35","modified_gmt":"2026-01-15T12:58:35","slug":"tyoterveyden-peruspalvelut","status":"publish","type":"page","link":"https:\/\/2025.umtt.fi\/sv\/tyoterveyden-peruspalvelut\/","title":{"rendered":"Ty\u00f6terveyden peruspalvelut"},"content":{"rendered":"<div data-elementor-type=\"wp-page\" data-elementor-id=\"2606\" class=\"elementor elementor-2606\">\n\t\t\t\t<div class=\"elementor-element elementor-element-5051c140 e-flex e-con-boxed e-con e-parent\" data-id=\"5051c140\" data-element_type=\"container\">\n\t\t\t\t\t<div class=\"e-con-inner\">\n\t\t\t\t<div class=\"elementor-element elementor-element-4c6d36e4 elementor-widget elementor-widget-text-editor\" data-id=\"4c6d36e4\" data-element_type=\"widget\" data-widget_type=\"text-editor.default\">\n\t\t\t\t<div class=\"elementor-widget-container\">\n\t\t\t\t\t\t\t\t\t\n<div class=\"wp-block-cover\"><img fetchpriority=\"high\" decoding=\"async\" width=\"1024\" height=\"576\" class=\"wp-block-cover__image-background wp-image-2517\" src=\"https:\/\/2025.umtt.fi\/wp-content\/uploads\/2025\/12\/final-wp-1024x576.jpg\" alt=\"final wp\" data-object-fit=\"cover\" title=\"Ty\u00f6terveyden peruspalvelut\" srcset=\"https:\/\/2025.umtt.fi\/wp-content\/uploads\/2025\/12\/final-wp-1024x576.jpg 1024w, https:\/\/2025.umtt.fi\/wp-content\/uploads\/2025\/12\/final-wp-300x169.jpg 300w, https:\/\/2025.umtt.fi\/wp-content\/uploads\/2025\/12\/final-wp-768x432.jpg 768w, https:\/\/2025.umtt.fi\/wp-content\/uploads\/2025\/12\/final-wp-1536x864.jpg 1536w, https:\/\/2025.umtt.fi\/wp-content\/uploads\/2025\/12\/final-wp-2048x1152.jpg 2048w\" sizes=\"(max-width: 1024px) 100vw, 1024px\" \/>\n<div class=\"wp-block-cover__inner-container is-layout-flow wp-block-cover-is-layout-flow\">\n<h1 class=\"has-text-align-center has-large-font-size\">Ty\u00f6terveyden peruspalvelut<\/h1>\n<\/div>\n<\/div>\n\t\t\t\t\t\t\t\t<\/div>\n\t\t\t\t<\/div>\n\t\t\t\t<div class=\"elementor-element elementor-element-06a2786 elementor-widget-divider--view-line elementor-widget elementor-widget-divider\" data-id=\"06a2786\" data-element_type=\"widget\" data-widget_type=\"divider.default\">\n\t\t\t\t<div class=\"elementor-widget-container\">\n\t\t\t\t\t\t\t<div class=\"elementor-divider\">\n\t\t\t<span class=\"elementor-divider-separator\">\n\t\t\t\t\t\t<\/span>\n\t\t<\/div>\n\t\t\t\t\t\t<\/div>\n\t\t\t\t<\/div>\n\t\t\t\t\t<\/div>\n\t\t\t\t<\/div>\n\t\t<div class=\"elementor-element elementor-element-24fa801 e-grid e-con-boxed e-con e-parent\" data-id=\"24fa801\" data-element_type=\"container\">\n\t\t\t\t\t<div class=\"e-con-inner\">\n\t\t\t\t<div class=\"elementor-element elementor-element-37d3a5f elementor-widget elementor-widget-text-editor\" data-id=\"37d3a5f\" data-element_type=\"widget\" data-widget_type=\"text-editor.default\">\n\t\t\t\t<div class=\"elementor-widget-container\">\n\t\t\t\t\t\t\t\t\t<h4 class=\"\">Ty\u00f6paikkaselvitys<\/h4>\n<p class=\"\">Ty\u00f6terveyshuollon perusta on ty\u00f6paikkaselvitys. Sopimuksen alkaessa ty\u00f6terveyshoitaja sopii ty\u00f6paikkaselvitysk\u00e4ynnin yritykseen. Ty\u00f6paikkaselvityksen pohjalta laaditaan ty\u00f6terveyden toimintasuunnitelma.<br \/><br \/>Ty\u00f6nantajan on t\u00e4rke\u00e4\u00e4 valmistautua k\u00e4yntiin etuk\u00e4teen mm. toteuttamalla ty\u00f6paikalla riskien ja vaarojen arviointi sek\u00e4 laatimalla tarvittaessa kemikaaliluettelo ty\u00f6ss\u00e4 k\u00e4ytett\u00e4vist\u00e4 kemikaaleista.<br \/><br \/>Asiakirjat on hyv\u00e4 l\u00e4hett\u00e4\u00e4 ty\u00f6terveyshuoltoon SUUNTA-Extranetin kautta etuk\u00e4teen. N\u00e4in ty\u00f6paikkaselvitys sujuu kustannustehokkaasti. Ty\u00f6terveyshuollon teht\u00e4v\u00e4 on arvioida k\u00e4ynnill\u00e4 ja ty\u00f6paikkaselvitysraportissa ty\u00f6h\u00f6n liittyvien riskien terveydellist\u00e4 merkityst\u00e4.<br \/><br \/>Ty\u00f6paikkaselvitysraportti tulee olla ty\u00f6ntekij\u00f6iden n\u00e4ht\u00e4vill\u00e4.<\/p>\t\t\t\t\t\t\t\t<\/div>\n\t\t\t\t<\/div>\n\t\t\t\t<div class=\"elementor-element elementor-element-9949ee6 elementor-widget elementor-widget-text-editor\" data-id=\"9949ee6\" data-element_type=\"widget\" data-widget_type=\"text-editor.default\">\n\t\t\t\t<div class=\"elementor-widget-container\">\n\t\t\t\t\t\t\t\t\t<h4 class=\"\">Toimintasuunnitelma<\/h4>\n<p class=\"\">Toimintasuunnitelma tehd\u00e4\u00e4n tavallisesti 3- 5-vuodeksi ty\u00f6paikkaselvityksen perusteella huomioiden ty\u00f6h\u00f6n liittyv\u00e4t riskit ja niiden terveydellinen merkitys. Ty\u00f6terveyshoitaja on yhteydess\u00e4 ty\u00f6nantajaan vuosittain, jolloin voidaan sopia toimintasuunnitelman p\u00e4ivitt\u00e4misest\u00e4.<br \/><br \/>Toimintasuunnitelmassa sovitaan, mit\u00e4 k\u00e4yt\u00e4nn\u00f6n toimia ty\u00f6terveyshuolto tekee suunnitelmakaudella. Toimintasuunnitelmaan kirjataan ty\u00f6terveysyh-teisty\u00f6n tavoitteet, toteutettavat terveystarkastukset, mahdolliset suunnatut ty\u00f6-paikkaselvitykset ja muut keskeiset asiat, kuten sairauspoissaolok\u00e4yt\u00e4nn\u00f6t. Lis\u00e4ksi sovitaan mahdollisista lis\u00e4palveluista esimerkiksi rokotuksista, ty\u00f6fysioterapeutin tai ty\u00f6terveyspsykologien palveluista. Kela- korvausten saaminen edellytt\u00e4\u00e4, ett\u00e4 toimintasuunnitelma on ajan tasalla.<\/p>\t\t\t\t\t\t\t\t<\/div>\n\t\t\t\t<\/div>\n\t\t\t\t<div class=\"elementor-element elementor-element-66141f4 elementor-widget elementor-widget-text-editor\" data-id=\"66141f4\" data-element_type=\"widget\" data-widget_type=\"text-editor.default\">\n\t\t\t\t<div class=\"elementor-widget-container\">\n\t\t\t\t\t\t\t\t\t<h4 class=\"\">Terveystarkastukset, ty\u00f6kykyarviot ja ty\u00f6terveysneuvottelut<\/h4>\n<p class=\"\">Terveystarkastukset ovat lakis\u00e4\u00e4teisi\u00e4, kun ty\u00f6ss\u00e4 on erityist\u00e4 sairastumisen vaaraa aiheuttavia tekij\u00f6it\u00e4. Tarkastuksesta tehd\u00e4\u00e4n sopivuuslausunto.<br \/><br \/>Ty\u00f6ntekij\u00e4n ty\u00f6- ja toimintakyvyn ja terveydentilan arvioimiseksi teht\u00e4v\u00e4t terveystarkastukset ovat my\u00f6s lakis\u00e4\u00e4teisi\u00e4. Ty\u00f6kyvyn arviointia tarvitaan esimerkiksi Kelan 90 sv-p\u00e4iv\u00e4n t\u00e4yttyess\u00e4, kuntou-tustukea tai ty\u00f6kyvytt\u00f6myysel\u00e4kett\u00e4 hakiessa.<br \/>Ty\u00f6terveysl\u00e4\u00e4k\u00e4ri ottaa lausunnossa kantaa sen hetkiseen ty\u00f6kykyyn ja ty\u00f6ss\u00e4 jatkamisen mahdol-lisuuksiin. T\u00e4m\u00e4n selvitt\u00e4miseksi ty\u00f6terveysneuvot-telun pit\u00e4minen voi olla tarpeen.Ty\u00f6nantaja tai ty\u00f6ntekij\u00e4 voivat my\u00f6s pyyt\u00e4\u00e4 ty\u00f6kyvyn arviointia, jos ty\u00f6kykyisyydest\u00e4 on her\u00e4nnyt huolta. S\u00e4hk\u00f6isen ty\u00f6kykyarviopyynn\u00f6n l\u00f6yd\u00e4t lomakkeistamme, pyynn\u00f6n voi l\u00e4hett\u00e4\u00e4 ty\u00f6terveyshuoltoon SUUNTA-palvelussa. Ty\u00f6kyvyn arvioinnista tehd\u00e4\u00e4n kirjallinen lausunto, ja usein j\u00e4rjestet\u00e4\u00e4n ty\u00f6terveysneuvottelu.<\/p>\t\t\t\t\t\t\t\t<\/div>\n\t\t\t\t<\/div>\n\t\t\t\t\t<\/div>\n\t\t\t\t<\/div>\n\t\t<div class=\"elementor-element elementor-element-4ef8660 e-grid e-con-boxed e-con e-parent\" data-id=\"4ef8660\" data-element_type=\"container\">\n\t\t\t\t\t<div class=\"e-con-inner\">\n\t\t\t\t<div class=\"elementor-element elementor-element-b8f5f33 elementor-widget elementor-widget-image\" data-id=\"b8f5f33\" data-element_type=\"widget\" data-widget_type=\"image.default\">\n\t\t\t\t<div class=\"elementor-widget-container\">\n\t\t\t\t\t\t\t\t\t\t\t\t\t\t\t<img decoding=\"async\" width=\"1024\" height=\"683\" src=\"https:\/\/2025.umtt.fi\/wp-content\/uploads\/2026\/01\/sopimusyhteyshenkilo-1024x683.jpeg\" class=\"attachment-large size-large wp-image-2786\" alt=\"doctor holding test results and consulting patient at desk medic\" srcset=\"https:\/\/2025.umtt.fi\/wp-content\/uploads\/2026\/01\/sopimusyhteyshenkilo-1024x683.jpeg 1024w, https:\/\/2025.umtt.fi\/wp-content\/uploads\/2026\/01\/sopimusyhteyshenkilo-300x200.jpeg 300w, https:\/\/2025.umtt.fi\/wp-content\/uploads\/2026\/01\/sopimusyhteyshenkilo-768x512.jpeg 768w, https:\/\/2025.umtt.fi\/wp-content\/uploads\/2026\/01\/sopimusyhteyshenkilo-1536x1024.jpeg 1536w, https:\/\/2025.umtt.fi\/wp-content\/uploads\/2026\/01\/sopimusyhteyshenkilo-2048x1365.jpeg 2048w\" sizes=\"(max-width: 1024px) 100vw, 1024px\" title=\"Ty\u00f6terveyden peruspalvelut\">\t\t\t\t\t\t\t\t\t\t\t\t\t\t\t<\/div>\n\t\t\t\t<\/div>\n\t\t\t\t<div class=\"elementor-element elementor-element-bb5fff5 elementor-widget elementor-widget-text-editor\" data-id=\"bb5fff5\" data-element_type=\"widget\" data-widget_type=\"text-editor.default\">\n\t\t\t\t<div class=\"elementor-widget-container\">\n\t\t\t\t\t\t\t\t\t<h4 class=\"\">Ty\u00f6terveysneuvottelu<\/h4>\n<p class=\"\">Ty\u00f6terveysneuvottelussa pohditaan ty\u00f6ntekij\u00e4n ty\u00f6kyvyn ja ty\u00f6teht\u00e4vien yhteensovittamista ja tarvittavia tukitoimia.<br \/><br \/>Ty\u00f6nantajan on t\u00e4rke\u00e4\u00e4 mietti\u00e4, onko ty\u00f6paikalla mahdollista muokata ty\u00f6ntekij\u00e4n teht\u00e4vi\u00e4 tai onko muita korvaavia teht\u00e4vi\u00e4, joita ty\u00f6ntekij\u00e4 voisi tehd\u00e4 . Keinoja ty\u00f6ss\u00e4 selviytymiseen ovat ty\u00f6teh-t\u00e4vien muutokset tai osa-aikaisuus, joskus lis\u00e4koulutus tai jopa el\u00e4kkeen hakeminen. Ty\u00f6terveysneuvottelu on osallistujille luottamuksellinen, kuten my\u00f6s siit\u00e4 laadittava muistio. Neuvotteluun valmistautumisohjeen ja muistiopohjan l\u00f6yd\u00e4t lomakkeistamme.<\/p>\t\t\t\t\t\t\t\t<\/div>\n\t\t\t\t<\/div>\n\t\t\t\t<div class=\"elementor-element elementor-element-5c0772c elementor-widget elementor-widget-image\" data-id=\"5c0772c\" data-element_type=\"widget\" data-widget_type=\"image.default\">\n\t\t\t\t<div class=\"elementor-widget-container\">\n\t\t\t\t\t\t\t\t\t\t\t\t\t\t\t<img decoding=\"async\" width=\"1024\" height=\"602\" src=\"https:\/\/2025.umtt.fi\/wp-content\/uploads\/2026\/01\/wp-umtt-scaled-e1768229640627-1024x602.jpeg\" class=\"attachment-large size-large wp-image-2678\" alt=\"Stetoskooppi ja reseptilomake p\u00f6yd\u00e4ll\u00e4 tietokoneen kanssa\" srcset=\"https:\/\/2025.umtt.fi\/wp-content\/uploads\/2026\/01\/wp-umtt-scaled-e1768229640627-1024x602.jpeg 1024w, https:\/\/2025.umtt.fi\/wp-content\/uploads\/2026\/01\/wp-umtt-scaled-e1768229640627-300x176.jpeg 300w, https:\/\/2025.umtt.fi\/wp-content\/uploads\/2026\/01\/wp-umtt-scaled-e1768229640627-768x452.jpeg 768w, https:\/\/2025.umtt.fi\/wp-content\/uploads\/2026\/01\/wp-umtt-scaled-e1768229640627-1536x904.jpeg 1536w, https:\/\/2025.umtt.fi\/wp-content\/uploads\/2026\/01\/wp-umtt-scaled-e1768229640627-2048x1205.jpeg 2048w\" sizes=\"(max-width: 1024px) 100vw, 1024px\" title=\"Ty\u00f6terveyden peruspalvelut\">\t\t\t\t\t\t\t\t\t\t\t\t\t\t\t<\/div>\n\t\t\t\t<\/div>\n\t\t\t\t<div class=\"elementor-element elementor-element-77be238 elementor-widget elementor-widget-text-editor\" data-id=\"77be238\" data-element_type=\"widget\" data-widget_type=\"text-editor.default\">\n\t\t\t\t<div class=\"elementor-widget-container\">\n\t\t\t\t\t\t\t\t\t<h4 class=\"\">Ty\u00f6terveysl\u00e4\u00e4k\u00e4ri<\/h4>\n<p class=\"\">Ty\u00f6terveysl\u00e4\u00e4k\u00e4ri tekee yhteisty\u00f6t\u00e4 moniammatillisen ty\u00f6terveystiimin kanssa toteuttaen terveystarkastuksia, ty\u00f6kykyarvioita ja ty\u00f6paikkaselvityksi\u00e4. Ty\u00f6terveysl\u00e4\u00e4k\u00e4ri on asiantuntija ty\u00f6paikan erityist\u00e4 sairastumisen vaaraa aiheuttavissa altisteissa ja hallitsee ty\u00f6kyvyn tukitoimet. L\u00e4\u00e4k\u00e4rin vastaanotolla toteutetaan ty\u00f6terveyspainotteista, yleisl\u00e4\u00e4k\u00e4ritasoista sairaanhoitoa ty\u00f6terveyshuoltosopimuksen kattavuuden mukaisesti. Ty\u00f6terveysl\u00e4\u00e4k\u00e4ri hy\u00f6dynt\u00e4\u00e4 muita ty\u00f6terveyshuollon ammattiosaajia ja tarvittaessa my\u00f6s erikoissairaanhoitoa<\/p>\t\t\t\t\t\t\t\t<\/div>\n\t\t\t\t<\/div>\n\t\t\t\t\t<\/div>\n\t\t\t\t<\/div>\n\t\t<div class=\"elementor-element elementor-element-5bcb52e e-grid e-con-boxed e-con e-parent\" data-id=\"5bcb52e\" data-element_type=\"container\">\n\t\t\t\t\t<div class=\"e-con-inner\">\n\t\t\t\t<div class=\"elementor-element elementor-element-78836d6 elementor-widget elementor-widget-text-editor\" data-id=\"78836d6\" data-element_type=\"widget\" data-widget_type=\"text-editor.default\">\n\t\t\t\t<div class=\"elementor-widget-container\">\n\t\t\t\t\t\t\t\t\t<h4 class=\"\">Ty\u00f6terveyshoitaja<\/h4>\n<p class=\"\">Ty\u00f6terveyshoitaja koordinoi asiakasyritysten ty\u00f6terveyshuollon palveluja vastaten kokonaisuuden suunnittelusta sek\u00e4 toteutumisen ja vaikuttavuuden seurannasta.<br \/><br \/>Ty\u00f6terveyshoitajan teht\u00e4viin kuuluu ty\u00f6paikkaselvitykset, terveystarkastukset tutkimuksineen, terveysneuvonta, rokotukset, ensiapuvalmiuden suunnittelu ja ty\u00f6terveyspainotteinen sairaanhoito.<br \/><br \/>Mielen hyvinvoinnin haasteissa ty\u00f6terveyshoitajamme tarjoavat Terapiat etulinjaan -toimintamallin mukaisia palveluita. Palveluun kuuluu maksutta k\u00e4ytett\u00e4viss\u00e4 oleva terapianavigaattori ja mielenterveystalon omahoito-ohjelmat sek\u00e4 ohjattu omahoito ty\u00f6terveyshoitajan toteuttamana.<br \/><br \/><a href=\"https:\/\/www.terapianavigaattori.fi\/%20\" target=\"_self\" rel=\"noopener\" data-cp-link=\"1\">https:\/\/www.terapianavigaattori.fi\/<\/a><br \/><a href=\"https:\/\/www.mielenterveystalo.fi\/fi\/omahoito\" target=\"_self\" rel=\"noopener\" data-cp-link=\"1\">https:\/\/www.mielenterveystalo.fi\/fi\/omahoito<\/a><br \/><br \/>Lis\u00e4tietoa saat ty\u00f6terveyshoitajaltasi.<\/p>\t\t\t\t\t\t\t\t<\/div>\n\t\t\t\t<\/div>\n\t\t\t\t<div class=\"elementor-element elementor-element-56c38aa elementor-widget elementor-widget-text-editor\" data-id=\"56c38aa\" data-element_type=\"widget\" data-widget_type=\"text-editor.default\">\n\t\t\t\t<div class=\"elementor-widget-container\">\n\t\t\t\t\t\t\t\t\t<h4 class=\"\">Ty\u00f6fysioterapeutti<\/h4>\n<p class=\"\">Ty\u00f6fysioterapeuttien teht\u00e4viin kuuluvat ty\u00f6n fyysi-sen kuormittavuuden arviointi ergonomiaohjaus ja itsehoidon ohjaus tuki-ja liikuntaelinten oireissa. Ty\u00f6fysioterapeuteillamme on valmiudet kuntotes-tauksiin esimerkiksi ty\u00f6kyvyn selvitt\u00e4miseksi ty\u00f6h\u00f6n tullessa tai ty\u00f6n kest\u00e4ess\u00e4.<\/p>\t\t\t\t\t\t\t\t<\/div>\n\t\t\t\t<\/div>\n\t\t\t\t<div class=\"elementor-element elementor-element-0a9dc19 elementor-widget elementor-widget-text-editor\" data-id=\"0a9dc19\" data-element_type=\"widget\" data-widget_type=\"text-editor.default\">\n\t\t\t\t<div class=\"elementor-widget-container\">\n\t\t\t\t\t\t\t\t\t<h4 class=\"\">Ty\u00f6terveyspsykologi<\/h4>\n<p class=\"\">TTy\u00f6terveyspsykologit kartoittavat ja arvioivat ty\u00f6n psykososiaalista kuormittavuutta ja ty\u00f6ntekij\u00f6iden ty\u00f6kyky\u00e4 psykososiaalisesta n\u00e4k\u00f6kulmasta. Psykologit voivat tarvittaessa osallistua ty\u00f6yhteis\u00f6jen ris-tiriitatilanteiden ratkomiseen tai olla yksil\u00f6iden tu-kena ty\u00f6el\u00e4m\u00e4n muutostilanteissa tai muissa kuormittavissa el\u00e4m\u00e4ntilanteissa.<br \/><br \/>Ty\u00f6terveyspsykologien palveluihin kuuluu erikseen sovittaessa ty\u00f6nohjaus ja lyhytterapia.<\/p>\t\t\t\t\t\t\t\t<\/div>\n\t\t\t\t<\/div>\n\t\t\t\t\t<\/div>\n\t\t\t\t<\/div>\n\t\t\t\t<\/div>","protected":false},"excerpt":{"rendered":"<p>Ty\u00f6paikkaselvitys Ty\u00f6terveyshuollon perusta on ty\u00f6paikkaselvitys. Sopimuksen alkaessa ty\u00f6terveyshoitaja sopii ty\u00f6paikkaselvitysk\u00e4ynnin yritykseen. Ty\u00f6paikkaselvityksen pohjalta laaditaan ty\u00f6terveyden toimintasuunnitelma. Ty\u00f6nantajan on t\u00e4rke\u00e4\u00e4 valmistautua k\u00e4yntiin etuk\u00e4teen mm. toteuttamalla ty\u00f6paikalla riskien ja vaarojen arviointi sek\u00e4 laatimalla tarvittaessa kemikaaliluettelo ty\u00f6ss\u00e4 k\u00e4ytett\u00e4vist\u00e4 kemikaaleista. Asiakirjat on hyv\u00e4 l\u00e4hett\u00e4\u00e4 ty\u00f6terveyshuoltoon SUUNTA-Extranetin kautta etuk\u00e4teen. N\u00e4in ty\u00f6paikkaselvitys sujuu kustannustehokkaasti. Ty\u00f6terveyshuollon teht\u00e4v\u00e4 on arvioida k\u00e4ynnill\u00e4 ja ty\u00f6paikkaselvitysraportissa [&hellip;]<\/p>\n","protected":false},"author":3,"featured_media":0,"parent":0,"menu_order":0,"comment_status":"closed","ping_status":"closed","template":"","meta":{"_uag_custom_page_level_css":"","site-sidebar-layout":"default","site-content-layout":"","ast-site-content-layout":"default","site-content-style":"default","site-sidebar-style":"default","ast-global-header-display":"","ast-banner-title-visibility":"","ast-main-header-display":"","ast-hfb-above-header-display":"","ast-hfb-below-header-display":"","ast-hfb-mobile-header-display":"","site-post-title":"","ast-breadcrumbs-content":"","ast-featured-img":"","footer-sml-layout":"","ast-disable-related-posts":"","theme-transparent-header-meta":"","adv-header-id-meta":"","stick-header-meta":"","header-above-stick-meta":"","header-main-stick-meta":"","header-below-stick-meta":"","astra-migrate-meta-layouts":"set","ast-page-background-enabled":"default","ast-page-background-meta":{"desktop":{"background-color":"","background-image":"","background-repeat":"repeat","background-position":"center center","background-size":"auto","background-attachment":"scroll","background-type":"","background-media":"","overlay-type":"","overlay-color":"","overlay-opacity":"","overlay-gradient":""},"tablet":{"background-color":"","background-image":"","background-repeat":"repeat","background-position":"center center","background-size":"auto","background-attachment":"scroll","background-type":"","background-media":"","overlay-type":"","overlay-color":"","overlay-opacity":"","overlay-gradient":""},"mobile":{"background-color":"","background-image":"","background-repeat":"repeat","background-position":"center center","background-size":"auto","background-attachment":"scroll","background-type":"","background-media":"","overlay-type":"","overlay-color":"","overlay-opacity":"","overlay-gradient":""}},"ast-content-background-meta":{"desktop":{"background-color":"var(--ast-global-color-5)","background-image":"","background-repeat":"repeat","background-position":"center center","background-size":"auto","background-attachment":"scroll","background-type":"","background-media":"","overlay-type":"","overlay-color":"","overlay-opacity":"","overlay-gradient":""},"tablet":{"background-color":"var(--ast-global-color-5)","background-image":"","background-repeat":"repeat","background-position":"center center","background-size":"auto","background-attachment":"scroll","background-type":"","background-media":"","overlay-type":"","overlay-color":"","overlay-opacity":"","overlay-gradient":""},"mobile":{"background-color":"var(--ast-global-color-5)","background-image":"","background-repeat":"repeat","background-position":"center center","background-size":"auto","background-attachment":"scroll","background-type":"","background-media":"","overlay-type":"","overlay-color":"","overlay-opacity":"","overlay-gradient":""}},"footnotes":""},"class_list":["post-2606","page","type-page","status-publish","hentry"],"uagb_featured_image_src":{"full":false,"thumbnail":false,"medium":false,"medium_large":false,"large":false,"1536x1536":false,"2048x2048":false,"trp-custom-language-flag":false},"uagb_author_info":{"display_name":"Veera Lahtinen","author_link":"https:\/\/2025.umtt.fi\/sv\/author\/veera\/"},"uagb_comment_info":0,"uagb_excerpt":"Ty\u00f6paikkaselvitys Ty\u00f6terveyshuollon perusta on ty\u00f6paikkaselvitys. Sopimuksen alkaessa ty\u00f6terveyshoitaja sopii ty\u00f6paikkaselvitysk\u00e4ynnin yritykseen. Ty\u00f6paikkaselvityksen pohjalta laaditaan ty\u00f6terveyden toimintasuunnitelma. Ty\u00f6nantajan on t\u00e4rke\u00e4\u00e4 valmistautua k\u00e4yntiin etuk\u00e4teen mm. toteuttamalla ty\u00f6paikalla riskien ja vaarojen arviointi sek\u00e4 laatimalla tarvittaessa kemikaaliluettelo ty\u00f6ss\u00e4 k\u00e4ytett\u00e4vist\u00e4 kemikaaleista. Asiakirjat on hyv\u00e4 l\u00e4hett\u00e4\u00e4 ty\u00f6terveyshuoltoon SUUNTA-Extranetin kautta etuk\u00e4teen. N\u00e4in ty\u00f6paikkaselvitys sujuu kustannustehokkaasti. Ty\u00f6terveyshuollon teht\u00e4v\u00e4 on arvioida k\u00e4ynnill\u00e4 ja ty\u00f6paikkaselvitysraportissa&hellip;","_links":{"self":[{"href":"https:\/\/2025.umtt.fi\/sv\/wp-json\/wp\/v2\/pages\/2606","targetHints":{"allow":["GET"]}}],"collection":[{"href":"https:\/\/2025.umtt.fi\/sv\/wp-json\/wp\/v2\/pages"}],"about":[{"href":"https:\/\/2025.umtt.fi\/sv\/wp-json\/wp\/v2\/types\/page"}],"author":[{"embeddable":true,"href":"https:\/\/2025.umtt.fi\/sv\/wp-json\/wp\/v2\/users\/3"}],"replies":[{"embeddable":true,"href":"https:\/\/2025.umtt.fi\/sv\/wp-json\/wp\/v2\/comments?post=2606"}],"version-history":[{"count":11,"href":"https:\/\/2025.umtt.fi\/sv\/wp-json\/wp\/v2\/pages\/2606\/revisions"}],"predecessor-version":[{"id":2843,"href":"https:\/\/2025.umtt.fi\/sv\/wp-json\/wp\/v2\/pages\/2606\/revisions\/2843"}],"wp:attachment":[{"href":"https:\/\/2025.umtt.fi\/sv\/wp-json\/wp\/v2\/media?parent=2606"}],"curies":[{"name":"wp","href":"https:\/\/api.w.org\/{rel}","templated":true}]}}