{"id":25,"date":"2025-12-17T14:46:47","date_gmt":"2025-12-17T14:46:47","guid":{"rendered":"https:\/\/2025.umtt.fi\/index.php\/contact\/"},"modified":"2026-03-02T14:37:12","modified_gmt":"2026-03-02T14:37:12","slug":"yhteystiedot","status":"publish","type":"page","link":"https:\/\/2025.umtt.fi\/sv\/yhteystiedot\/","title":{"rendered":"Yhteystiedot"},"content":{"rendered":"<div data-elementor-type=\"wp-post\" data-elementor-id=\"25\" class=\"elementor elementor-25\">\n\t\t\t\t<div class=\"elementor-element elementor-element-296b94c e-flex e-con-boxed elementor-invisible e-con e-parent\" data-id=\"296b94c\" data-element_type=\"container\" data-settings=\"{&quot;background_background&quot;:&quot;classic&quot;,&quot;animation&quot;:&quot;fadeIn&quot;}\">\n\t\t\t\t\t<div class=\"e-con-inner\">\n\t\t<div class=\"elementor-element elementor-element-6c80bf4 e-con-full e-flex e-con e-child\" data-id=\"6c80bf4\" data-element_type=\"container\">\n\t\t\t\t<div class=\"elementor-element elementor-element-8aa6359 elementor-widget elementor-widget-heading\" data-id=\"8aa6359\" data-element_type=\"widget\" data-widget_type=\"heading.default\">\n\t\t\t\t<div class=\"elementor-widget-container\">\n\t\t\t\t\t<h1 class=\"elementor-heading-title elementor-size-default\">Toimipaikat ja yhteystiedot<\/h1>\t\t\t\t<\/div>\n\t\t\t\t<\/div>\n\t\t\t\t<\/div>\n\t\t\t\t\t<\/div>\n\t\t\t\t<\/div>\n\t\t<div class=\"elementor-element elementor-element-2f83913 e-flex e-con-boxed e-con e-parent\" data-id=\"2f83913\" data-element_type=\"container\" data-settings=\"{&quot;background_background&quot;:&quot;gradient&quot;}\">\n\t\t\t\t\t<div class=\"e-con-inner\">\n\t\t<div class=\"elementor-element elementor-element-75e6114 e-con-full e-flex e-con e-child\" data-id=\"75e6114\" data-element_type=\"container\">\n\t\t\t\t<div class=\"elementor-element elementor-element-f9eab34 elementor-widget elementor-widget-heading\" data-id=\"f9eab34\" data-element_type=\"widget\" data-widget_type=\"heading.default\">\n\t\t\t\t<div class=\"elementor-widget-container\">\n\t\t\t\t\t<h3 class=\"elementor-heading-title elementor-size-default\">Toimipaikat<\/h3>\t\t\t\t<\/div>\n\t\t\t\t<\/div>\n\t\t<div class=\"elementor-element elementor-element-5d040fa e-con-full e-flex e-con e-child\" data-id=\"5d040fa\" data-element_type=\"container\">\n\t\t<div class=\"elementor-element elementor-element-7b893bb e-con-full e-flex e-con e-child\" data-id=\"7b893bb\" data-element_type=\"container\" data-settings=\"{&quot;background_background&quot;:&quot;classic&quot;}\">\n\t\t\t\t<div class=\"elementor-element elementor-element-2938a2e elementor-widget elementor-widget-text-editor\" data-id=\"2938a2e\" data-element_type=\"widget\" data-widget_type=\"text-editor.default\">\n\t\t\t\t<div class=\"elementor-widget-container\">\n\t\t\t\t\t\t\t\t\t<p>Nurmij\u00e4rvi:\u00a0<a href=\"https:\/\/2025.umtt.fi\/sv\/nurmijarvi\/\" target=\"_self\" rel=\"noopener\" data-cp-link=\"1\">Keskustie 5, 01900 Nurmij\u00e4rvi<\/a><br \/>Tuusula:\u00a0<a href=\"https:\/\/2025.umtt.fi\/sv\/tuusula\/\" target=\"_self\" rel=\"noopener\" data-cp-link=\"1\">Kotorannankuja 10, 04310 Tuusula<\/a><br \/>Klaukkala:\u00a0<a href=\"https:\/\/2025.umtt.fi\/sv\/klaukkala\/\" target=\"_self\" rel=\"noopener\" data-cp-link=\"1\">Vaskom\u00e4entie 2, 01800 Klaukkala<\/a><br \/>J\u00e4rvenp\u00e4\u00e4:\u00a0<a href=\"https:\/\/2025.umtt.fi\/sv\/jarvenpaa\/\" target=\"_self\" rel=\"noopener\" data-cp-link=\"1\">Sibeliuksenkatu 14, 04400 J\u00e4rvenp\u00e4\u00e4<\/a><br \/>M\u00e4nts\u00e4l\u00e4:\u00a0<a href=\"https:\/\/2025.umtt.fi\/sv\/mantsala\/\" target=\"_self\" rel=\"noopener\" data-cp-link=\"1\">Mustam\u00e4entie 42, 04600 M\u00e4nts\u00e4l\u00e4<\/a><br \/>Hyvink\u00e4\u00e4:\u00a0<a href=\"https:\/\/2025.umtt.fi\/sv\/hyvinkaa\/\" target=\"_self\" rel=\"noopener\" data-cp-link=\"1\">S\u00e4hk\u00f6katu 28, 05800 Hyvink\u00e4\u00e4<\/a><br \/>Karkkila:\u00a0<a href=\"https:\/\/2025.umtt.fi\/sv\/karkkila\/\" target=\"_self\" rel=\"noopener\" data-cp-link=\"1\">Valtatie 26 E, 03600 Karkkila<\/a><br \/>Lohja:\u00a0<a href=\"https:\/\/2025.umtt.fi\/sv\/lohja\/\" target=\"_self\" rel=\"noopener\" data-cp-link=\"1\">Liessaarenkatu 3 E, 08100 Lohja<\/a><br \/>Vihti:\u00a0<a href=\"https:\/\/2025.umtt.fi\/sv\/nummela\/\" target=\"_self\" rel=\"noopener\" data-cp-link=\"1\">Ridalintie 3, 03100 Nummela<\/a><br \/>Helsinki:\u00a0<a href=\"https:\/\/2025.umtt.fi\/sv\/helsinki\/\" target=\"_self\" rel=\"noopener\" data-cp-link=\"1\">Tenholantie 10 B, 00280 Helsinki<\/a><br \/>Porvoo:\u00a0<a href=\"https:\/\/2025.umtt.fi\/sv\/porvoo\/\" target=\"_self\" rel=\"noopener\" data-cp-link=\"1\">Tekniikankaari 1 A, 06100 Porvoo<\/a><br \/>Sipoo:\u00a0<a href=\"https:\/\/2025.umtt.fi\/sv\/sipoo\/\" target=\"_self\" rel=\"noopener\" data-cp-link=\"1\">S\u00f6derkullan tori 3, 01150 S\u00f6derkulla<\/a><\/p>\t\t\t\t\t\t\t\t<\/div>\n\t\t\t\t<\/div>\n\t\t\t\t<\/div>\n\t\t<div class=\"elementor-element elementor-element-43aa6d8 e-con-full e-flex e-con e-child\" data-id=\"43aa6d8\" data-element_type=\"container\">\n\t\t\t\t<div class=\"elementor-element elementor-element-e4b55ab elementor-widget elementor-widget-google_maps\" data-id=\"e4b55ab\" data-element_type=\"widget\" data-widget_type=\"google_maps.default\">\n\t\t\t\t<div class=\"elementor-widget-container\">\n\t\t\t\t\t\t\t<div class=\"elementor-custom-embed\">\n\t\t\t<iframe loading=\"lazy\"\n\t\t\t\t\tsrc=\"https:\/\/maps.google.com\/maps?q=Keskustie%205%2C%2001900%20Nurmij%C3%A4rvi&#038;t=m&#038;z=14&#038;output=embed&#038;iwloc=near\"\n\t\t\t\t\ttitle=\"Keskustie 5, 01900 Nurmij\u00e4rvi\"\n\t\t\t\t\taria-label=\"Keskustie 5, 01900 Nurmij\u00e4rvi\"\n\t\t\t><\/iframe>\n\t\t<\/div>\n\t\t\t\t\t\t<\/div>\n\t\t\t\t<\/div>\n\t\t\t\t<\/div>\n\t\t\t\t<\/div>\n\t\t\t\t<\/div>\n\t\t<div class=\"elementor-element elementor-element-cf9fd0d e-con-full e-flex e-con e-child\" data-id=\"cf9fd0d\" data-element_type=\"container\">\n\t\t\t\t<div class=\"elementor-element elementor-element-7fbf26a elementor-widget elementor-widget-heading\" data-id=\"7fbf26a\" data-element_type=\"widget\" data-widget_type=\"heading.default\">\n\t\t\t\t<div class=\"elementor-widget-container\">\n\t\t\t\t\t<h3 class=\"elementor-heading-title elementor-size-default\">Ota yhteytt\u00e4<\/h3>\t\t\t\t<\/div>\n\t\t\t\t<\/div>\n\t\t\t\t<div class=\"elementor-element elementor-element-8bb99a7 elementor-widget elementor-widget-heading\" data-id=\"8bb99a7\" data-element_type=\"widget\" data-widget_type=\"heading.default\">\n\t\t\t\t<div class=\"elementor-widget-container\">\n\t\t\t\t\t<h6 class=\"elementor-heading-title elementor-size-default\">Ajanvaraus ja asiakaspalvelu<\/h6>\t\t\t\t<\/div>\n\t\t\t\t<\/div>\n\t\t\t\t<div class=\"elementor-element elementor-element-6a03473 elementor-align-left elementor-icon-list--layout-traditional elementor-list-item-link-full_width elementor-widget elementor-widget-icon-list\" data-id=\"6a03473\" data-element_type=\"widget\" data-widget_type=\"icon-list.default\">\n\t\t\t\t<div class=\"elementor-widget-container\">\n\t\t\t\t\t\t\t<ul class=\"elementor-icon-list-items\">\n\t\t\t\t\t\t\t<li class=\"elementor-icon-list-item\">\n\t\t\t\t\t\t\t\t\t\t\t<span class=\"elementor-icon-list-icon\">\n\t\t\t\t\t\t\t<i aria-hidden=\"true\" class=\"fas fa-phone-volume\"><\/i>\t\t\t\t\t\t<\/span>\n\t\t\t\t\t\t\t\t\t\t<span class=\"elementor-icon-list-text\"> 09 4131 0100<\/span>\n\t\t\t\t\t\t\t\t\t<\/li>\n\t\t\t\t\t\t<\/ul>\n\t\t\t\t\t\t<\/div>\n\t\t\t\t<\/div>\n\t\t\t\t<div class=\"elementor-element elementor-element-63ea516 elementor-widget elementor-widget-text-editor\" data-id=\"63ea516\" data-element_type=\"widget\" data-widget_type=\"text-editor.default\">\n\t\t\t\t<div class=\"elementor-widget-container\">\n\t\t\t\t\t\t\t\t\t<p>Avoinna:<br \/>Ma-to 8.00-15.00<br \/>Pe ja aattop\u00e4iv\u00e4t: 8.00-14-00<\/p>\t\t\t\t\t\t\t\t<\/div>\n\t\t\t\t<\/div>\n\t\t\t\t<div class=\"elementor-element elementor-element-8b0870f elementor-widget elementor-widget-heading\" data-id=\"8b0870f\" data-element_type=\"widget\" data-widget_type=\"heading.default\">\n\t\t\t\t<div class=\"elementor-widget-container\">\n\t\t\t\t\t<h6 class=\"elementor-heading-title elementor-size-default\">Toimipaikat avoinna:<\/h6>\t\t\t\t<\/div>\n\t\t\t\t<\/div>\n\t\t\t\t<div class=\"elementor-element elementor-element-1d0af31 elementor-widget elementor-widget-text-editor\" data-id=\"1d0af31\" data-element_type=\"widget\" data-widget_type=\"text-editor.default\">\n\t\t\t\t<div class=\"elementor-widget-container\">\n\t\t\t\t\t\t\t\t\t<p>Ma-To: 8.00-16.00<br \/>Pe ja aattop\u00e4iv\u00e4t: 8.00-14.00<\/p>\t\t\t\t\t\t\t\t<\/div>\n\t\t\t\t<\/div>\n\t\t\t\t<\/div>\n\t\t\t\t\t<\/div>\n\t\t\t\t<\/div>\n\t\t\t\t<\/div>","protected":false},"excerpt":{"rendered":"<p>Toimipaikat ja yhteystiedot Toimipaikat Nurmij\u00e4rvi:\u00a0Keskustie 5, 01900 Nurmij\u00e4rviTuusula:\u00a0Kotorannankuja 10, 04310 TuusulaKlaukkala:\u00a0Vaskom\u00e4entie 2, 01800 KlaukkalaJ\u00e4rvenp\u00e4\u00e4:\u00a0Sibeliuksenkatu 14, 04400 J\u00e4rvenp\u00e4\u00e4M\u00e4nts\u00e4l\u00e4:\u00a0Mustam\u00e4entie 42, 04600 M\u00e4nts\u00e4l\u00e4Hyvink\u00e4\u00e4:\u00a0S\u00e4hk\u00f6katu 28, 05800 Hyvink\u00e4\u00e4Karkkila:\u00a0Valtatie 26 E, 03600 KarkkilaLohja:\u00a0Liessaarenkatu 3 E, 08100 LohjaVihti:\u00a0Ridalintie 3, 03100 NummelaHelsinki:\u00a0Tenholantie 10 B, 00280 HelsinkiPorvoo:\u00a0Tekniikankaari 1 A, 06100 PorvooSipoo:\u00a0S\u00f6derkullan tori 3, 01150 S\u00f6derkulla Ota yhteytt\u00e4 Ajanvaraus ja asiakaspalvelu 09 4131 0100 Avoinna:Ma-to [&hellip;]<\/p>\n","protected":false},"author":3,"featured_media":0,"parent":0,"menu_order":0,"comment_status":"closed","ping_status":"closed","template":"","meta":{"_uag_custom_page_level_css":"","site-sidebar-layout":"no-sidebar","site-content-layout":"page-builder","ast-site-content-layout":"full-width-container","site-content-style":"unboxed","site-sidebar-style":"unboxed","ast-global-header-display":"","ast-banner-title-visibility":"","ast-main-header-display":"","ast-hfb-above-header-display":"","ast-hfb-below-header-display":"","ast-hfb-mobile-header-display":"","site-post-title":"","ast-breadcrumbs-content":"","ast-featured-img":"disabled","footer-sml-layout":"","ast-disable-related-posts":"","theme-transparent-header-meta":"enabled","adv-header-id-meta":"","stick-header-meta":"","header-above-stick-meta":"","header-main-stick-meta":"","header-below-stick-meta":"","astra-migrate-meta-layouts":"set","ast-page-background-enabled":"default","ast-page-background-meta":{"desktop":{"background-color":"","background-image":"","background-repeat":"repeat","background-position":"center center","background-size":"auto","background-attachment":"scroll","background-type":"","background-media":"","overlay-type":"","overlay-color":"","overlay-opacity":"","overlay-gradient":""},"tablet":{"background-color":"","background-image":"","background-repeat":"repeat","background-position":"center center","background-size":"auto","background-attachment":"scroll","background-type":"","background-media":"","overlay-type":"","overlay-color":"","overlay-opacity":"","overlay-gradient":""},"mobile":{"background-color":"","background-image":"","background-repeat":"repeat","background-position":"center center","background-size":"auto","background-attachment":"scroll","background-type":"","background-media":"","overlay-type":"","overlay-color":"","overlay-opacity":"","overlay-gradient":""}},"ast-content-background-meta":{"desktop":{"background-color":"var(--ast-global-color-5)","background-image":"","background-repeat":"repeat","background-position":"center center","background-size":"auto","background-attachment":"scroll","background-type":"","background-media":"","overlay-type":"","overlay-color":"","overlay-opacity":"","overlay-gradient":""},"tablet":{"background-color":"var(--ast-global-color-5)","background-image":"","background-repeat":"repeat","background-position":"center center","background-size":"auto","background-attachment":"scroll","background-type":"","background-media":"","overlay-type":"","overlay-color":"","overlay-opacity":"","overlay-gradient":""},"mobile":{"background-color":"var(--ast-global-color-5)","background-image":"","background-repeat":"repeat","background-position":"center center","background-size":"auto","background-attachment":"scroll","background-type":"","background-media":"","overlay-type":"","overlay-color":"","overlay-opacity":"","overlay-gradient":""}},"footnotes":""},"class_list":["post-25","page","type-page","status-publish","hentry"],"uagb_featured_image_src":{"full":false,"thumbnail":false,"medium":false,"medium_large":false,"large":false,"1536x1536":false,"2048x2048":false,"trp-custom-language-flag":false},"uagb_author_info":{"display_name":"Veera Lahtinen","author_link":"https:\/\/2025.umtt.fi\/sv\/author\/veera\/"},"uagb_comment_info":0,"uagb_excerpt":"Toimipaikat ja yhteystiedot Toimipaikat Nurmij\u00e4rvi:\u00a0Keskustie 5, 01900 Nurmij\u00e4rviTuusula:\u00a0Kotorannankuja 10, 04310 TuusulaKlaukkala:\u00a0Vaskom\u00e4entie 2, 01800 KlaukkalaJ\u00e4rvenp\u00e4\u00e4:\u00a0Sibeliuksenkatu 14, 04400 J\u00e4rvenp\u00e4\u00e4M\u00e4nts\u00e4l\u00e4:\u00a0Mustam\u00e4entie 42, 04600 M\u00e4nts\u00e4l\u00e4Hyvink\u00e4\u00e4:\u00a0S\u00e4hk\u00f6katu 28, 05800 Hyvink\u00e4\u00e4Karkkila:\u00a0Valtatie 26 E, 03600 KarkkilaLohja:\u00a0Liessaarenkatu 3 E, 08100 LohjaVihti:\u00a0Ridalintie 3, 03100 NummelaHelsinki:\u00a0Tenholantie 10 B, 00280 HelsinkiPorvoo:\u00a0Tekniikankaari 1 A, 06100 PorvooSipoo:\u00a0S\u00f6derkullan tori 3, 01150 S\u00f6derkulla Ota yhteytt\u00e4 Ajanvaraus ja asiakaspalvelu 09 4131 0100 Avoinna:Ma-to&hellip;","_links":{"self":[{"href":"https:\/\/2025.umtt.fi\/sv\/wp-json\/wp\/v2\/pages\/25","targetHints":{"allow":["GET"]}}],"collection":[{"href":"https:\/\/2025.umtt.fi\/sv\/wp-json\/wp\/v2\/pages"}],"about":[{"href":"https:\/\/2025.umtt.fi\/sv\/wp-json\/wp\/v2\/types\/page"}],"author":[{"embeddable":true,"href":"https:\/\/2025.umtt.fi\/sv\/wp-json\/wp\/v2\/users\/3"}],"replies":[{"embeddable":true,"href":"https:\/\/2025.umtt.fi\/sv\/wp-json\/wp\/v2\/comments?post=25"}],"version-history":[{"count":90,"href":"https:\/\/2025.umtt.fi\/sv\/wp-json\/wp\/v2\/pages\/25\/revisions"}],"predecessor-version":[{"id":3297,"href":"https:\/\/2025.umtt.fi\/sv\/wp-json\/wp\/v2\/pages\/25\/revisions\/3297"}],"wp:attachment":[{"href":"https:\/\/2025.umtt.fi\/sv\/wp-json\/wp\/v2\/media?parent=25"}],"curies":[{"name":"wp","href":"https:\/\/api.w.org\/{rel}","templated":true}]}}