{"id":1463,"date":"2025-12-17T14:46:46","date_gmt":"2025-12-17T14:46:46","guid":{"rendered":"https:\/\/2025.umtt.fi\/index.php\/home\/"},"modified":"2026-04-14T07:39:17","modified_gmt":"2026-04-14T07:39:17","slug":"etusivu","status":"publish","type":"page","link":"https:\/\/2025.umtt.fi\/sv\/","title":{"rendered":"Etusivu"},"content":{"rendered":"<div data-elementor-type=\"wp-post\" data-elementor-id=\"1463\" class=\"elementor elementor-1463\">\n\t\t\t\t<div class=\"elementor-element elementor-element-8bcd764 e-flex e-con-boxed elementor-invisible e-con e-parent\" data-id=\"8bcd764\" data-element_type=\"container\" data-settings=\"{&quot;background_background&quot;:&quot;classic&quot;,&quot;animation&quot;:&quot;fadeIn&quot;}\">\n\t\t\t\t\t<div class=\"e-con-inner\">\n\t\t<div class=\"elementor-element elementor-element-3211a19 e-con-full e-flex e-con e-child\" data-id=\"3211a19\" data-element_type=\"container\">\n\t\t\t\t<div class=\"elementor-element elementor-element-5e9b6ee elementor-invisible elementor-widget elementor-widget-heading\" data-id=\"5e9b6ee\" data-element_type=\"widget\" data-settings=\"{&quot;_animation&quot;:&quot;fadeInUp&quot;}\" data-widget_type=\"heading.default\">\n\t\t\t\t<div class=\"elementor-widget-container\">\n\t\t\t\t\t<h1 class=\"elementor-heading-title elementor-size-default\">F\u00f6retagsh\u00e4lsov\u00e5rd f\u00f6r f\u00f6retag, entrepren\u00f6rer och jordbruksf\u00f6retagare<\/h1>\t\t\t\t<\/div>\n\t\t\t\t<\/div>\n\t\t\t\t<\/div>\n\t\t<div class=\"elementor-element elementor-element-70fdbc1 e-con-full e-flex e-con e-child\" data-id=\"70fdbc1\" data-element_type=\"container\">\n\t\t<div class=\"elementor-element elementor-element-4c3e475 e-con-full e-flex e-con e-child\" data-id=\"4c3e475\" data-element_type=\"container\">\n\t\t\t\t<div class=\"elementor-element elementor-element-43ede44 elementor-widget elementor-widget-video\" data-id=\"43ede44\" data-element_type=\"widget\" data-settings=\"{&quot;video_type&quot;:&quot;hosted&quot;,&quot;autoplay&quot;:&quot;yes&quot;,&quot;controls&quot;:&quot;yes&quot;}\" data-widget_type=\"video.default\">\n\t\t\t\t<div class=\"elementor-widget-container\">\n\t\t\t\t\t\t\t<div class=\"e-hosted-video elementor-wrapper elementor-open-inline\">\n\t\t\t\t\t<video class=\"elementor-video\" src=\"https:\/\/2025.umtt.fi\/wp-content\/uploads\/2026\/04\/LUTT-Video-2.mov\" autoplay=\"\" controls=\"\" controlslist=\"nodownload\"><\/video>\n\t\t\t\t<\/div>\n\t\t\t\t\t\t<\/div>\n\t\t\t\t<\/div>\n\t\t\t\t<\/div>\n\t\t\t\t<div class=\"elementor-element elementor-element-d95731a elementor-mobile-align-center elementor-widget elementor-widget-button\" data-id=\"d95731a\" data-element_type=\"widget\" data-widget_type=\"button.default\">\n\t\t\t\t<div class=\"elementor-widget-container\">\n\t\t\t\t\t\t\t\t\t<div class=\"elementor-button-wrapper\">\n\t\t\t\t\t<a class=\"elementor-button elementor-button-link elementor-size-sm\" href=\"https:\/\/2025.umtt.fi\/sv\/hello-world\/\">\n\t\t\t\t\t\t<span class=\"elementor-button-content-wrapper\">\n\t\t\t\t\t\t\t\t\t<span class=\"elementor-button-text\">Lis\u00e4tietoa<\/span>\n\t\t\t\t\t<\/span>\n\t\t\t\t\t<\/a>\n\t\t\t\t<\/div>\n\t\t\t\t\t\t\t\t<\/div>\n\t\t\t\t<\/div>\n\t\t\t\t<div class=\"elementor-element elementor-element-3286dca elementor-widget elementor-widget-text-editor\" data-id=\"3286dca\" data-element_type=\"widget\" data-widget_type=\"text-editor.default\">\n\t\t\t\t<div class=\"elementor-widget-container\">\n\t\t\t\t\t\t\t\t\t<p><b>20.5.2026<\/b><\/p><p><span style=\"font-style: inherit;\">Uudenmaan Ty\u00f6terveyden verkkosivut on uusittu. Uudistetut sivut tarjovat aiempaa selke\u00e4m\u00e4\u00e4n ja k\u00e4ytt\u00e4j\u00e4yst\u00e4vllisemm\u00e4n kokonaisuuden sek\u00e4 ajantasaisen tiedon palveluistamme. Tutustu suuiin verkkosivuihimme!<\/span><\/p>\t\t\t\t\t\t\t\t<\/div>\n\t\t\t\t<\/div>\n\t\t\t\t<div class=\"elementor-element elementor-element-9be3f50 elementor-widget elementor-widget-text-editor\" data-id=\"9be3f50\" data-element_type=\"widget\" data-widget_type=\"text-editor.default\">\n\t\t\t\t<div class=\"elementor-widget-container\">\n\t\t\t\t\t\t\t\t\t<p><strong>29.1.2025<\/strong><\/p><p>Tutustu sopimustasoihin ja yleisimpiin hintoihin.<\/p>\t\t\t\t\t\t\t\t<\/div>\n\t\t\t\t<\/div>\n\t\t\t\t<div class=\"elementor-element elementor-element-a713d1d elementor-mobile-align-center elementor-widget elementor-widget-button\" data-id=\"a713d1d\" data-element_type=\"widget\" data-widget_type=\"button.default\">\n\t\t\t\t<div class=\"elementor-widget-container\">\n\t\t\t\t\t\t\t\t\t<div class=\"elementor-button-wrapper\">\n\t\t\t\t\t<a class=\"elementor-button elementor-button-link elementor-size-sm\" href=\"https:\/\/2025.umtt.fi\/sv\/sopimustasot-ja-hinnasto\/\">\n\t\t\t\t\t\t<span class=\"elementor-button-content-wrapper\">\n\t\t\t\t\t\t\t\t\t<span class=\"elementor-button-text\">lis\u00e4tietoa<\/span>\n\t\t\t\t\t<\/span>\n\t\t\t\t\t<\/a>\n\t\t\t\t<\/div>\n\t\t\t\t\t\t\t\t<\/div>\n\t\t\t\t<\/div>\n\t\t<div class=\"elementor-element elementor-element-6ecae41 e-con-full e-flex e-con e-child\" data-id=\"6ecae41\" data-element_type=\"container\">\n\t\t\t\t<div class=\"elementor-element elementor-element-a3baadb elementor-widget elementor-widget-text-editor\" data-id=\"a3baadb\" data-element_type=\"widget\" data-widget_type=\"text-editor.default\">\n\t\t\t\t<div class=\"elementor-widget-container\">\n\t\t\t\t\t\t\t\t\t<p><strong>1.1.2024<\/strong><\/p><p>1.1.2024 alkaen sosiaali- ja potilasasiavastaavina toimivat asiointipaikan hyvinvointialueen tai kaupungin (Helsinki) sosiaali- ja potilasasiavastaavat.<\/p>\t\t\t\t\t\t\t\t<\/div>\n\t\t\t\t<\/div>\n\t\t\t\t<\/div>\n\t\t\t\t<\/div>\n\t\t\t\t\t<\/div>\n\t\t\t\t<\/div>\n\t\t<div class=\"elementor-element elementor-element-3445653 e-flex e-con-boxed e-con e-parent\" data-id=\"3445653\" data-element_type=\"container\" data-settings=\"{&quot;background_background&quot;:&quot;classic&quot;}\">\n\t\t\t\t\t<div class=\"e-con-inner\">\n\t\t<div class=\"elementor-element elementor-element-a2a0548 e-con-full e-flex e-con e-child\" data-id=\"a2a0548\" data-element_type=\"container\">\n\t\t<div class=\"elementor-element elementor-element-007948f e-con-full e-flex e-con e-child\" data-id=\"007948f\" data-element_type=\"container\">\n\t\t\t\t<div class=\"elementor-element elementor-element-092b5b1 elementor-widget elementor-widget-heading\" data-id=\"092b5b1\" data-element_type=\"widget\" data-widget_type=\"heading.default\">\n\t\t\t\t<div class=\"elementor-widget-container\">\n\t\t\t\t\t<h2 class=\"elementor-heading-title elementor-size-default\">Pikavalinnat<\/h2>\t\t\t\t<\/div>\n\t\t\t\t<\/div>\n\t\t\t\t<\/div>\n\t\t<div class=\"elementor-element elementor-element-946bf5a e-con-full e-flex e-con e-child\" data-id=\"946bf5a\" data-element_type=\"container\">\n\t\t\t\t<div class=\"elementor-element elementor-element-3b82c34 elementor-align-justify elementor-widget__width-initial elementor-widget elementor-widget-button\" data-id=\"3b82c34\" data-element_type=\"widget\" data-widget_type=\"button.default\">\n\t\t\t\t<div class=\"elementor-widget-container\">\n\t\t\t\t\t\t\t\t\t<div class=\"elementor-button-wrapper\">\n\t\t\t\t\t<a class=\"elementor-button elementor-button-link elementor-size-sm\" href=\"https:\/\/umtt.movendosplatform.com\/login\">\n\t\t\t\t\t\t<span class=\"elementor-button-content-wrapper\">\n\t\t\t\t\t\t\t\t\t<span class=\"elementor-button-text\">polku (ty\u00f6ntekij\u00e4lle)<\/span>\n\t\t\t\t\t<\/span>\n\t\t\t\t\t<\/a>\n\t\t\t\t<\/div>\n\t\t\t\t\t\t\t\t<\/div>\n\t\t\t\t<\/div>\n\t\t\t\t<div class=\"elementor-element elementor-element-1ac9074 elementor-align-justify elementor-widget__width-initial elementor-widget elementor-widget-button\" data-id=\"1ac9074\" data-element_type=\"widget\" data-widget_type=\"button.default\">\n\t\t\t\t<div class=\"elementor-widget-container\">\n\t\t\t\t\t\t\t\t\t<div class=\"elementor-button-wrapper\">\n\t\t\t\t\t<a class=\"elementor-button elementor-button-link elementor-size-sm\" href=\"https:\/\/umtt.extranet.movendos.com\/login\">\n\t\t\t\t\t\t<span class=\"elementor-button-content-wrapper\">\n\t\t\t\t\t\t\t\t\t<span class=\"elementor-button-text\">suunta (ty\u00f6nantajalle)<\/span>\n\t\t\t\t\t<\/span>\n\t\t\t\t\t<\/a>\n\t\t\t\t<\/div>\n\t\t\t\t\t\t\t\t<\/div>\n\t\t\t\t<\/div>\n\t\t\t\t<div class=\"elementor-element elementor-element-fec274e elementor-align-justify elementor-widget__width-initial elementor-widget elementor-widget-button\" data-id=\"fec274e\" data-element_type=\"widget\" data-widget_type=\"button.default\">\n\t\t\t\t<div class=\"elementor-widget-container\">\n\t\t\t\t\t\t\t\t\t<div class=\"elementor-button-wrapper\">\n\t\t\t\t\t<a class=\"elementor-button elementor-button-link elementor-size-sm\" href=\"https:\/\/2025.umtt.fi\/sv\/ajanvaraus-ja-asiakaspalvelu\/\">\n\t\t\t\t\t\t<span class=\"elementor-button-content-wrapper\">\n\t\t\t\t\t\t\t\t\t<span class=\"elementor-button-text\">asiakaspalvelu ja ajanvaraus<\/span>\n\t\t\t\t\t<\/span>\n\t\t\t\t\t<\/a>\n\t\t\t\t<\/div>\n\t\t\t\t\t\t\t\t<\/div>\n\t\t\t\t<\/div>\n\t\t\t\t<div class=\"elementor-element elementor-element-4e51806 elementor-align-justify elementor-widget__width-initial elementor-widget elementor-widget-button\" data-id=\"4e51806\" data-element_type=\"widget\" data-widget_type=\"button.default\">\n\t\t\t\t<div class=\"elementor-widget-container\">\n\t\t\t\t\t\t\t\t\t<div class=\"elementor-button-wrapper\">\n\t\t\t\t\t<a class=\"elementor-button elementor-button-link elementor-size-sm\" href=\"https:\/\/2025.umtt.fi\/sv\/ajanvaraus-ja-asiakaspalvelu\/\">\n\t\t\t\t\t\t<span class=\"elementor-button-content-wrapper\">\n\t\t\t\t\t\t\t\t\t<span class=\"elementor-button-text\">varatun ajan peruminen<\/span>\n\t\t\t\t\t<\/span>\n\t\t\t\t\t<\/a>\n\t\t\t\t<\/div>\n\t\t\t\t\t\t\t\t<\/div>\n\t\t\t\t<\/div>\n\t\t\t\t<div class=\"elementor-element elementor-element-ba29ee3 elementor-align-justify elementor-widget__width-initial elementor-widget elementor-widget-button\" data-id=\"ba29ee3\" data-element_type=\"widget\" data-widget_type=\"button.default\">\n\t\t\t\t<div class=\"elementor-widget-container\">\n\t\t\t\t\t\t\t\t\t<div class=\"elementor-button-wrapper\">\n\t\t\t\t\t<a class=\"elementor-button elementor-button-link elementor-size-sm\" href=\"https:\/\/2025.umtt.fi\/sv\/tarjouspyynnot\/\">\n\t\t\t\t\t\t<span class=\"elementor-button-content-wrapper\">\n\t\t\t\t\t\t\t\t\t<span class=\"elementor-button-text\">tee sopimus<\/span>\n\t\t\t\t\t<\/span>\n\t\t\t\t\t<\/a>\n\t\t\t\t<\/div>\n\t\t\t\t\t\t\t\t<\/div>\n\t\t\t\t<\/div>\n\t\t\t\t<div class=\"elementor-element elementor-element-79085ab elementor-align-justify elementor-widget__width-initial elementor-widget elementor-widget-button\" data-id=\"79085ab\" data-element_type=\"widget\" data-widget_type=\"button.default\">\n\t\t\t\t<div class=\"elementor-widget-container\">\n\t\t\t\t\t\t\t\t\t<div class=\"elementor-button-wrapper\">\n\t\t\t\t\t<a class=\"elementor-button elementor-button-link elementor-size-sm\" href=\"https:\/\/2025.umtt.fi\/sv\/tyoterveyskyselyt\/\">\n\t\t\t\t\t\t<span class=\"elementor-button-content-wrapper\">\n\t\t\t\t\t\t\t\t\t<span class=\"elementor-button-text\">ty\u00f6terveyskyselyt<\/span>\n\t\t\t\t\t<\/span>\n\t\t\t\t\t<\/a>\n\t\t\t\t<\/div>\n\t\t\t\t\t\t\t\t<\/div>\n\t\t\t\t<\/div>\n\t\t\t\t<div class=\"elementor-element elementor-element-54037e8 elementor-align-justify elementor-widget__width-initial elementor-widget elementor-widget-button\" data-id=\"54037e8\" data-element_type=\"widget\" data-widget_type=\"button.default\">\n\t\t\t\t<div class=\"elementor-widget-container\">\n\t\t\t\t\t\t\t\t\t<div class=\"elementor-button-wrapper\">\n\t\t\t\t\t<a class=\"elementor-button elementor-button-link elementor-size-sm\" href=\"https:\/\/2025.umtt.fi\/sv\/palaute\/\">\n\t\t\t\t\t\t<span class=\"elementor-button-content-wrapper\">\n\t\t\t\t\t\t\t\t\t<span class=\"elementor-button-text\">palaute<\/span>\n\t\t\t\t\t<\/span>\n\t\t\t\t\t<\/a>\n\t\t\t\t<\/div>\n\t\t\t\t\t\t\t\t<\/div>\n\t\t\t\t<\/div>\n\t\t\t\t<div class=\"elementor-element elementor-element-7cfc4ee elementor-align-justify elementor-widget__width-initial elementor-widget elementor-widget-button\" data-id=\"7cfc4ee\" data-element_type=\"widget\" data-widget_type=\"button.default\">\n\t\t\t\t<div class=\"elementor-widget-container\">\n\t\t\t\t\t\t\t\t\t<div class=\"elementor-button-wrapper\">\n\t\t\t\t\t<a class=\"elementor-button elementor-button-link elementor-size-sm\" href=\"https:\/\/2025.umtt.fi\/sv\/yhteystiedot\/\">\n\t\t\t\t\t\t<span class=\"elementor-button-content-wrapper\">\n\t\t\t\t\t\t\t\t\t<span class=\"elementor-button-text\">toimipaikat<\/span>\n\t\t\t\t\t<\/span>\n\t\t\t\t\t<\/a>\n\t\t\t\t<\/div>\n\t\t\t\t\t\t\t\t<\/div>\n\t\t\t\t<\/div>\n\t\t\t\t<\/div>\n\t\t\t\t<\/div>\n\t\t<div class=\"elementor-element elementor-element-2d6c27d e-con-full e-flex e-con e-child\" data-id=\"2d6c27d\" data-element_type=\"container\">\n\t\t\t\t<div class=\"elementor-element elementor-element-02fd44b elementor-widget elementor-widget-heading\" data-id=\"02fd44b\" data-element_type=\"widget\" data-widget_type=\"heading.default\">\n\t\t\t\t<div class=\"elementor-widget-container\">\n\t\t\t\t\t<h2 class=\"elementor-heading-title elementor-size-default\">Ajankohtaista<\/h2>\t\t\t\t<\/div>\n\t\t\t\t<\/div>\n\t\t\t\t<div class=\"elementor-element elementor-element-ead374b elementor-widget elementor-widget-text-editor\" data-id=\"ead374b\" data-element_type=\"widget\" data-widget_type=\"text-editor.default\">\n\t\t\t\t<div class=\"elementor-widget-container\">\n\t\t\t\t\t\t\t\t\t<p>Alle p\u00e4ivit\u00e4mme ajankohtaisia tiedotteita ja uutisia.<\/p>\t\t\t\t\t\t\t\t<\/div>\n\t\t\t\t<\/div>\n\t\t\t\t<\/div>\n\t\t\t\t\t<\/div>\n\t\t\t\t<\/div>\n\t\t<div class=\"elementor-element elementor-element-bc97da4 e-flex e-con-boxed e-con e-parent\" data-id=\"bc97da4\" data-element_type=\"container\">\n\t\t\t\t\t<div class=\"e-con-inner\">\n\t\t\t\t<div class=\"elementor-element elementor-element-04cc52b elementor-widget elementor-widget-hfe-basic-posts\" data-id=\"04cc52b\" data-element_type=\"widget\" data-widget_type=\"hfe-basic-posts.default\">\n\t\t\t\t<div class=\"elementor-widget-container\">\n\t\t\t\t\t\n<div class=\"hfe-posts-grid\">\n\t\t\t<article class=\"hfe-post-card\">\n\t\t\t\t\t\t\t<div class=\"hfe-post-image\">\n\t\t\t\t\t<a href=\"https:\/\/2025.umtt.fi\/sv\/uusi-yhteistyokumppani-laboratoriopalveluissa\/\" rel=\"bookmark\">\n\t\t\t\t\t\t<img loading=\"lazy\" decoding=\"async\" width=\"199\" height=\"300\" src=\"https:\/\/2025.umtt.fi\/wp-content\/uploads\/2026\/01\/ajankohtaista-wp-199x300.png\" class=\"attachment-medium size-medium wp-post-image\" alt=\"Uusi yhteisty\u00f6kumppani laboratoriopalveluissa\" srcset=\"https:\/\/2025.umtt.fi\/wp-content\/uploads\/2026\/01\/ajankohtaista-wp-199x300.png 199w, https:\/\/2025.umtt.fi\/wp-content\/uploads\/2026\/01\/ajankohtaista-wp.png 376w\" sizes=\"auto, (max-width: 199px) 100vw, 199px\" title=\"Uusi yhteisty\u00f6kumppani laboratoriopalveluissa\">\t\t\t\t\t<\/a>\n\t\t\t\t<\/div>\n\t\t\t\n\t\t\t<div class=\"hfe-post-content\">\n\t\t\t\t\t\t\t\t\t<h3 class=\"hfe-post-title\">\n\t\t\t\t\t\t<a href=\"https:\/\/2025.umtt.fi\/sv\/uusi-yhteistyokumppani-laboratoriopalveluissa\/\" rel=\"bookmark\">\n\t\t\t\t\t\t\tUusi yhteisty\u00f6kumppani laboratoriopalveluissa\t\t\t\t\t\t<\/a>\n\t\t\t\t\t<\/h3>\n\t\t\t\t\n\t\t\t\t\t\t\t\t\t<div class=\"hfe-post-meta\">\n\t\t\t\t\t\t<span class=\"hfe-post-date\">februari 12, 2026<\/span><span class=\"hfe-meta-separator\"> | <\/span><span class=\"hfe-post-author\">by Veera Lahtinen<\/span>\t\t\t\t\t<\/div>\n\t\t\t\t\n\t\t\t\t\t\t\t\t\t<div class=\"hfe-post-excerpt\">\n\t\t\t\t\t\tArvoTerveys mukana Lohjalla, Nummelassa ja Porvoossa Olemme iloisia voidessamme ilmoittaa, ett\u00e4 ArvoTerveys on nyt virallinen yhteisty\u00f6kumppanimme Lohjan, Nummelan ja Porvoon...\t\t\t\t\t<\/div>\n\t\t\t\t\n\t\t\t\t\t\t\t\t\t<a href=\"https:\/\/2025.umtt.fi\/sv\/uusi-yhteistyokumppani-laboratoriopalveluissa\/\" class=\"hfe-read-more\" rel=\"bookmark\">\n\t\t\t\t\t\tLue lis\u00e4\u00e4 \u2192\t\t\t\t\t<\/a>\n\t\t\t\t\t\t\t<\/div>\n\t\t<\/article>\n\t\t\t\t<article class=\"hfe-post-card\">\n\t\t\t\t\t\t\t<div class=\"hfe-post-image\">\n\t\t\t\t\t<a href=\"https:\/\/2025.umtt.fi\/sv\/hello-world\/\" rel=\"bookmark\">\n\t\t\t\t\t\t<img loading=\"lazy\" decoding=\"async\" width=\"300\" height=\"178\" src=\"https:\/\/2025.umtt.fi\/wp-content\/uploads\/2025\/08\/umtt_kadet-300x178.jpg\" class=\"attachment-medium size-medium wp-post-image\" alt=\"Toimipaikkamme on suljettu koko henkil\u00f6st\u00f6n kehitt\u00e4misp\u00e4iv\u00e4n vuoksi 30.1.2026\" srcset=\"https:\/\/2025.umtt.fi\/wp-content\/uploads\/2025\/08\/umtt_kadet-300x178.jpg 300w, https:\/\/2025.umtt.fi\/wp-content\/uploads\/2025\/08\/umtt_kadet.jpg 456w\" sizes=\"auto, (max-width: 300px) 100vw, 300px\" title=\"Toimipaikkamme on suljettu koko henkil\u00f6st\u00f6n kehitt\u00e4misp\u00e4iv\u00e4n vuoksi 30.1.2026\">\t\t\t\t\t<\/a>\n\t\t\t\t<\/div>\n\t\t\t\n\t\t\t<div class=\"hfe-post-content\">\n\t\t\t\t\t\t\t\t\t<h3 class=\"hfe-post-title\">\n\t\t\t\t\t\t<a href=\"https:\/\/2025.umtt.fi\/sv\/hello-world\/\" rel=\"bookmark\">\n\t\t\t\t\t\t\tToimipaikkamme on suljettu koko henkil\u00f6st\u00f6n kehitt\u00e4misp\u00e4iv\u00e4n vuoksi 30.1.2026\t\t\t\t\t\t<\/a>\n\t\t\t\t\t<\/h3>\n\t\t\t\t\n\t\t\t\t\t\t\t\t\t<div class=\"hfe-post-meta\">\n\t\t\t\t\t\t<span class=\"hfe-post-date\">augusti 26, 2025<\/span><span class=\"hfe-meta-separator\"> | <\/span><span class=\"hfe-post-author\">by admin<\/span>\t\t\t\t\t<\/div>\n\t\t\t\t\n\t\t\t\t\t\t\t\t\t<div class=\"hfe-post-excerpt\">\n\t\t\t\t\t\tPerjantaina 30,1,2026 on ty\u00f6terveyshenkil\u00f6st\u00f6n koko p\u00e4iv\u00e4n kest\u00e4v\u00e4 kehitt\u00e4misp\u00e4iv\u00e4, jolloin kaikki toimipaikkamme ovat suljettuna. Kiireellisiss\u00e4 tapauksissa ottakaa yhteytt\u00e4 oman paikkakuntanne terveyskeskukseen...\t\t\t\t\t<\/div>\n\t\t\t\t\n\t\t\t\t\t\t\t\t\t<a href=\"https:\/\/2025.umtt.fi\/sv\/hello-world\/\" class=\"hfe-read-more\" rel=\"bookmark\">\n\t\t\t\t\t\tLue lis\u00e4\u00e4 \u2192\t\t\t\t\t<\/a>\n\t\t\t\t\t\t\t<\/div>\n\t\t<\/article>\n\t\t<\/div>\n\t\t\t\t<\/div>\n\t\t\t\t<\/div>\n\t\t\t\t\t<\/div>\n\t\t\t\t<\/div>\n\t\t\t\t<\/div>","protected":false},"excerpt":{"rendered":"<p>Yritysten, yritt\u00e4jien ja maatalousyritt\u00e4jien ty\u00f6terveyshuolto https:\/\/2025.umtt.fi\/wp-content\/uploads\/2026\/04\/LUTT-Video-2.mov Lis\u00e4tietoa 20.5.2026 Uudenmaan Ty\u00f6terveyden verkkosivut on uusittu. Uudistetut sivut tarjovat aiempaa selke\u00e4m\u00e4\u00e4n ja k\u00e4ytt\u00e4j\u00e4yst\u00e4vllisemm\u00e4n kokonaisuuden sek\u00e4 ajantasaisen tiedon palveluistamme. Tutustu suuiin verkkosivuihimme! 29.1.2025 Tutustu sopimustasoihin ja yleisimpiin hintoihin. lis\u00e4tietoa 1.1.2024 1.1.2024 alkaen sosiaali- ja potilasasiavastaavina toimivat asiointipaikan hyvinvointialueen tai kaupungin (Helsinki) sosiaali- ja potilasasiavastaavat. Pikavalinnat polku (ty\u00f6ntekij\u00e4lle) suunta (ty\u00f6nantajalle) [&hellip;]<\/p>\n","protected":false},"author":3,"featured_media":0,"parent":0,"menu_order":0,"comment_status":"closed","ping_status":"closed","template":"","meta":{"_uag_custom_page_level_css":"","site-sidebar-layout":"no-sidebar","site-content-layout":"page-builder","ast-site-content-layout":"full-width-container","site-content-style":"unboxed","site-sidebar-style":"unboxed","ast-global-header-display":"","ast-banner-title-visibility":"","ast-main-header-display":"","ast-hfb-above-header-display":"","ast-hfb-below-header-display":"","ast-hfb-mobile-header-display":"","site-post-title":"disabled","ast-breadcrumbs-content":"","ast-featured-img":"disabled","footer-sml-layout":"","ast-disable-related-posts":"","theme-transparent-header-meta":"enabled","adv-header-id-meta":"","stick-header-meta":"","header-above-stick-meta":"","header-main-stick-meta":"","header-below-stick-meta":"","astra-migrate-meta-layouts":"set","ast-page-background-enabled":"default","ast-page-background-meta":{"desktop":{"background-color":"","background-image":"","background-repeat":"repeat","background-position":"center center","background-size":"auto","background-attachment":"scroll","background-type":"","background-media":"","overlay-type":"","overlay-color":"","overlay-opacity":"","overlay-gradient":""},"tablet":{"background-color":"","background-image":"","background-repeat":"repeat","background-position":"center center","background-size":"auto","background-attachment":"scroll","background-type":"","background-media":"","overlay-type":"","overlay-color":"","overlay-opacity":"","overlay-gradient":""},"mobile":{"background-color":"","background-image":"","background-repeat":"repeat","background-position":"center center","background-size":"auto","background-attachment":"scroll","background-type":"","background-media":"","overlay-type":"","overlay-color":"","overlay-opacity":"","overlay-gradient":""}},"ast-content-background-meta":{"desktop":{"background-color":"var(--ast-global-color-5)","background-image":"","background-repeat":"repeat","background-position":"center center","background-size":"auto","background-attachment":"scroll","background-type":"","background-media":"","overlay-type":"","overlay-color":"","overlay-opacity":"","overlay-gradient":""},"tablet":{"background-color":"var(--ast-global-color-5)","background-image":"","background-repeat":"repeat","background-position":"center center","background-size":"auto","background-attachment":"scroll","background-type":"","background-media":"","overlay-type":"","overlay-color":"","overlay-opacity":"","overlay-gradient":""},"mobile":{"background-color":"var(--ast-global-color-5)","background-image":"","background-repeat":"repeat","background-position":"center center","background-size":"auto","background-attachment":"scroll","background-type":"","background-media":"","overlay-type":"","overlay-color":"","overlay-opacity":"","overlay-gradient":""}},"footnotes":""},"class_list":["post-1463","page","type-page","status-publish","hentry"],"uagb_featured_image_src":{"full":false,"thumbnail":false,"medium":false,"medium_large":false,"large":false,"1536x1536":false,"2048x2048":false,"trp-custom-language-flag":false},"uagb_author_info":{"display_name":"Veera Lahtinen","author_link":"https:\/\/2025.umtt.fi\/sv\/author\/veera\/"},"uagb_comment_info":0,"uagb_excerpt":"Yritysten, yritt\u00e4jien ja maatalousyritt\u00e4jien ty\u00f6terveyshuolto https:\/\/2025.umtt.fi\/wp-content\/uploads\/2026\/04\/LUTT-Video-2.mov Lis\u00e4tietoa 20.5.2026 Uudenmaan Ty\u00f6terveyden verkkosivut on uusittu. Uudistetut sivut tarjovat aiempaa selke\u00e4m\u00e4\u00e4n ja k\u00e4ytt\u00e4j\u00e4yst\u00e4vllisemm\u00e4n kokonaisuuden sek\u00e4 ajantasaisen tiedon palveluistamme. Tutustu suuiin verkkosivuihimme! 29.1.2025 Tutustu sopimustasoihin ja yleisimpiin hintoihin. lis\u00e4tietoa 1.1.2024 1.1.2024 alkaen sosiaali- ja potilasasiavastaavina toimivat asiointipaikan hyvinvointialueen tai kaupungin (Helsinki) sosiaali- ja potilasasiavastaavat. Pikavalinnat polku (ty\u00f6ntekij\u00e4lle) suunta (ty\u00f6nantajalle)&hellip;","_links":{"self":[{"href":"https:\/\/2025.umtt.fi\/sv\/wp-json\/wp\/v2\/pages\/1463","targetHints":{"allow":["GET"]}}],"collection":[{"href":"https:\/\/2025.umtt.fi\/sv\/wp-json\/wp\/v2\/pages"}],"about":[{"href":"https:\/\/2025.umtt.fi\/sv\/wp-json\/wp\/v2\/types\/page"}],"author":[{"embeddable":true,"href":"https:\/\/2025.umtt.fi\/sv\/wp-json\/wp\/v2\/users\/3"}],"replies":[{"embeddable":true,"href":"https:\/\/2025.umtt.fi\/sv\/wp-json\/wp\/v2\/comments?post=1463"}],"version-history":[{"count":104,"href":"https:\/\/2025.umtt.fi\/sv\/wp-json\/wp\/v2\/pages\/1463\/revisions"}],"predecessor-version":[{"id":3482,"href":"https:\/\/2025.umtt.fi\/sv\/wp-json\/wp\/v2\/pages\/1463\/revisions\/3482"}],"wp:attachment":[{"href":"https:\/\/2025.umtt.fi\/sv\/wp-json\/wp\/v2\/media?parent=1463"}],"curies":[{"name":"wp","href":"https:\/\/api.w.org\/{rel}","templated":true}]}}